{"id":696,"date":"2021-03-31T12:20:35","date_gmt":"2021-03-31T12:20:35","guid":{"rendered":"https:\/\/fidesmv.es\/?page_id=696"},"modified":"2024-10-29T10:52:56","modified_gmt":"2024-10-29T10:52:56","slug":"datenschutzrichtlinie","status":"publish","type":"page","link":"https:\/\/fidesmv.es\/?page_id=696&lang=de","title":{"rendered":"Datenschutzrichtlinie"},"content":{"rendered":"<p>[et_pb_section fb_built=\u00bb1&#8243; _builder_version=\u00bb4.16&#8243; _module_preset=\u00bbdefault\u00bb global_colors_info=\u00bb{}\u00bb][et_pb_row _builder_version=\u00bb4.16&#8243; _module_preset=\u00bbdefault\u00bb global_colors_info=\u00bb{}\u00bb][et_pb_column type=\u00bb4_4&#8243; _builder_version=\u00bb4.16&#8243; _module_preset=\u00bbdefault\u00bb global_colors_info=\u00bb{}\u00bb][et_pb_text _builder_version=\u00bb4.27.2&#8243; _module_preset=\u00bbdefault\u00bb custom_padding=\u00bb|70px||50px|false|false\u00bb custom_padding_tablet=\u00bb\u00bb custom_padding_phone=\u00bb|0px||0px|false|true\u00bb custom_padding_last_edited=\u00bbon|phone\u00bb locked=\u00bboff\u00bb global_colors_info=\u00bb{}\u00bb]<\/p>\n<h1><strong>Datenschutzerkl\u00e4rung<\/strong><\/h1>\n<p>&nbsp;<\/p>\n<p>In \u00dcbereinstimmung mit der Verordnung (EU) 2016\/679 des Europ\u00e4ischen Parlaments und des Rates vom 27. April 2016 zum Schutz nat\u00fcrlicher Personen bei der Verarbeitung personenbezogener Daten, die die Richtlinie 95\/46\/EG (im Folgenden , RGPD), des Gesetzes 34\/2002 vom 11. Juli \u00fcber Dienste der Informationsgesellschaft und des elektronischen Gesch\u00e4ftsverkehrs (im Folgenden lssi-ce) und des organischen Gesetzes 3\/2018 \u00fcber den Schutz personenbezogener Daten und die Gew\u00e4hrleistung digitaler Rechte <strong><span>FIDES AUDIT ASSURANCE, SL<\/span><\/strong> garantiert den Schutz und die Vertraulichkeit von personenbezogenen Daten jeglicher Art, die von unseren Kunden bereitgestellt werden, gem\u00e4\u00df den Bestimmungen der allgemeinen Vorschriften zum Schutz personenbezogener Daten .<\/p>\n<p>Die Datenschutzpolitik von <strong><span>FIDES AUDIT ASSURANCE, SL<\/span><\/strong> beruht auf dem Grundsatz der proaktiven Verantwortung, wonach der Verantwortliche f\u00fcr die Einhaltung des Rechtsrahmens und der Rechtsprechung verantwortlich ist gegen\u00fcber den entsprechenden Kontrollbeh\u00f6rden nachweisen k\u00f6nnen.<\/p>\n<p>Die bereitgestellten Daten werden gem\u00e4\u00df den in der RGPD festgelegten Bedingungen behandelt, in diesem Sinne<strong> <span>FIDES AUDIT ASSURANCE, SL<\/span><\/strong> hat die gesetzlich vorgeschriebenen Schutzniveaus angenommen und hat alle verf\u00fcgbaren technischen Ma\u00dfnahmen installiert haben, um Verlust, Missbrauch, Ver\u00e4nderung und unbefugten Zugriff durch Dritte zu verhindern, wie unten beschrieben. Der Benutzer muss sich jedoch dar\u00fcber im Klaren sein, dass Internet-Sicherheitsma\u00dfnahmen nicht unangreifbar sind.<\/p>\n<p>&nbsp;<\/p>\n<p><strong>Verantwortlich f\u00fcr die Behandlung: <\/strong><\/p>\n<p><strong>Name: <\/strong> <strong><span>FIDES AUDIT ASSURANCE, S.L<\/span><\/strong><\/p>\n<p><strong>CIF:<\/strong> <span>B96.430.178<\/span><\/p>\n<p><strong>Adresse:<\/strong> <span>C\/ Col\u00f3n n\u00ba 1 \u2013 CP 46004 Valencia<\/span><\/p>\n<p><strong>Telefon:\u00a0 <\/strong>96 352 46 11<\/p>\n<p><strong>E-Mail: <\/strong> <a href=\"mailto:valencia@fidesmv.es\" target=\"_blank\" rel=\"noopener\">valencia@fidesmv.es<\/a><\/p>\n<p>&nbsp;<\/p>\n<p><strong>Zweck der Behandlung<\/strong>:<\/p>\n<p>Alle Daten, die von unseren Kunden und\/oder Besuchern der Website von <strong><span>FIDES AUDIT ASSURANCE, SL<\/span><\/strong> oder seinen Mitarbeitern bereitgestellt werden, werden in das Datenverarbeitungsaktivit\u00e4tsprotokoll personenbezogener Art aufgenommen,\u00a0erstellt und gepflegt unter der Verantwortung von <strong><span>FIDES AUDIT ASSURANCE, S.L<\/span><\/strong>, die f\u00fcr die Bereitstellung der von den Benutzern angeforderten Dienste oder zur Kl\u00e4rung von Zweifeln oder Fragen unserer Besucher unerl\u00e4sslich sind. Unsere Richtlinie besteht darin, keine Profile \u00fcber die Benutzer unserer Dienste zu erstellen.<\/p>\n<p>&nbsp;<\/p>\n<p>&nbsp;<\/p>\n<p><strong>Rechtm\u00e4\u00dfigkeit der Behandlung:<\/strong><\/p>\n<p>&nbsp;<\/p>\n<ol>\n<li>A) Vertragsverh\u00e4ltnis: Es gilt, wenn Sie eines unserer Produkte kaufen oder eine unserer Dienstleistungen in Anspruch nehmen.<\/li>\n<\/ol>\n<p>&nbsp;<\/p>\n<ol>\n<li>B) Berechtigtes Interesse: Bearbeitung von Anfragen und Anspr\u00fcchen, die Sie erheben, und Verwaltung der Einziehung geschuldeter Betr\u00e4ge.<\/li>\n<\/ol>\n<p>&nbsp;<\/p>\n<ol>\n<ol>\n<li>C) Ihre Zustimmung: Wenn Sie ein Benutzer unserer Website sind, autorisieren Sie uns durch Aktivieren des K\u00e4stchens, das auf dem Kontaktformular erscheint, uns, Ihnen die notwendigen Mitteilungen zu senden, um auf die gestellte Anfrage oder Informationsanfrage zu antworten.<\/li>\n<\/ol>\n<\/ol>\n<p>&nbsp;<\/p>\n<p>&nbsp;<\/p>\n<p><strong>Empf\u00e4nger:<\/strong><\/p>\n<p>Wir geben Ihre personenbezogenen Daten an niemanden weiter, au\u00dfer an \u00f6ffentliche oder private Einrichtungen, denen wir Ihre personenbezogenen Daten zur Verf\u00fcgung stellen m\u00fcssen, um Gesetze einzuhalten. Beispielsweise verlangt das Steuerrecht von der Finanzbeh\u00f6rde bestimmte Angaben zu wirtschaftlichen Vorg\u00e4ngen, die eine bestimmte H\u00f6he \u00fcberschreiten.<\/p>\n<p>F\u00fcr den Fall, dass wir, abgesehen von den genannten F\u00e4llen, Ihre personenbezogenen Daten an andere Stellen weitergeben m\u00fcssen, werden wir Sie zuvor durch klare Optionen um Ihre Zustimmung bitten, die es Ihnen erm\u00f6glichen, diesbez\u00fcglich zu entscheiden.<\/p>\n<p>&nbsp;<\/p>\n<p><strong>Mitteilung:<\/strong><\/p>\n<p>Wir nehmen keine internationalen \u00dcbermittlungen Ihrer personenbezogenen Daten f\u00fcr einen der angegebenen Zwecke vor.<\/p>\n<p>&nbsp;<\/p>\n<p><strong>Erhaltung:<\/strong><\/p>\n<p>Wir bewahren Ihre personenbezogenen Daten nur so lange auf, wie dies zur Erreichung der Zwecke, f\u00fcr die sie erhoben wurden, erforderlich ist. Bei der Bestimmung der angemessenen Aufbewahrungsfrist pr\u00fcfen wir die mit der Behandlung verbundenen Risiken sowie unsere vertraglichen, gesetzlichen und beh\u00f6rdlichen Verpflichtungen, internen Richtlinien zur Datenspeicherung und unsere legitimen Gesch\u00e4ftsinteressen, die in dieser Datenschutzerkl\u00e4rung und der Cookie-Richtlinie beschrieben sind.<\/p>\n<p>In diesem Sinne wird <strong><span>FIDES AUDIT ASSURANCE, S.L<\/span><\/strong> die personenbezogenen Daten nach Beendigung der Gesch\u00e4ftsbeziehung mit Ihnen ordnungsgem\u00e4\u00df gesperrt w\u00e4hrend der Dauer der Ver\u00f6ffentlichung aufbewahren Beschreibung der Ma\u00dfnahmen, die sich aus der mit der interessierten Partei unterhaltenen Beziehung ergeben k\u00f6nnen.<\/p>\n<p>Nach der Sperrung sind Ihre Daten f\u00fcr <strong><span>FIDES AUDIT ASSURANCE, SL<\/span><\/strong> unzug\u00e4nglich und werden nicht verarbeitet, au\u00dfer um sie \u00f6ffentlichen Verwaltungen, Richtern und Gerichten zur Behandlung zur Verf\u00fcgung zu stellen der m\u00f6glichen Verantwortlichkeiten, die sich aus den Behandlungen ergeben, sowie f\u00fcr die Aus\u00fcbung und Verteidigung von Anspr\u00fcchen vor der spanischen Datenschutzbeh\u00f6rde.<\/p>\n<p>&nbsp;<\/p>\n<p><strong>Sicherheit:<\/strong><\/p>\n<p>Wir unternehmen alle angemessenen Anstrengungen, um die Vertraulichkeit der auf unseren Systemen verarbeiteten personenbezogenen Daten zu wahren. Wir halten ein strenges Sicherheitsniveau ein, um die von uns verarbeiteten personenbezogenen Daten vor zuf\u00e4lligem Verlust und unbefugtem Zugriff, Verarbeitung oder Offenlegung zu sch\u00fctzen, wobei wir den Stand der Technik, die Art und die Risiken, denen die Daten ausgesetzt sind, ber\u00fccksichtigen. Wir k\u00f6nnen jedoch nicht f\u00fcr die Verwendung der von Ihnen auf unserer Website verwendeten Daten (einschlie\u00dflich Benutzername und Passwort) verantwortlich gemacht werden.<\/p>\n<p>Unsere Mitarbeiter befolgen strenge Datenschutzstandards, und wenn wir Dritte mit der Bereitstellung von Supportdiensten beauftragen, verlangen wir von ihnen, dass sie dieselben Standards einhalten, und gestatten uns, sie auf Einhaltung zu pr\u00fcfen.<\/p>\n<p>&nbsp;<\/p>\n<p><strong> <\/strong><strong>Ihre Rechte:<\/strong><\/p>\n<p><strong>Wir informieren Sie, dass Sie die folgenden Rechte aus\u00fcben k\u00f6nnen:<\/strong><\/p>\n<ol>\n<li>A) Recht auf Zugang zu Ihren personenbezogenen Daten, um zu erfahren, welche verarbeitet werden und welche Verarbeitungsvorg\u00e4nge damit durchgef\u00fchrt werden;<\/li>\n<\/ol>\n<p>&nbsp;<\/p>\n<ol>\n<li>B) Recht auf Berichtigung unrichtiger personenbezogener Daten;<\/li>\n<\/ol>\n<p>&nbsp;<\/p>\n<ol>\n<li>C) Recht auf L\u00f6schung Ihrer personenbezogenen Daten, wenn dies m\u00f6glich ist (z. B. aufgrund einer gesetzlichen Verpflichtung);<\/li>\n<\/ol>\n<p>&nbsp;<\/p>\n<ol>\n<li>D) Recht auf Einschr\u00e4nkung der Verarbeitung Ihrer personenbezogenen Daten, wenn Zweifel an der Richtigkeit, Rechtm\u00e4\u00dfigkeit oder Notwendigkeit der Datenverarbeitung bestehen, in diesem Fall k\u00f6nnen wir sie zur Geltendmachung oder Verteidigung von Anspr\u00fcchen aufbewahren.<\/li>\n<\/ol>\n<p>&nbsp;<\/p>\n<ol>\n<li>E) Recht auf Widerspruch gegen die Verarbeitung Ihrer personenbezogenen Daten, wenn die Rechtsgrundlage, die uns die Verarbeitung der angegebenen Daten erm\u00f6glicht, unser berechtigtes Interesse <strong><span>FIDES AUDIT ASSURANCE, SL<\/span>&lt;\/strong ist &gt; wird die Verarbeitung Ihrer Daten einstellen, es sei denn, dies hat ein berechtigtes Interesse oder ist zur Abwehr von Anspr\u00fcchen erforderlich.<\/strong><\/li>\n<\/ol>\n<p>&nbsp;<\/p>\n<ol>\n<li>F) Recht auf \u00dcbertragbarkeit Ihrer Daten, wenn die Rechtsgrundlage, die uns die Verarbeitung erm\u00f6glicht, das Bestehen eines Vertragsverh\u00e4ltnisses oder Ihre Einwilligung ist.<\/li>\n<\/ol>\n<p>&nbsp;<\/p>\n<ol>\n<li>G) Recht auf Widerruf der Einwilligung, die <strong><span>FIDES AUDIT ASSURANCE, SL<\/span><\/strong> erteilt wurde, um Ihre Rechte auszu\u00fcben, Sie k\u00f6nnen dies kostenlos und jederzeit tun, indem Sie uns kontaktieren uns unter der Adresse <span>C\/ Col\u00f3n n\u00ba 1 \u2013 Planta 7 CP 46004 Valencia<\/span> (Spanien) und f\u00fcgen Sie eine Kopie Ihres Personalausweises bei.<\/li>\n<\/ol>\n<p>&nbsp;<\/p>\n<p><strong>Wahrung der Rechte:<\/strong><\/p>\n<p>Falls Sie verstehen, dass Ihre Rechte von unserem Unternehmen vernachl\u00e4ssigt wurden, k\u00f6nnen Sie eine Beschwerde bei der spanischen Datenschutzbeh\u00f6rde auf einem der folgenden Wege einreichen:<\/p>\n<p>Elektronisches B\u00fcro: https:\/\/www.aepd.es [1]<\/p>\n<p>Post: Spanische Datenschutzbeh\u00f6rde, C \/ Jorge Juan, 6, 28001, Madrid<\/p>\n<p>Telefon:\u00a0 912 663 517<\/p>\n<p>Die Einreichung einer Beschwerde bei der spanischen Datenschutzbeh\u00f6rde ist mit keinen Kosten verbunden und die Unterst\u00fctzung eines Anwalts oder Anwalts ist nicht erforderlich.<\/p>\n<p>&nbsp;<\/p>\n<p>Aktualisierungen und \u00c4nderungen in der Datenschutzerkl\u00e4rung:<\/p>\n<p><strong><span>FIDES AUDIT ASSURANCE, S.L <\/span><\/strong> beh\u00e4lt sich das Recht vor, diese Richtlinie zu \u00e4ndern, um sie an neue Gesetze anzupassen<\/p>\n<p>oder Rechtsprechung, die deren Einhaltung beeintr\u00e4chtigen k\u00f6nnten. Um die Einhaltung der Vorschriften zum Schutz personenbezogener Daten zu gew\u00e4hrleisten.<\/p>\n<p>[\/et_pb_text][\/et_pb_column][\/et_pb_row][\/et_pb_section][et_pb_section fb_built=\u00bb1&#8243; _builder_version=\u00bb4.7.7&#8243; _module_preset=\u00bbdefault\u00bb background_color=\u00bb#f9f9f9&#8243; custom_padding=\u00bb20px||20px||false|false\u00bb global_module=\u00bb576&#8243; locked=\u00bboff\u00bb global_colors_info=\u00bb{}\u00bb][et_pb_row _builder_version=\u00bb4.16&#8243; _module_preset=\u00bbdefault\u00bb global_colors_info=\u00bb{}\u00bb][et_pb_column type=\u00bb4_4&#8243; _builder_version=\u00bb4.16&#8243; _module_preset=\u00bbdefault\u00bb global_colors_info=\u00bb{}\u00bb][et_pb_image src=\u00bbhttps:\/\/fidesmv.es\/wp-content\/uploads\/2021\/01\/Logo-1-e1729882188857.png\u00bb alt=\u00bbabout fides\u00bb title_text=\u00bbLogo\u00bb _builder_version=\u00bb4.27.2&#8243; _module_preset=\u00bbdefault\u00bb width=\u00bb15%\u00bb width_tablet=\u00bb\u00bb width_phone=\u00bb50%\u00bb width_last_edited=\u00bbon|phone\u00bb module_alignment=\u00bbcenter\u00bb global_colors_info=\u00bb{}\u00bb][\/et_pb_image][et_pb_text _builder_version=\u00bb4.17.6&#8243; _module_preset=\u00bb4260ecd1-9a5b-48ac-b974-f79c9d143895&#8243; text_orientation=\u00bbcenter\u00bb global_colors_info=\u00bb{}\u00bb]<\/p>\n<p><span style=\"color: #333333;\"><a href=\"mailto:contactanos@fidesmv.es\" style=\"color: #333333;\">contactanos@fidesmv.es<\/a><\/span><\/p>\n<p>[\/et_pb_text][\/et_pb_column][\/et_pb_row][\/et_pb_section][et_pb_section fb_built=\u00bb1&#8243; _builder_version=\u00bb4.16&#8243; _module_preset=\u00bbdefault\u00bb background_color=\u00bb#434343&#8243; use_background_color_gradient=\u00bbon\u00bb background_color_gradient_stops=\u00bbrgba(67,67,67,0.84) 0%|rgba(67,67,67,0.84) 100%\u00bb background_color_gradient_overlays_image=\u00bbon\u00bb background_color_gradient_start=\u00bbrgba(67,67,67,0.84)\u00bb background_color_gradient_end=\u00bbrgba(67,67,67,0.84)\u00bb background_image=\u00bbhttps:\/\/fidesmv.es\/wp-content\/uploads\/2021\/01\/Objeto-inteligente-vectorial.jpg\u00bb background_blend=\u00bbmultiply\u00bb custom_padding=\u00bb20px||19px||false|false\u00bb background_color_gradient_stops_tablet=\u00bbrgba(67,67,67,0.84) 0%|rgba(67,67,67,0.84) 100%\u00bb background_color_gradient_stops_phone=\u00bbrgba(67,67,67,0.84) 0%|rgba(67,67,67,0.84) 100%\u00bb global_module=\u00bb575&#8243; global_colors_info=\u00bb{}\u00bb][et_pb_row column_structure=\u00bb1_4,1_4,1_4,1_4&#8243; use_custom_gutter=\u00bbon\u00bb gutter_width=\u00bb1&#8243; _builder_version=\u00bb4.27.2&#8243; _module_preset=\u00bbdefault\u00bb width=\u00bb100%\u00bb max_width=\u00bb1152px\u00bb global_colors_info=\u00bb{}\u00bb][et_pb_column type=\u00bb1_4&#8243; _builder_version=\u00bb4.16&#8243; _module_preset=\u00bbdefault\u00bb global_colors_info=\u00bb{}\u00bb][et_pb_text _builder_version=\u00bb4.27.2&#8243; _module_preset=\u00bb2dadd8f8-0248-4bd9-b956-b1a9c0004a6c\u00bb text_font_size=\u00bb12px\u00bb text_orientation=\u00bbcenter\u00bb global_colors_info=\u00bb{}\u00bb]<a href=\"https:\/\/fidesmv.es\/?page_id=639&#038;lang=de\"><span style=\"color: #ffffff;\">\u00dcBER UNS<\/span><\/a>[\/et_pb_text][\/et_pb_column][et_pb_column type=\u00bb1_4&#8243; _builder_version=\u00bb4.16&#8243; _module_preset=\u00bbdefault\u00bb global_colors_info=\u00bb{}\u00bb][et_pb_text _builder_version=\u00bb4.27.2&#8243; _module_preset=\u00bb2dadd8f8-0248-4bd9-b956-b1a9c0004a6c\u00bb text_font_size=\u00bb12px\u00bb global_colors_info=\u00bb{}\u00bb]<a href=\"https:\/\/fidesmv.es\/?page_id=645&#038;lang=de\"><span style=\"color: #ffffff;\">WIRTSCHAFTSPR\u00dcFUNG<\/span><\/a>[\/et_pb_text][\/et_pb_column][et_pb_column type=\u00bb1_4&#8243; _builder_version=\u00bb4.16&#8243; _module_preset=\u00bbdefault\u00bb global_colors_info=\u00bb{}\u00bb][et_pb_text _builder_version=\u00bb4.27.2&#8243; _module_preset=\u00bb2dadd8f8-0248-4bd9-b956-b1a9c0004a6c\u00bb text_font_size=\u00bb12px\u00bb text_orientation=\u00bbcenter\u00bb locked=\u00bboff\u00bb global_colors_info=\u00bb{}\u00bb]<a href=\"https:\/\/fidesmv.es\/?page_id=658&#038;lang=de\"><span style=\"color: #ffffff;\">FORENSIK<\/span><\/a>[\/et_pb_text][\/et_pb_column][et_pb_column type=\u00bb1_4&#8243; _builder_version=\u00bb4.16&#8243; _module_preset=\u00bbdefault\u00bb global_colors_info=\u00bb{}\u00bb][et_pb_text _builder_version=\u00bb4.27.2&#8243; _module_preset=\u00bb2dadd8f8-0248-4bd9-b956-b1a9c0004a6c\u00bb text_font_size=\u00bb12px\u00bb text_orientation=\u00bbcenter\u00bb locked=\u00bboff\u00bb global_colors_info=\u00bb{}\u00bb]<a href=\"https:\/\/fidesmv.es\/?page_id=633&#038;lang=de\"><span style=\"color: #ffffff;\">KONTAKT<\/span><\/a>[\/et_pb_text][\/et_pb_column][\/et_pb_row][et_pb_row _builder_version=\u00bb4.16&#8243; _module_preset=\u00bbdefault\u00bb custom_padding=\u00bb||3px|||\u00bb global_colors_info=\u00bb{}\u00bb][et_pb_column type=\u00bb4_4&#8243; _builder_version=\u00bb4.16&#8243; _module_preset=\u00bbdefault\u00bb global_colors_info=\u00bb{}\u00bb][et_pb_text _builder_version=\u00bb4.27.2&#8243; _module_preset=\u00bb2dadd8f8-0248-4bd9-b956-b1a9c0004a6c\u00bb text_text_color=\u00bb#a3a3a3&#8243; text_font_size=\u00bb12px\u00bb link_font=\u00bb||||on||||\u00bb link_text_color=\u00bb#a3a3a3&#8243; text_orientation=\u00bbcenter\u00bb global_colors_info=\u00bb{}\u00bb]Fides 2021. Alle Rechte vorbehalten | <a href=\"https:\/\/fidesmv.es\/?page_id=691&#038;lang=de\" target=\"_blank\" rel=\"noopener noreferrer\">Rechtlicher Hinweis<\/a> | <a href=\"https:\/\/fidesmv.es\/?page_id=696&#038;lang=de\" target=\"_blank\" rel=\"noopener noreferrer\">Datenschutzrichtlinie<\/a> | <a href=\"https:\/\/fidesmv.es\/?page_id=686&#038;lang=de\" target=\"_blank\" rel=\"noopener noreferrer\">Cookie-Richtlinie<\/a> | <a href=\"https:\/\/fidesmv.es\/?page_id=752&#038;lang=de\" target=\"_blank\" rel=\"noopener noreferrer\">Qualitaetspolitik<\/a> | Entworfen von Kuombo | Entwickelt von <a href=\"https:\/\/dualtec.es\/\" target=\"_blank\" rel=\"noopener noreferrer\">Dualtec<\/a>[\/et_pb_text][\/et_pb_column][\/et_pb_row][\/et_pb_section]<\/p>\n","protected":false},"excerpt":{"rendered":"<p>Datenschutzerkl\u00e4rung &nbsp; In \u00dcbereinstimmung mit der Verordnung (EU) 2016\/679 des Europ\u00e4ischen Parlaments und des Rates vom 27. April 2016 zum Schutz nat\u00fcrlicher Personen bei der Verarbeitung personenbezogener Daten, die die Richtlinie 95\/46\/EG (im Folgenden , RGPD), des Gesetzes 34\/2002 vom 11. Juli \u00fcber Dienste der Informationsgesellschaft und des elektronischen Gesch\u00e4ftsverkehrs (im Folgenden lssi-ce) und des [&hellip;]<\/p>\n","protected":false},"author":1,"featured_media":0,"parent":0,"menu_order":0,"comment_status":"closed","ping_status":"closed","template":"","meta":{"_et_pb_use_builder":"on","_et_pb_old_content":"","_et_gb_content_width":"","footnotes":""},"class_list":["post-696","page","type-page","status-publish","hentry"],"lang":"de","translations":{"de":696,"en":553,"es":407,"fr":680},"pll_sync_post":[],"_links":{"self":[{"href":"https:\/\/fidesmv.es\/index.php?rest_route=\/wp\/v2\/pages\/696","targetHints":{"allow":["GET"]}}],"collection":[{"href":"https:\/\/fidesmv.es\/index.php?rest_route=\/wp\/v2\/pages"}],"about":[{"href":"https:\/\/fidesmv.es\/index.php?rest_route=\/wp\/v2\/types\/page"}],"author":[{"embeddable":true,"href":"https:\/\/fidesmv.es\/index.php?rest_route=\/wp\/v2\/users\/1"}],"replies":[{"embeddable":true,"href":"https:\/\/fidesmv.es\/index.php?rest_route=%2Fwp%2Fv2%2Fcomments&post=696"}],"version-history":[{"count":7,"href":"https:\/\/fidesmv.es\/index.php?rest_route=\/wp\/v2\/pages\/696\/revisions"}],"predecessor-version":[{"id":1425,"href":"https:\/\/fidesmv.es\/index.php?rest_route=\/wp\/v2\/pages\/696\/revisions\/1425"}],"wp:attachment":[{"href":"https:\/\/fidesmv.es\/index.php?rest_route=%2Fwp%2Fv2%2Fmedia&parent=696"}],"curies":[{"name":"wp","href":"https:\/\/api.w.org\/{rel}","templated":true}]}}