{"id":680,"date":"2021-03-31T12:20:35","date_gmt":"2021-03-31T12:20:35","guid":{"rendered":"https:\/\/fidesmv.es\/?page_id=680"},"modified":"2024-10-29T10:52:58","modified_gmt":"2024-10-29T10:52:58","slug":"politique-de-privacite","status":"publish","type":"page","link":"https:\/\/fidesmv.es\/?page_id=680&lang=fr","title":{"rendered":"Pol\u00edtique de Privacit\u00e9"},"content":{"rendered":"<p>[et_pb_section fb_built=\u00bb1&#8243; _builder_version=\u00bb4.16&#8243; _module_preset=\u00bbdefault\u00bb global_colors_info=\u00bb{}\u00bb][et_pb_row _builder_version=\u00bb4.16&#8243; _module_preset=\u00bbdefault\u00bb global_colors_info=\u00bb{}\u00bb][et_pb_column type=\u00bb4_4&#8243; _builder_version=\u00bb4.16&#8243; _module_preset=\u00bbdefault\u00bb global_colors_info=\u00bb{}\u00bb][et_pb_text _builder_version=\u00bb4.27.2&#8243; _module_preset=\u00bbdefault\u00bb custom_padding=\u00bb|70px||50px|false|false\u00bb custom_padding_tablet=\u00bb\u00bb custom_padding_phone=\u00bb|0px||0px|false|true\u00bb custom_padding_last_edited=\u00bbon|phone\u00bb locked=\u00bboff\u00bb global_colors_info=\u00bb{}\u00bb]<\/p>\n<h1><strong>Politique de confidentialit\u00e9<\/strong><\/h1>\n<p>&nbsp;<\/p>\n<p>Conform\u00e9ment au r\u00e8glement (UE) 2016\/679 du Parlement europ\u00e9en et du Conseil du 27 avril 2016 relatif \u00e0 la protection des personnes physiques \u00e0 l&#8217;\u00e9gard du traitement des donn\u00e9es \u00e0 caract\u00e8re personnel, qui abroge la directive 95\/46\/ce (ci-apr\u00e8s , RGPD), de la loi 34\/2002, du 11 juillet, sur les services de la soci\u00e9t\u00e9 de l&#8217;information et du commerce \u00e9lectronique (ci-apr\u00e8s, lssi-ce) et la loi organique 3\/ 2018, sur la protection des donn\u00e9es personnelles et la garantie des droits num\u00e9riques <strong><span>FIDES AUDIT ASSURANCE, SL<\/span><\/strong> garantit la protection et la confidentialit\u00e9 des donn\u00e9es personnelles, de toute nature fournies par nos clients, conform\u00e9ment aux dispositions du r\u00e8glement g\u00e9n\u00e9ral pour la protection des donn\u00e9es personnelles .<\/p>\n<p>La politique de protection des donn\u00e9es de <strong><span>FIDES AUDIT ASSURANCE, SL<\/span><\/strong> repose sur le principe de responsabilit\u00e9 proactive, selon lequel le responsable du traitement est responsable du respect du cadre r\u00e9glementaire et de la jurisprudence, \u00e9tant pouvoir le d\u00e9montrer devant les autorit\u00e9s de contr\u00f4le correspondantes.<\/p>\n<p>Les donn\u00e9es fournies seront trait\u00e9es dans les termes \u00e9tablis dans le RGPD, en ce sens<strong> <span>FIDES AUDIT ASSURANCE, SL<\/span><\/strong> a adopt\u00e9 les niveaux de protection l\u00e9galement requis, et a install\u00e9 toutes les mesures techniques disponibles pour emp\u00eacher la perte, l&#8217;utilisation abusive, l&#8217;alt\u00e9ration, l&#8217;acc\u00e8s non autoris\u00e9 par des tiers, \u00e9nonc\u00e9es ci-dessous. cependant, l&#8217;utilisateur doit \u00eatre conscient que les mesures de s\u00e9curit\u00e9 sur Internet ne sont pas imprenables.<\/p>\n<p>&nbsp;<\/p>\n<p><strong>Responsable du traitement\u00a0: <\/strong><\/p>\n<p><strong>Nom\u00a0: <\/strong> <strong><span>FIDES AUDIT ASSURANCE, S.L<\/span><\/strong><\/p>\n<p><strong>CIF\u00a0:<\/strong> <span>B96.430.178<\/span><\/p>\n<p><strong>Adresse\u00a0:<\/strong> <span>C\/ Col\u00f3n n\u00ba 1 \u2013 CP 46004 Valence<\/span><\/p>\n<p><strong>T\u00e9l\u00e9phone :\u00a0 <\/strong>96 352 46 11<\/p>\n<p><strong>Courriel\u00a0: <\/strong> <a href=\"mailto:valencia@fidesmv.es\" target=\"_blank\" rel=\"noopener\">valencia@fidesmv.es<\/a><\/p>\n<p>&nbsp;<\/p>\n<p><strong>Objectif du traitement<\/strong>\u00a0:<\/p>\n<p>Toutes les donn\u00e9es fournies par nos clients et\/ou visiteurs du site Web de <strong><span>FIDES AUDIT ASSURANCE, SL<\/span><\/strong> ou de son personnel, seront incluses dans le journal des activit\u00e9s de traitement des donn\u00e9es \u00e0 caract\u00e8re personnel, cr\u00e9\u00e9 et maintenu sous la responsabilit\u00e9 de <strong><span>FIDES AUDIT ASSURANCE, S.L<\/span><\/strong> essentiel pour fournir les services demand\u00e9s par les utilisateurs, ou pour r\u00e9soudre les doutes ou les questions soulev\u00e9es par nos visiteurs. Notre politique est de ne pas cr\u00e9er de profils sur les utilisateurs de nos services.<\/p>\n<p>&nbsp;<\/p>\n<p>&nbsp;<\/p>\n<p><strong>L\u00e9gitimit\u00e9 du traitement\u00a0:<\/strong><\/p>\n<p>&nbsp;<\/p>\n<ol>\n<li>A) Relation contractuelle\u00a0: c&#8217;est celle qui s&#8217;applique lorsque vous achetez un de nos produits ou contractez l&#8217;un de nos services.<\/li>\n<\/ol>\n<p>&nbsp;<\/p>\n<ol>\n<li>B) Int\u00e9r\u00eat l\u00e9gitime\u00a0: r\u00e9pondre aux questions et r\u00e9clamations que vous soulevez et g\u00e9rer le recouvrement des sommes dues.<\/li>\n<\/ol>\n<p>&nbsp;<\/p>\n<ol>\n<li>C) Votre consentement\u00a0: si vous \u00eates un utilisateur de notre site Web, en cochant la case qui appara\u00eet sur le formulaire de contact, vous nous autorisez \u00e0 vous envoyer les communications n\u00e9cessaires pour r\u00e9pondre \u00e0 la requ\u00eate ou \u00e0 la demande d&#8217;informations soulev\u00e9e. &lt;\/ li&gt;<\/li>\n<\/ol>\n<p>&nbsp;<\/p>\n<p><strong>Destinataires\u00a0:<\/strong><\/p>\n<p>Nous ne transf\u00e9rons vos donn\u00e9es personnelles \u00e0 personne, \u00e0 l&#8217;exception des entit\u00e9s publiques ou priv\u00e9es auxquelles nous sommes oblig\u00e9s de fournir vos donn\u00e9es personnelles afin de nous conformer \u00e0 toute loi. Par exemple, la loi fiscale oblige l&#8217;administration fiscale \u00e0 fournir certaines informations sur les op\u00e9rations \u00e9conomiques qui d\u00e9passent un certain montant.<\/p>\n<p>Dans le cas o\u00f9, en dehors des cas mentionn\u00e9s, nous devions divulguer vos informations personnelles \u00e0 d&#8217;autres entit\u00e9s, nous vous demanderons au pr\u00e9alable votre autorisation via des options claires qui vous permettront de d\u00e9cider \u00e0 cet \u00e9gard.<\/p>\n<p>&nbsp;<\/p>\n<p><strong>Communication\u00a0:<\/strong><\/p>\n<p>Nous n&#8217;effectuons aucun transfert international de vos donn\u00e9es personnelles pour aucune des finalit\u00e9s indiqu\u00e9es.<\/p>\n<p>&nbsp;<\/p>\n<p><strong>Conservation\u00a0:<\/strong><\/p>\n<p>Nous ne conserverons vos donn\u00e9es personnelles que le temps n\u00e9cessaire \u00e0 la r\u00e9alisation des finalit\u00e9s pour lesquelles elles ont \u00e9t\u00e9 collect\u00e9es. Lors de la d\u00e9termination de la p\u00e9riode de conservation appropri\u00e9e, nous examinons les risques li\u00e9s au traitement, ainsi que nos obligations contractuelles, l\u00e9gales et r\u00e9glementaires, les politiques internes de conservation des donn\u00e9es et nos int\u00e9r\u00eats commerciaux l\u00e9gitimes d\u00e9crits dans le pr\u00e9sent avis de confidentialit\u00e9 et la politique de cookies.<\/p>\n<p>En ce sens, <strong><span>FIDES AUDIT ASSURANCE, S.L<\/span><\/strong> conservera les donn\u00e9es personnelles une fois sa relation avec vous termin\u00e9e, d\u00fbment bloqu\u00e9e, pendant la p\u00e9riode de pr\u00e9s description des actions pouvant d\u00e9couler de la relation entretenue avec l&#8217;int\u00e9ress\u00e9.<\/p>\n<p>Une fois bloqu\u00e9es, vos donn\u00e9es seront inaccessibles \u00e0 <strong><span>FIDES AUDIT ASSURANCE, SL<\/span><\/strong> et ne seront pas trait\u00e9es sauf pour \u00eatre mises \u00e0 la disposition des administrations publiques, des juges et des tribunaux, pour le soin des \u00e9ventuelles responsabilit\u00e9s d\u00e9coulant des traitements, ainsi que pour l&#8217;exercice et la d\u00e9fense des r\u00e9clamations devant l&#8217;agence espagnole de protection des donn\u00e9es.<\/p>\n<p>&nbsp;<\/p>\n<p><strong>S\u00e9curit\u00e9\u00a0:<\/strong><\/p>\n<p>Nous d\u00e9ployons tous les efforts raisonnables pour maintenir la confidentialit\u00e9 des informations personnelles trait\u00e9es sur nos syst\u00e8mes. Nous maintenons des niveaux de s\u00e9curit\u00e9 stricts pour prot\u00e9ger les donn\u00e9es personnelles que nous traitons contre la perte accidentelle et l&#8217;acc\u00e8s, le traitement ou la divulgation non autoris\u00e9s, en tenant compte de l&#8217;\u00e9tat de la technologie, de la nature et des risques auxquels les donn\u00e9es sont expos\u00e9es. Cependant, nous ne pouvons \u00eatre tenus responsables de l&#8217;utilisation que vous faites des donn\u00e9es (notamment nom d&#8217;utilisateur et mot de passe) que vous utilisez sur notre site Web.<\/p>\n<p>Notre personnel suit des normes de confidentialit\u00e9 strictes, et lorsque nous engageons des tiers pour fournir des services d&#8217;assistance, nous leur demandons de respecter les m\u00eames normes et nous permettons de les v\u00e9rifier pour leur conformit\u00e9.<\/p>\n<p>&nbsp;<\/p>\n<p><strong> <\/strong><strong>Vos \u200b\u200bdroits\u00a0:<\/strong><\/p>\n<p><strong>Nous vous informons que vous pouvez exercer les droits suivants\u00a0:<\/strong><\/p>\n<ol>\n<li>A) Droit d&#8217;acc\u00e8s \u00e0 vos donn\u00e9es personnelles, pour savoir lesquelles sont trait\u00e9es et les op\u00e9rations de traitement effectu\u00e9es avec elles\u00a0;<\/li>\n<\/ol>\n<p>&nbsp;<\/p>\n<ol>\n<li>B) Droit de rectifier toute donn\u00e9e personnelle inexacte\u00a0;<\/li>\n<\/ol>\n<p>&nbsp;<\/p>\n<ol>\n<li>C) Droit de supprimer vos donn\u00e9es personnelles, lorsque cela est possible (par exemple, par imp\u00e9ratif l\u00e9gal\u00a0);<\/li>\n<\/ol>\n<p>&nbsp;<\/p>\n<ol>\n<li>D) Droit de limiter le traitement de vos donn\u00e9es personnelles lorsque l&#8217;exactitude, la l\u00e9galit\u00e9 ou la n\u00e9cessit\u00e9 du traitement des donn\u00e9es est mise en doute, auquel cas nous pouvons les conserver pour l&#8217;exercice ou la d\u00e9fense de r\u00e9clamations.<\/li>\n<\/ol>\n<p>&nbsp;<\/p>\n<ol>\n<li>E) Droit de s&#8217;opposer au traitement de vos donn\u00e9es personnelles, lorsque la base l\u00e9gale qui nous permet de traiter celles indiqu\u00e9es est notre int\u00e9r\u00eat l\u00e9gitime <strong><span>FIDES AUDIT ASSURANCE, SL<\/span>&lt;\/ strong &gt; cessera de traiter vos donn\u00e9es sauf si elles ont un int\u00e9r\u00eat l\u00e9gitime ou sont n\u00e9cessaires \u00e0 la d\u00e9fense de r\u00e9clamations.<\/strong><\/li>\n<\/ol>\n<p>&nbsp;<\/p>\n<ol>\n<li>F) Droit \u00e0 la portabilit\u00e9 de vos donn\u00e9es, lorsque la base juridique qui nous permet de les traiter est l&#8217;existence d&#8217;une relation contractuelle ou votre consentement.<\/li>\n<\/ol>\n<p>&nbsp;<\/p>\n<ol>\n<li>G) Droit de r\u00e9voquer le consentement donn\u00e9 \u00e0 <strong><span>FIDES AUDIT ASSURANCE, SL<\/span><\/strong> pour exercer vos droits, vous pouvez le faire gratuitement et \u00e0 tout moment, en contactant nous \u00e0 l&#8217;adresse <span>C\/ Col\u00f3n n\u00ba 1 \u2013 Planta 7 CP 46004 Valencia<\/span> (Espagne), en joignant une copie de votre DNI.<\/li>\n<\/ol>\n<p>&nbsp;<\/p>\n<p><strong>Tutelle des droits\u00a0:<\/strong><\/p>\n<p>Si vous comprenez que vos droits ont \u00e9t\u00e9 n\u00e9glig\u00e9s par notre entit\u00e9, vous pouvez d\u00e9poser une r\u00e9clamation aupr\u00e8s de l&#8217;agence espagnole de protection des donn\u00e9es, par l&#8217;un des moyens suivants\u00a0:<\/p>\n<p>Si\u00e8ge \u00e9lectronique : https:\/\/www.aepd.es [1]<\/p>\n<p>Courrier postal\u00a0: Agence espagnole de protection des donn\u00e9es, C \/ Jorge Juan, 6, 28001, Madrid<\/p>\n<p>T\u00e9l\u00e9phone :\u00a0 912 663 517<\/p>\n<p>Le d\u00e9p\u00f4t d&#8217;une r\u00e9clamation aupr\u00e8s de l&#8217;agence espagnole de protection des donn\u00e9es n&#8217;entra\u00eene aucun co\u00fbt et l&#8217;assistance d&#8217;un avocat ou d&#8217;un notaire n&#8217;est pas n\u00e9cessaire.<\/p>\n<p>&nbsp;<\/p>\n<p>Mises \u00e0 jour et modifications de la politique de confidentialit\u00e9\u00a0:<\/p>\n<p><strong><span>FIDES AUDIT ASSURANCE, S.L <\/span><\/strong> se r\u00e9serve le droit de modifier cette politique pour l&#8217;adapter \u00e0 la nouvelle l\u00e9gislation<\/p>\n<p>ou la jurisprudence susceptible d&#8217;en affecter le respect. Afin de garantir le respect de la r\u00e9glementation sur la protection des donn\u00e9es personnelles.<\/p>\n<p>[\/et_pb_text][\/et_pb_column][\/et_pb_row][\/et_pb_section][et_pb_section fb_built=\u00bb1&#8243; _builder_version=\u00bb4.7.7&#8243; _module_preset=\u00bbdefault\u00bb background_color=\u00bb#f9f9f9&#8243; custom_padding=\u00bb20px||20px||false|false\u00bb global_module=\u00bb574&#8243; locked=\u00bboff\u00bb global_colors_info=\u00bb{}\u00bb][et_pb_row _builder_version=\u00bb4.16&#8243; _module_preset=\u00bbdefault\u00bb global_colors_info=\u00bb{}\u00bb][et_pb_column type=\u00bb4_4&#8243; _builder_version=\u00bb4.16&#8243; _module_preset=\u00bbdefault\u00bb global_colors_info=\u00bb{}\u00bb][et_pb_image src=\u00bbhttps:\/\/fidesmv.es\/wp-content\/uploads\/2021\/01\/Logo-1-e1729882188857.png\u00bb alt=\u00bbabout fides\u00bb title_text=\u00bbLogo\u00bb _builder_version=\u00bb4.27.2&#8243; _module_preset=\u00bbdefault\u00bb width=\u00bb15%\u00bb width_tablet=\u00bb\u00bb width_phone=\u00bb50%\u00bb width_last_edited=\u00bbon|phone\u00bb module_alignment=\u00bbcenter\u00bb global_colors_info=\u00bb{}\u00bb][\/et_pb_image][et_pb_text _builder_version=\u00bb4.17.6&#8243; _module_preset=\u00bb4be56c38-d95c-4d8d-aa61-16caa318ce2f\u00bb text_orientation=\u00bbcenter\u00bb global_colors_info=\u00bb{}\u00bb]<\/p>\n<p><span style=\"color: #333333;\"><a href=\"mailto:contactanos@fidesmv.es\" style=\"color: #333333;\">contactanos@fidesmv.es<\/a><\/span><\/p>\n<p>[\/et_pb_text][\/et_pb_column][\/et_pb_row][\/et_pb_section][et_pb_section fb_built=\u00bb1&#8243; _builder_version=\u00bb4.16&#8243; _module_preset=\u00bbdefault\u00bb background_color=\u00bb#434343&#8243; use_background_color_gradient=\u00bbon\u00bb background_color_gradient_stops=\u00bbrgba(67,67,67,0.84) 0%|rgba(67,67,67,0.84) 100%\u00bb background_color_gradient_overlays_image=\u00bbon\u00bb background_color_gradient_start=\u00bbrgba(67,67,67,0.84)\u00bb background_color_gradient_end=\u00bbrgba(67,67,67,0.84)\u00bb background_image=\u00bbhttps:\/\/fidesmv.es\/wp-content\/uploads\/2021\/01\/Objeto-inteligente-vectorial.jpg\u00bb background_blend=\u00bbmultiply\u00bb custom_padding=\u00bb20px||19px||false|false\u00bb background_color_gradient_stops_tablet=\u00bbrgba(67,67,67,0.84) 0%|rgba(67,67,67,0.84) 100%\u00bb background_color_gradient_stops_phone=\u00bbrgba(67,67,67,0.84) 0%|rgba(67,67,67,0.84) 100%\u00bb global_module=\u00bb573&#8243; global_colors_info=\u00bb{}\u00bb][et_pb_row column_structure=\u00bb1_4,1_4,1_4,1_4&#8243; use_custom_gutter=\u00bbon\u00bb gutter_width=\u00bb1&#8243; _builder_version=\u00bb4.27.2&#8243; _module_preset=\u00bbdefault\u00bb width=\u00bb100%\u00bb max_width=\u00bb1152px\u00bb global_colors_info=\u00bb{}\u00bb][et_pb_column type=\u00bb1_4&#8243; _builder_version=\u00bb4.16&#8243; _module_preset=\u00bbdefault\u00bb global_colors_info=\u00bb{}\u00bb][et_pb_text _builder_version=\u00bb4.27.2&#8243; _module_preset=\u00bb14fbba57-dbb6-4a5c-9812-24d7498d38e2&#8243; text_font_size=\u00bb12px\u00bb text_orientation=\u00bbcenter\u00bb global_colors_info=\u00bb{}\u00bb]<a href=\"https:\/\/fidesmv.es\/?page_id=597&#038;lang=fr\"><span style=\"color: #ffffff;\">QUI SOMMES NOUS<\/span><\/a>[\/et_pb_text][\/et_pb_column][et_pb_column type=\u00bb1_4&#8243; _builder_version=\u00bb4.16&#8243; _module_preset=\u00bbdefault\u00bb global_colors_info=\u00bb{}\u00bb][et_pb_text _builder_version=\u00bb4.27.2&#8243; _module_preset=\u00bb14fbba57-dbb6-4a5c-9812-24d7498d38e2&#8243; text_font_size=\u00bb12px\u00bb text_orientation=\u00bbcenter\u00bb global_colors_info=\u00bb{}\u00bb]<a href=\"https:\/\/fidesmv.es\/?page_id=609&#038;lang=fr\"><span style=\"color: #ffffff;\">AUDIT<\/span><\/a>[\/et_pb_text][\/et_pb_column][et_pb_column type=\u00bb1_4&#8243; _builder_version=\u00bb4.16&#8243; _module_preset=\u00bbdefault\u00bb global_colors_info=\u00bb{}\u00bb][et_pb_text _builder_version=\u00bb4.27.2&#8243; _module_preset=\u00bb14fbba57-dbb6-4a5c-9812-24d7498d38e2&#8243; text_font_size=\u00bb12px\u00bb text_orientation=\u00bbcenter\u00bb locked=\u00bboff\u00bb global_colors_info=\u00bb{}\u00bb]<a href=\"https:\/\/fidesmv.es\/?page_id=621&#038;lang=fr\"><span style=\"color: #ffffff;\">FORENSIC<\/span><\/a>[\/et_pb_text][\/et_pb_column][et_pb_column type=\u00bb1_4&#8243; _builder_version=\u00bb4.16&#8243; _module_preset=\u00bbdefault\u00bb global_colors_info=\u00bb{}\u00bb][et_pb_text _builder_version=\u00bb4.27.2&#8243; _module_preset=\u00bb14fbba57-dbb6-4a5c-9812-24d7498d38e2&#8243; text_font_size=\u00bb12px\u00bb text_orientation=\u00bbcenter\u00bb global_colors_info=\u00bb{}\u00bb]<a href=\"https:\/\/fidesmv.es\/?page_id=602&#038;lang=fr\"><span style=\"color: #ffffff;\">CONTACT<\/span><\/a>[\/et_pb_text][\/et_pb_column][\/et_pb_row][et_pb_row _builder_version=\u00bb4.16&#8243; _module_preset=\u00bbdefault\u00bb custom_padding=\u00bb||3px|||\u00bb global_colors_info=\u00bb{}\u00bb][et_pb_column type=\u00bb4_4&#8243; _builder_version=\u00bb4.16&#8243; _module_preset=\u00bbdefault\u00bb global_colors_info=\u00bb{}\u00bb][et_pb_text _builder_version=\u00bb4.27.2&#8243; _module_preset=\u00bb14fbba57-dbb6-4a5c-9812-24d7498d38e2&#8243; text_text_color=\u00bb#a3a3a3&#8243; text_font_size=\u00bb12px\u00bb link_font=\u00bb||||on||||\u00bb link_text_color=\u00bb#a3a3a3&#8243; text_orientation=\u00bbcenter\u00bb global_colors_info=\u00bb{}\u00bb]Fides 2022. Tous droits r\u00e9serv\u00e9s | <a href=\"https:\/\/fidesmv.es\/?page_id=675&#038;lang=fr\" target=\"_blank\" rel=\"noopener noreferrer\"> Avis l\u00e9gal <\/a> | <a href=\"https:\/\/fidesmv.es\/?page_id=680&#038;lang=fr\" target=\"_blank\" rel=\"noopener noreferrer\">Pol\u00edtique de Privacit\u00e9<\/a> | <a href=\"https:\/\/fidesmv.es\/?page_id=670&#038;lang=fr\" target=\"_blank\" rel=\"noopener noreferrer\">Politique de Cookies<\/a> | <a href=\"https:\/\/fidesmv.es\/?page_id=744&#038;lang=fr\" target=\"_blank\" rel=\"noopener noreferrer\">Politique de Qualite<\/a> | \u00c9labor\u00e9 par Kuombo | D\u00e9velopp\u00e9 par <a href=\"https:\/\/dualtec.es\/\" target=\"_blank\" rel=\"noopener noreferrer\">Dualtec<\/a>[\/et_pb_text][\/et_pb_column][\/et_pb_row][\/et_pb_section]<\/p>\n","protected":false},"excerpt":{"rendered":"<p>Politique de confidentialit\u00e9 &nbsp; Conform\u00e9ment au r\u00e8glement (UE) 2016\/679 du Parlement europ\u00e9en et du Conseil du 27 avril 2016 relatif \u00e0 la protection des personnes physiques \u00e0 l&#8217;\u00e9gard du traitement des donn\u00e9es \u00e0 caract\u00e8re personnel, qui abroge la directive 95\/46\/ce (ci-apr\u00e8s , RGPD), de la loi 34\/2002, du 11 juillet, sur les services de la [&hellip;]<\/p>\n","protected":false},"author":1,"featured_media":0,"parent":0,"menu_order":0,"comment_status":"closed","ping_status":"closed","template":"","meta":{"_et_pb_use_builder":"on","_et_pb_old_content":"","_et_gb_content_width":"","footnotes":""},"class_list":["post-680","page","type-page","status-publish","hentry"],"lang":"fr","translations":{"fr":680,"en":553,"es":407,"de":696},"pll_sync_post":[],"_links":{"self":[{"href":"https:\/\/fidesmv.es\/index.php?rest_route=\/wp\/v2\/pages\/680","targetHints":{"allow":["GET"]}}],"collection":[{"href":"https:\/\/fidesmv.es\/index.php?rest_route=\/wp\/v2\/pages"}],"about":[{"href":"https:\/\/fidesmv.es\/index.php?rest_route=\/wp\/v2\/types\/page"}],"author":[{"embeddable":true,"href":"https:\/\/fidesmv.es\/index.php?rest_route=\/wp\/v2\/users\/1"}],"replies":[{"embeddable":true,"href":"https:\/\/fidesmv.es\/index.php?rest_route=%2Fwp%2Fv2%2Fcomments&post=680"}],"version-history":[{"count":6,"href":"https:\/\/fidesmv.es\/index.php?rest_route=\/wp\/v2\/pages\/680\/revisions"}],"predecessor-version":[{"id":1421,"href":"https:\/\/fidesmv.es\/index.php?rest_route=\/wp\/v2\/pages\/680\/revisions\/1421"}],"wp:attachment":[{"href":"https:\/\/fidesmv.es\/index.php?rest_route=%2Fwp%2Fv2%2Fmedia&parent=680"}],"curies":[{"name":"wp","href":"https:\/\/api.w.org\/{rel}","templated":true}]}}