{"id":670,"date":"2021-02-01T09:46:12","date_gmt":"2021-02-01T09:46:12","guid":{"rendered":"https:\/\/fidesmv.es\/?page_id=670"},"modified":"2024-10-29T07:35:05","modified_gmt":"2024-10-29T07:35:05","slug":"politique-de-cookies","status":"publish","type":"page","link":"https:\/\/fidesmv.es\/?page_id=670&lang=fr","title":{"rendered":"Politique de Cookies"},"content":{"rendered":"<p>[et_pb_section fb_built=\u00bb1&#8243; _builder_version=\u00bb4.16&#8243; _module_preset=\u00bbdefault\u00bb global_colors_info=\u00bb{}\u00bb][et_pb_row _builder_version=\u00bb4.16&#8243; _module_preset=\u00bbdefault\u00bb global_colors_info=\u00bb{}\u00bb][et_pb_column type=\u00bb4_4&#8243; _builder_version=\u00bb4.16&#8243; _module_preset=\u00bbdefault\u00bb global_colors_info=\u00bb{}\u00bb][et_pb_text _builder_version=\u00bb4.17.4&#8243; _module_preset=\u00bbdefault\u00bb custom_padding=\u00bb|70px||50px|false|false\u00bb custom_padding_tablet=\u00bb\u00bb custom_padding_phone=\u00bb|0px||0px|false|true\u00bb custom_padding_last_edited=\u00bbon|phone\u00bb locked=\u00bboff\u00bb global_colors_info=\u00bb{}\u00bb]<\/p>\n<h1>Politique relative aux cookies<\/h1>\n<p>&nbsp;<\/p>\n<p><strong>R\u00e8glement sur l&#8217;utilisation des cookies<\/strong><br \/>Cette politique de cookies fait partie int\u00e9grante des mentions l\u00e9gales et de la politique de confidentialit\u00e9 de <strong>FIDES AUDIT ASSURANCE, S.L.<\/strong> L&#8217;acc\u00e8s et la navigation sur le site, ou l&#8217;utilisation de ses services, impliquent l&#8217;acceptation des Conditions G\u00e9n\u00e9rales \u00e9tablies dans nos Mentions L\u00e9gales (et donc de la Politique de Confidentialit\u00e9 et de la Politique de Cookies). Veuillez les lire attentivement.<br \/>Nous vous remercions d&#8217;avoir choisi de nous rendre visite. Nous voulons que votre exp\u00e9rience sur le site soit la meilleure possible, et pour cette raison, nous avons r\u00e9dig\u00e9 cette politique de cookies de la mani\u00e8re la plus transparente possible.<\/p>\n<p><strong>Qu&#8217;est-ce qu&#8217;un cookie\u00a0?<\/strong><br \/>Les cookies sont des fichiers contenant de petites quantit\u00e9s d&#8217;informations t\u00e9l\u00e9charg\u00e9es sur l&#8217;appareil de l&#8217;utilisateur utilis\u00e9 lors de la visite d&#8217;un site Web. Son objectif principal est de reconna\u00eetre l&#8217;utilisateur \u00e0 chaque fois qu&#8217;il acc\u00e8de \u00e0 www.fidesmv.es et nous permet \u00e9galement d&#8217;am\u00e9liorer la qualit\u00e9 et la convivialit\u00e9 de notre site Web.<br \/>Les cookies sont essentiels au fonctionnement d&#8217;Internet ; ils ne peuvent pas endommager l&#8217;\u00e9quipement\/dispositif de l&#8217;utilisateur et, s&#8217;ils sont activ\u00e9s dans les param\u00e8tres de votre navigateur, ils nous aident \u00e0 identifier et \u00e0 r\u00e9soudre les \u00e9ventuelles erreurs dans le fonctionnement de www.fidesmv.es<\/p>\n<p><strong>Types de cookies<\/strong><br \/>Il existe diff\u00e9rents types de cookies. Ils fonctionnent tous de la m\u00eame mani\u00e8re, mais ils ont de petites diff\u00e9rences :<br \/>\u2022<span> <\/span><strong>Cookies de session<\/strong>. Les cookies de session ne durent que le temps de votre visite et sont supprim\u00e9s lorsque vous fermez votre navigateur. Son objectif principal est d&#8217;identifier le type d&#8217;appareil, de prendre en charge la s\u00e9curit\u00e9 du site Web ou ses fonctionnalit\u00e9s de base. Ils ne contiennent pas d&#8217;informations personnelles permettant d&#8217;identifier une personne.<br \/>\u2022<span> <\/span><strong>Cookies persistants ou permanents<\/strong>. Ils sont stock\u00e9s sur le disque dur de l&#8217;appareil et notre site Web les lit chaque fois que vous visitez \u00e0 nouveau www.fidesmv.es ; Il a une date d&#8217;expiration ou d&#8217;expiration sp\u00e9cifique, apr\u00e8s laquelle le cookie cesse de fonctionner. Ils nous permettent d&#8217;identifier vos actions et pr\u00e9f\u00e9rences ; analyser les visites et nous aider \u00e0 comprendre comment les utilisateurs acc\u00e8dent \u00e0 notre page et \u00e0 am\u00e9liorer nos services.<br \/>\u2022<span> <\/span><strong>Cookies de fonctionnalit\u00e9<\/strong>. Ils permettent \u00e0 www.fidesmv.es de m\u00e9moriser les d\u00e9cisions prises par l&#8217;utilisateur, telles que son identifiant ou son identifiant.<br \/>Les informations collect\u00e9es par ces cookies sont anonymis\u00e9es (c&#8217;est-\u00e0-dire qu&#8217;elles ne contiennent pas votre nom, votre adresse ou d&#8217;autres donn\u00e9es).<br \/>\u2022<span> <\/span><strong>Cookies tiers<\/strong>. Les cookies tiers sont des cookies install\u00e9s par un site Internet qui n&#8217;est pas celui que vous visitez ; par exemple, ceux utilis\u00e9s par les r\u00e9seaux sociaux (tels que Facebook) ou par des plugins de contenu externes (tels que Google Maps). En outre, certaines agences de publicit\u00e9 utilisent ces types de fichiers pour suivre vos visites sur chaque site sur lequel elles font de la publicit\u00e9.<br \/>\u2022<span> <\/span><strong>Cookies analytiques<\/strong>. Ce sont des cookies dont le but est la maintenance p\u00e9riodique et pour garantir le meilleur fonctionnement et service \u00e0 l&#8217;utilisateur ; collecter les donn\u00e9es de votre activit\u00e9.<\/p>\n<p><strong>Utilisation des cookies par www.fidesmv.es<\/strong><br \/>En acc\u00e9dant \u00e0 www.fidesmv.es, vous acceptez express\u00e9ment que nous puissions utiliser ce type de cookies sur vos appareils. Si vous d\u00e9sactivez les cookies, votre navigation sur www.fidesmv.es pourrait ne pas \u00eatre optimale et certains des utilitaires disponibles sur www.fidesmv.es pourraient ne pas fonctionner correctement.<\/p>\n<ol>\n<li><strong>a) Propres cookies<\/strong><br \/>Afin de vous reconna\u00eetre et de vous fournir un meilleur service, notre site utilise ses propres cookies (petits fichiers texte que votre navigateur stocke). Les avantages d&#8217;accepter nos cookies se traduisent par un gain de temps. De m\u00eame, ils peuvent \u00e9galement \u00eatre utilis\u00e9s pour vous reconna\u00eetre entre des visites successives et ainsi adapter le contenu qui vous est pr\u00e9sent\u00e9, obtenir des informations sur la date et l&#8217;heure de votre derni\u00e8re visite, mesurer certains param\u00e8tres de fr\u00e9quentation au sein m\u00eame du site, et estimer le nombre de visites effectu\u00e9es, afin que nous puissions cibler et ajuster plus efficacement les services et les promotions.<br \/>Aucun cookie ne vous permet de contacter votre num\u00e9ro de t\u00e9l\u00e9phone, votre adresse e-mail ou tout autre moyen de contact. Aucun cookie ne peut extraire des informations de votre disque dur ou voler des informations personnelles.<\/li>\n<li><strong>b) Cookies tiers. Cookies Google Analytics<\/strong><br \/>Le site utilise le service Google Analytics, qui est fourni par Google, Inc., une entit\u00e9 dont le si\u00e8ge social est situ\u00e9 au 1600 Amphitheatre Parkway, Mountain View (Californie), CA 94043, \u00c9tats-Unis (\u00abGoogle\u00bb).<br \/>Google Analytics utilise des cookies pour nous aider \u00e0 analyser la fa\u00e7on dont les utilisateurs utilisent le site. Les informations g\u00e9n\u00e9r\u00e9es par le cookie concernant votre utilisation du site (y compris votre adresse IP) seront directement qui vous sont transmises et stock\u00e9es par Google sur ses serveurs aux \u00c9tats-Unis. Google utilisera ces informations en notre nom dans le but de suivre votre utilisation du site, de compiler des rapports sur l&#8217;activit\u00e9 du site et de fournir d&#8217;autres services li\u00e9s \u00e0 l&#8217;activit\u00e9 du site et \u00e0 l&#8217;utilisation d&#8217;Internet. Google peut transmettre ces informations \u00e0 des tiers lorsque la loi l&#8217;exige ou lorsque ces tiers traitent les informations pour le compte de Google. Google n&#8217;associera pas votre adresse IP \u00e0 d&#8217;autres donn\u00e9es d\u00e9tenues par Google.<br \/>Si vous le souhaitez, vous pouvez vous opposer au traitement de donn\u00e9es ou d&#8217;informations en refusant l&#8217;utilisation de cookies en s\u00e9lectionnant les param\u00e8tres appropri\u00e9s de votre navigateur. Cependant, si vous le faites, vous ne pourrez peut-\u00eatre pas utiliser toutes les fonctionnalit\u00e9s de ce site. En utilisant ce site, vous consentez express\u00e9ment au traitement de vos informations par Google dans les conditions et pour les finalit\u00e9s indiqu\u00e9es ci-dessus.<br \/>Plus d&#8217;informations sur https:\/\/www.google.es\/intl\/es\/policies\/technologies\/cookies\/.<br \/>Google a d\u00e9velopp\u00e9 un plugin que vous pouvez installer dans votre navigateur si vous ne souhaitez pas \u00eatre suivi par leurs cookies : https:\/\/tools.google.com\/dlpage\/gaoptout<\/li>\n<\/ol>\n<p><strong>Cookies analytiques<\/strong><br \/><strong><em>Nom<\/em><\/strong><span> <\/span>Objectif<br \/><strong><em>_utma<\/em><\/strong><span> <\/span>Utilis\u00e9 pour distinguer les utilisateurs et les sessions. Le cookie est cr\u00e9\u00e9 lorsque la biblioth\u00e8que JavaScript est ex\u00e9cut\u00e9e et qu&#8217;il n&#8217;y a pas de cookie<span> <\/span><strong><em>_utma<\/em><\/strong>. Le cookie est mis \u00e0 jour chaque fois que des donn\u00e9es sont envoy\u00e9es \u00e0 Google Analytics.<br \/><strong><em>_utmt<\/em><\/strong><span> <\/span>Utilis\u00e9 pour limiter le pourcentage de demandes.<br \/><strong><em>_utmb<\/em><\/strong><span> <\/span>Utilis\u00e9 pour d\u00e9terminer de nouvelles sessions ou visites. Le cookie est cr\u00e9\u00e9 lorsque la biblioth\u00e8que JavaScript est ex\u00e9cut\u00e9e et qu&#8217;il n&#8217;y a pas de cookie<span> <\/span><strong><em>_utmb<\/em><\/strong>. Le cookie est mis \u00e0 jour chaque fois que des donn\u00e9es sont envoy\u00e9es \u00e0 Google Analytics.<br \/><strong><em>_utmc<\/em><\/strong><span> <\/span>Non utilis\u00e9 dans ga.js. Il est configur\u00e9 pour interagir avec urchin.js. Auparavant, ce cookie agissait avec le cookie<span> <\/span><strong><em>_utmb<\/em><\/strong><span> <\/span> pour d\u00e9terminer si l&#8217;utilisateur \u00e9tait dans une nouvelle session ou visite .<br \/><strong><em>_utmz<\/em><\/strong><span> <\/span> Stocke la source du trafic ou la campagne qui explique comment l&#8217;utilisateur a atteint le site. Le cookie est cr\u00e9\u00e9 lors de l&#8217;ex\u00e9cution de la biblioth\u00e8que JavaScript et est mis \u00e0 jour \u00e0 chaque envoi de donn\u00e9es \u00e0 Google Analytics.<br \/><strong><em>_utmv<\/em><\/strong><span> <\/span>Utilis\u00e9 pour stocker les donn\u00e9es variables des visiteurs personnalis\u00e9s. Ce cookie est cr\u00e9\u00e9 lorsqu&#8217;un d\u00e9veloppeur utilise la m\u00e9thode <span> <\/span><strong><em>_setCustomVar<\/em><\/strong><span> <\/span> avec une variable personnalis\u00e9e de visiteur. Il a \u00e9galement \u00e9t\u00e9 utilis\u00e9 pour la m\u00e9thode obsol\u00e8te <span> <\/span><strong><em>_setVar<\/em><\/strong><span> <\/span>. Le cookie est mis \u00e0 jour chaque fois que des donn\u00e9es sont envoy\u00e9es \u00e0 Google Analytics.<br \/><strong><em>_ga<\/em><\/strong><span> <\/span>Utilis\u00e9 pour diff\u00e9rencier les utilisateurs et les sessions. Le cookie est cr\u00e9\u00e9 lors du chargement de la biblioth\u00e8que javascript et il n&#8217;y a pas de version pr\u00e9c\u00e9dente du cookie<strong><em><span> <\/span>_ga<\/em><\/strong>. Le cookie est mis \u00e0 jour chaque fois que vous envoyez des donn\u00e9es \u00e0 Google Analytics.<br \/><strong><em>_gat<\/em><\/strong><span> <\/span>Utilis\u00e9 pour diff\u00e9rencier les diff\u00e9rents objets de suivi cr\u00e9\u00e9s dans la session. Le cookie est cr\u00e9\u00e9 lors du chargement de la biblioth\u00e8que javascript et il n&#8217;y a pas de version pr\u00e9c\u00e9dente du cookie<strong><em><span> <\/span>_gat<\/em><\/strong>. Le cookie est mis \u00e0 jour chaque fois que vous envoyez des donn\u00e9es \u00e0 Google Analytics.<\/p>\n<p><strong>Configuration de l&#8217;utilisateur pour \u00e9viter les cookies<\/strong><br \/>Depuis www.fidesmv.es et conform\u00e9ment aux r\u00e9glementations l\u00e9gales en vigueur, nous vous fournissons les informations qui vous permettent de configurer votre\/vos navigateurs Internet pour pr\u00e9server votre confidentialit\u00e9 et votre s\u00e9curit\u00e9 vis-\u00e0-vis des cookies. Pour cette raison, nous vous fournissons des informations et des liens vers les sites de support officiels des principaux navigateurs afin que vous puissiez d\u00e9cider si vous souhaitez ou non accepter l&#8217;utilisation de cookies.<br \/>Ainsi, vous pouvez bloquer les cookies via les outils de configuration du navigateur ou vous pouvez configurer votre navigateur pour qu&#8217;il vous avertisse lorsqu&#8217;un serveur souhaite enregistrer un cookie :<br \/><strong>a) Si vous utilisez Microsoft Internet Explorer<\/strong>, dans l&#8217;option de menu Outils &gt; Options Internet &gt; Confidentialit\u00e9 &gt; R\u00e9glage. Pour en savoir plus, visitez https:\/\/support.microsoft.com\/es-es\/help\/17442\/windows-internet-explorer-delete-manage-cookies<br \/><strong>b) Si vous utilisez Firefox<\/strong>, dans l&#8217;option de menu Outils &gt; Options &gt; Confidentialit\u00e9 &gt; Biscuits. Pour en savoir plus visitez<br \/>https:\/\/support.mozilla.org\/es\/kb\/Disable%20cookies%20de%20thirds<br \/><strong>c) Si vous utilisez Chrome<\/strong>, dans la section Options &gt; Options avanc\u00e9es &gt; Confidentialit\u00e9. Pour en savoir plus http:\/\/support.google.com\/chrome\/bi n\/answer.py?hl=es&amp;answer=95647<br \/>d) Si vous utilisez Opera, dans l&#8217;option S\u00e9curit\u00e9 et confidentialit\u00e9, vous pouvez configurer le navigateur. Pour en savoir plus visitez<br \/>http:\/\/www.opera.com\/help\/tutorials\/security\/cookies\/<br \/><strong>e) Si vous utilisez Safari<\/strong>, dans les Pr\u00e9f\u00e9rences &gt; S\u00e9curit\u00e9 ou Confidentialit\u00e9, vous pouvez configurer le navigateur. Pour en savoir plus visitez :<br \/>hhttps:\/\/support.apple.com\/kb\/PH21411?viewlocale=es_ES&amp;locale=es_ES<br \/><strong>f) Si vous souhaitez d\u00e9sactiver Google Universal Analytics<\/strong>, vous pouvez installer l&#8217;extension suivante fournie par Google\u00a0: https:\/\/tools.google.com\/dlpage\/gaoptout<\/p>\n<p>[\/et_pb_text][\/et_pb_column][\/et_pb_row][\/et_pb_section][et_pb_section fb_built=\u00bb1&#8243; _builder_version=\u00bb4.7.7&#8243; _module_preset=\u00bbdefault\u00bb background_color=\u00bb#f9f9f9&#8243; custom_padding=\u00bb20px||20px||false|false\u00bb global_module=\u00bb574&#8243; locked=\u00bboff\u00bb global_colors_info=\u00bb{}\u00bb][et_pb_row _builder_version=\u00bb4.16&#8243; _module_preset=\u00bbdefault\u00bb global_colors_info=\u00bb{}\u00bb][et_pb_column type=\u00bb4_4&#8243; _builder_version=\u00bb4.16&#8243; _module_preset=\u00bbdefault\u00bb global_colors_info=\u00bb{}\u00bb][et_pb_image src=\u00bbhttps:\/\/fidesmv.es\/wp-content\/uploads\/2021\/01\/Logo-1-e1729882188857.png\u00bb alt=\u00bbabout fides\u00bb title_text=\u00bbLogo\u00bb _builder_version=\u00bb4.27.2&#8243; _module_preset=\u00bbdefault\u00bb width=\u00bb15%\u00bb width_tablet=\u00bb\u00bb width_phone=\u00bb50%\u00bb width_last_edited=\u00bbon|phone\u00bb module_alignment=\u00bbcenter\u00bb global_colors_info=\u00bb{}\u00bb][\/et_pb_image][et_pb_text _builder_version=\u00bb4.17.6&#8243; _module_preset=\u00bb4be56c38-d95c-4d8d-aa61-16caa318ce2f\u00bb text_orientation=\u00bbcenter\u00bb global_colors_info=\u00bb{}\u00bb]<\/p>\n<p><span style=\"color: #333333;\"><a href=\"mailto:contactanos@fidesmv.es\" style=\"color: #333333;\">contactanos@fidesmv.es<\/a><\/span><\/p>\n<p>[\/et_pb_text][\/et_pb_column][\/et_pb_row][\/et_pb_section][et_pb_section fb_built=\u00bb1&#8243; _builder_version=\u00bb4.16&#8243; _module_preset=\u00bbdefault\u00bb background_color=\u00bb#434343&#8243; use_background_color_gradient=\u00bbon\u00bb background_color_gradient_stops=\u00bbrgba(67,67,67,0.84) 0%|rgba(67,67,67,0.84) 100%\u00bb background_color_gradient_overlays_image=\u00bbon\u00bb background_color_gradient_start=\u00bbrgba(67,67,67,0.84)\u00bb background_color_gradient_end=\u00bbrgba(67,67,67,0.84)\u00bb background_image=\u00bbhttps:\/\/fidesmv.es\/wp-content\/uploads\/2021\/01\/Objeto-inteligente-vectorial.jpg\u00bb background_blend=\u00bbmultiply\u00bb custom_padding=\u00bb20px||19px||false|false\u00bb background_color_gradient_stops_tablet=\u00bbrgba(67,67,67,0.84) 0%|rgba(67,67,67,0.84) 100%\u00bb background_color_gradient_stops_phone=\u00bbrgba(67,67,67,0.84) 0%|rgba(67,67,67,0.84) 100%\u00bb global_module=\u00bb573&#8243; global_colors_info=\u00bb{}\u00bb][et_pb_row column_structure=\u00bb1_4,1_4,1_4,1_4&#8243; use_custom_gutter=\u00bbon\u00bb gutter_width=\u00bb1&#8243; _builder_version=\u00bb4.27.2&#8243; _module_preset=\u00bbdefault\u00bb width=\u00bb100%\u00bb max_width=\u00bb1152px\u00bb global_colors_info=\u00bb{}\u00bb][et_pb_column type=\u00bb1_4&#8243; _builder_version=\u00bb4.16&#8243; _module_preset=\u00bbdefault\u00bb global_colors_info=\u00bb{}\u00bb][et_pb_text _builder_version=\u00bb4.27.2&#8243; _module_preset=\u00bb14fbba57-dbb6-4a5c-9812-24d7498d38e2&#8243; text_font_size=\u00bb12px\u00bb text_orientation=\u00bbcenter\u00bb global_colors_info=\u00bb{}\u00bb]<a href=\"https:\/\/fidesmv.es\/?page_id=597&#038;lang=fr\"><span style=\"color: #ffffff;\">QUI SOMMES NOUS<\/span><\/a>[\/et_pb_text][\/et_pb_column][et_pb_column type=\u00bb1_4&#8243; _builder_version=\u00bb4.16&#8243; _module_preset=\u00bbdefault\u00bb global_colors_info=\u00bb{}\u00bb][et_pb_text _builder_version=\u00bb4.27.2&#8243; _module_preset=\u00bb14fbba57-dbb6-4a5c-9812-24d7498d38e2&#8243; text_font_size=\u00bb12px\u00bb text_orientation=\u00bbcenter\u00bb global_colors_info=\u00bb{}\u00bb]<a href=\"https:\/\/fidesmv.es\/?page_id=609&#038;lang=fr\"><span style=\"color: #ffffff;\">AUDIT<\/span><\/a>[\/et_pb_text][\/et_pb_column][et_pb_column type=\u00bb1_4&#8243; _builder_version=\u00bb4.16&#8243; _module_preset=\u00bbdefault\u00bb global_colors_info=\u00bb{}\u00bb][et_pb_text _builder_version=\u00bb4.27.2&#8243; _module_preset=\u00bb14fbba57-dbb6-4a5c-9812-24d7498d38e2&#8243; text_font_size=\u00bb12px\u00bb text_orientation=\u00bbcenter\u00bb locked=\u00bboff\u00bb global_colors_info=\u00bb{}\u00bb]<a href=\"https:\/\/fidesmv.es\/?page_id=621&#038;lang=fr\"><span style=\"color: #ffffff;\">FORENSIC<\/span><\/a>[\/et_pb_text][\/et_pb_column][et_pb_column type=\u00bb1_4&#8243; _builder_version=\u00bb4.16&#8243; _module_preset=\u00bbdefault\u00bb global_colors_info=\u00bb{}\u00bb][et_pb_text _builder_version=\u00bb4.27.2&#8243; _module_preset=\u00bb14fbba57-dbb6-4a5c-9812-24d7498d38e2&#8243; text_font_size=\u00bb12px\u00bb text_orientation=\u00bbcenter\u00bb global_colors_info=\u00bb{}\u00bb]<a href=\"https:\/\/fidesmv.es\/?page_id=602&#038;lang=fr\"><span style=\"color: #ffffff;\">CONTACT<\/span><\/a>[\/et_pb_text][\/et_pb_column][\/et_pb_row][et_pb_row _builder_version=\u00bb4.16&#8243; _module_preset=\u00bbdefault\u00bb custom_padding=\u00bb||3px|||\u00bb global_colors_info=\u00bb{}\u00bb][et_pb_column type=\u00bb4_4&#8243; _builder_version=\u00bb4.16&#8243; _module_preset=\u00bbdefault\u00bb global_colors_info=\u00bb{}\u00bb][et_pb_text _builder_version=\u00bb4.27.2&#8243; _module_preset=\u00bb14fbba57-dbb6-4a5c-9812-24d7498d38e2&#8243; text_text_color=\u00bb#a3a3a3&#8243; text_font_size=\u00bb12px\u00bb link_font=\u00bb||||on||||\u00bb link_text_color=\u00bb#a3a3a3&#8243; text_orientation=\u00bbcenter\u00bb global_colors_info=\u00bb{}\u00bb]Fides 2022. Tous droits r\u00e9serv\u00e9s | <a href=\"https:\/\/fidesmv.es\/?page_id=675&#038;lang=fr\" target=\"_blank\" rel=\"noopener noreferrer\"> Avis l\u00e9gal <\/a> | <a href=\"https:\/\/fidesmv.es\/?page_id=680&#038;lang=fr\" target=\"_blank\" rel=\"noopener noreferrer\">Pol\u00edtique de Privacit\u00e9<\/a> | <a href=\"https:\/\/fidesmv.es\/?page_id=670&#038;lang=fr\" target=\"_blank\" rel=\"noopener noreferrer\">Politique de Cookies<\/a> | <a href=\"https:\/\/fidesmv.es\/?page_id=744&#038;lang=fr\" target=\"_blank\" rel=\"noopener noreferrer\">Politique de Qualite<\/a> | \u00c9labor\u00e9 par Kuombo | D\u00e9velopp\u00e9 par <a href=\"https:\/\/dualtec.es\/\" target=\"_blank\" rel=\"noopener noreferrer\">Dualtec<\/a>[\/et_pb_text][\/et_pb_column][\/et_pb_row][\/et_pb_section]<\/p>\n","protected":false},"excerpt":{"rendered":"<p>Politique relative aux cookies &nbsp; R\u00e8glement sur l&#8217;utilisation des cookiesCette politique de cookies fait partie int\u00e9grante des mentions l\u00e9gales et de la politique de confidentialit\u00e9 de FIDES AUDIT ASSURANCE, S.L. L&#8217;acc\u00e8s et la navigation sur le site, ou l&#8217;utilisation de ses services, impliquent l&#8217;acceptation des Conditions G\u00e9n\u00e9rales \u00e9tablies dans nos Mentions L\u00e9gales (et donc de [&hellip;]<\/p>\n","protected":false},"author":1,"featured_media":0,"parent":0,"menu_order":0,"comment_status":"closed","ping_status":"closed","template":"","meta":{"_et_pb_use_builder":"on","_et_pb_old_content":"","_et_gb_content_width":"","footnotes":""},"class_list":["post-670","page","type-page","status-publish","hentry"],"lang":"fr","translations":{"fr":670,"en":559,"es":346,"de":686},"pll_sync_post":[],"_links":{"self":[{"href":"https:\/\/fidesmv.es\/index.php?rest_route=\/wp\/v2\/pages\/670","targetHints":{"allow":["GET"]}}],"collection":[{"href":"https:\/\/fidesmv.es\/index.php?rest_route=\/wp\/v2\/pages"}],"about":[{"href":"https:\/\/fidesmv.es\/index.php?rest_route=\/wp\/v2\/types\/page"}],"author":[{"embeddable":true,"href":"https:\/\/fidesmv.es\/index.php?rest_route=\/wp\/v2\/users\/1"}],"replies":[{"embeddable":true,"href":"https:\/\/fidesmv.es\/index.php?rest_route=%2Fwp%2Fv2%2Fcomments&post=670"}],"version-history":[{"count":3,"href":"https:\/\/fidesmv.es\/index.php?rest_route=\/wp\/v2\/pages\/670\/revisions"}],"predecessor-version":[{"id":1357,"href":"https:\/\/fidesmv.es\/index.php?rest_route=\/wp\/v2\/pages\/670\/revisions\/1357"}],"wp:attachment":[{"href":"https:\/\/fidesmv.es\/index.php?rest_route=%2Fwp%2Fv2%2Fmedia&parent=670"}],"curies":[{"name":"wp","href":"https:\/\/api.w.org\/{rel}","templated":true}]}}