{"id":658,"date":"2021-01-21T08:22:29","date_gmt":"2021-01-21T08:22:29","guid":{"rendered":"https:\/\/fidesmv.es\/?page_id=658"},"modified":"2022-06-20T10:06:09","modified_gmt":"2022-06-20T10:06:09","slug":"forensik","status":"publish","type":"page","link":"https:\/\/fidesmv.es\/?page_id=658&lang=de","title":{"rendered":"FORENSIK"},"content":{"rendered":"<p>[et_pb_section fb_built=\u00bb1&#8243; custom_padding_last_edited=\u00bbon|desktop\u00bb _builder_version=\u00bb4.16&#8243; _module_preset=\u00bbdefault\u00bb background_image=\u00bbhttps:\/\/fidesmv.es\/wp-content\/uploads\/2021\/01\/mature-businessman-in-gray-suit-in-the-office-PTZQXAR-scaled.jpg\u00bb custom_padding=\u00bb100px||100px||true|false\u00bb custom_padding_tablet=\u00bb\u00bb custom_padding_phone=\u00bb\u00bb animation_style=\u00bbslide\u00bb animation_direction=\u00bbtop\u00bb global_colors_info=\u00bb{}\u00bb][\/et_pb_section][et_pb_section fb_built=\u00bb1&#8243; _builder_version=\u00bb4.16&#8243; _module_preset=\u00bbdefault\u00bb global_colors_info=\u00bb{}\u00bb][et_pb_row _builder_version=\u00bb4.16&#8243; _module_preset=\u00bbdefault\u00bb global_colors_info=\u00bb{}\u00bb][et_pb_column type=\u00bb4_4&#8243; _builder_version=\u00bb4.16&#8243; _module_preset=\u00bbdefault\u00bb global_colors_info=\u00bb{}\u00bb][et_pb_text _builder_version=\u00bb4.17.4&#8243; _module_preset=\u00bbdefault\u00bb custom_padding=\u00bb|70px||50px|false|false\u00bb custom_padding_tablet=\u00bb\u00bb custom_padding_phone=\u00bb|0px||0px|false|true\u00bb custom_padding_last_edited=\u00bbon|phone\u00bb hover_enabled=\u00bb0&#8243; locked=\u00bboff\u00bb global_colors_info=\u00bb{}\u00bb sticky_enabled=\u00bb0&#8243;]<\/p>\n<h1>Forensik und regulatorische Compliance<\/h1>\n<p>&nbsp;<\/p>\n<p>Bei FIDES sind wir Spezialisten f\u00fcr die Erstellung und Verteidigung von Wirtschaftsgutachten in den Bereichen Straf-, Zivil-, Handels-, Insolvenz- und Arbeitsrecht. Mehr als 200 Gerichtsverfahren bekunden unsere Erfahrung.<\/p>\n<p>[\/et_pb_text][\/et_pb_column][\/et_pb_row][\/et_pb_section][et_pb_section fb_built=\u00bb1&#8243; custom_padding_last_edited=\u00bbon|phone\u00bb _builder_version=\u00bb4.16&#8243; _module_preset=\u00bbdefault\u00bb background_enable_color=\u00bboff\u00bb custom_padding=\u00bb29px||70px||false|false\u00bb custom_padding_tablet=\u00bb\u00bb custom_padding_phone=\u00bb0px||||false|false\u00bb locked=\u00bboff\u00bb global_colors_info=\u00bb{}\u00bb][et_pb_row column_structure=\u00bb1_3,1_3,1_3&#8243; use_custom_gutter=\u00bbon\u00bb gutter_width=\u00bb2&#8243; _builder_version=\u00bb4.16&#8243; _module_preset=\u00bbdefault\u00bb animation_style=\u00bbfade\u00bb global_colors_info=\u00bb{}\u00bb][et_pb_column type=\u00bb1_3&#8243; _builder_version=\u00bb4.16&#8243; _module_preset=\u00bbdefault\u00bb use_background_color_gradient=\u00bbon\u00bb background_color_gradient_stops=\u00bbrgba(228,46,51,0.73) 58%|rgba(0,0,0,0) 58%\u00bb background_color_gradient_overlays_image=\u00bbon\u00bb background_color_gradient_start=\u00bbrgba(228,46,51,0.73)\u00bb background_color_gradient_start_position=\u00bb58%\u00bb background_color_gradient_end=\u00bbrgba(0,0,0,0)\u00bb background_color_gradient_end_position=\u00bb18%\u00bb background_image=\u00bbhttps:\/\/fidesmv.es\/wp-content\/uploads\/2021\/01\/successful-happy-businesswoman-outdoors-5PBYHKM-scaled.jpg\u00bb background_position=\u00bbcenter_right\u00bb link_option_url=\u00bb#informes\u00bb global_colors_info=\u00bb{}\u00bb][et_pb_text _builder_version=\u00bb4.16&#8243; _module_preset=\u00bbdefault\u00bb header_font_size=\u00bb29px\u00bb header_2_text_color=\u00bb#ffffff\u00bb header_2_font_size=\u00bb29px\u00bb custom_margin=\u00bb0px||3px||false|false\u00bb custom_padding=\u00bb96px||0px|20px|false|false\u00bb custom_padding_tablet=\u00bb\u00bb custom_padding_phone=\u00bb20px||0px|50px|false|false\u00bb custom_padding_last_edited=\u00bbon|phone\u00bb global_colors_info=\u00bb{}\u00bb]<\/p>\n<h2>Expertengutachten<\/h2>\n<p>[\/et_pb_text][et_pb_divider color=\u00bb#f7f7f7&#8243; divider_weight=\u00bb15px\u00bb _builder_version=\u00bb4.16&#8243; _module_preset=\u00bbdefault\u00bb custom_padding=\u00bb||90px||false|false\u00bb custom_padding_tablet=\u00bb\u00bb custom_padding_phone=\u00bb\u00bb custom_padding_last_edited=\u00bbon|desktop\u00bb global_colors_info=\u00bb{}\u00bb][\/et_pb_divider][\/et_pb_column][et_pb_column type=\u00bb1_3&#8243; _builder_version=\u00bb4.16&#8243; _module_preset=\u00bbdefault\u00bb use_background_color_gradient=\u00bbon\u00bb background_color_gradient_stops=\u00bbrgba(228,46,51,0.73) 58%|rgba(0,0,0,0) 58%\u00bb background_color_gradient_overlays_image=\u00bbon\u00bb background_color_gradient_start=\u00bbrgba(228,46,51,0.73)\u00bb background_color_gradient_start_position=\u00bb58%\u00bb background_color_gradient_end=\u00bbrgba(0,0,0,0)\u00bb background_color_gradient_end_position=\u00bb18%\u00bb background_image=\u00bbhttps:\/\/fidesmv.es\/wp-content\/uploads\/2021\/01\/businessman-standing-in-office-with-crossed-arms-CHP9UGE-scaled.jpg\u00bb background_position=\u00bbbottom_right\u00bb link_option_url=\u00bb#reestructuraciones\u00bb global_colors_info=\u00bb{}\u00bb][et_pb_text _builder_version=\u00bb4.16&#8243; _module_preset=\u00bbdefault\u00bb header_font_size=\u00bb29px\u00bb header_2_text_color=\u00bb#ffffff\u00bb header_2_font_size=\u00bb27px\u00bb custom_margin=\u00bb0px||3px||false|false\u00bb custom_padding=\u00bb96px||3px|20px|false|false\u00bb custom_padding_tablet=\u00bb\u00bb custom_padding_phone=\u00bb20px||0px|50px|false|false\u00bb custom_padding_last_edited=\u00bbon|phone\u00bb global_colors_info=\u00bb{}\u00bb]<\/p>\n<h2>Umstrukturierungen<\/h2>\n<p>[\/et_pb_text][et_pb_divider color=\u00bb#f7f7f7&#8243; divider_weight=\u00bb15px\u00bb _builder_version=\u00bb4.16&#8243; _module_preset=\u00bbdefault\u00bb custom_padding=\u00bb||90px||false|false\u00bb custom_padding_tablet=\u00bb\u00bb custom_padding_phone=\u00bb\u00bb custom_padding_last_edited=\u00bbon|desktop\u00bb global_colors_info=\u00bb{}\u00bb][\/et_pb_divider][\/et_pb_column][et_pb_column type=\u00bb1_3&#8243; _builder_version=\u00bb4.16&#8243; _module_preset=\u00bbdefault\u00bb use_background_color_gradient=\u00bbon\u00bb background_color_gradient_stops=\u00bbrgba(228,46,51,0.73) 58%|rgba(0,0,0,0) 58%\u00bb background_color_gradient_overlays_image=\u00bbon\u00bb background_color_gradient_start=\u00bbrgba(228,46,51,0.73)\u00bb background_color_gradient_start_position=\u00bb58%\u00bb background_color_gradient_end=\u00bbrgba(0,0,0,0)\u00bb background_color_gradient_end_position=\u00bb18%\u00bb background_image=\u00bbhttps:\/\/fidesmv.es\/wp-content\/uploads\/2021\/01\/group-of-lawyers-discussing-contract-together-in-P4N6DFA-1-scaled.jpg\u00bb background_position=\u00bbcenter_right\u00bb link_option_url=\u00bb#cumplimiento\u00bb global_colors_info=\u00bb{}\u00bb][et_pb_text _builder_version=\u00bb4.16&#8243; _module_preset=\u00bbdefault\u00bb header_font_size=\u00bb29px\u00bb header_2_text_color=\u00bb#ffffff\u00bb header_2_font_size=\u00bb27px\u00bb custom_margin=\u00bb0px||3px||false|false\u00bb custom_padding=\u00bb96px||3px|20px|false|false\u00bb custom_padding_tablet=\u00bb\u00bb custom_padding_phone=\u00bb20px||0px|50px|false|false\u00bb custom_padding_last_edited=\u00bbon|phone\u00bb global_colors_info=\u00bb{}\u00bb]<\/p>\n<h2>Normenkonformit\u00e4t<\/h2>\n<p>[\/et_pb_text][et_pb_divider color=\u00bb#f7f7f7&#8243; divider_weight=\u00bb15px\u00bb _builder_version=\u00bb4.16&#8243; _module_preset=\u00bbdefault\u00bb custom_padding=\u00bb||90px||false|false\u00bb custom_padding_tablet=\u00bb\u00bb custom_padding_phone=\u00bb\u00bb custom_padding_last_edited=\u00bbon|desktop\u00bb global_colors_info=\u00bb{}\u00bb][\/et_pb_divider][\/et_pb_column][\/et_pb_row][\/et_pb_section][et_pb_section fb_built=\u00bb1&#8243; module_id=\u00bbinformes\u00bb _builder_version=\u00bb4.16&#8243; _module_preset=\u00bbdefault\u00bb background_color=\u00bb#f7f7f7&#8243; global_colors_info=\u00bb{}\u00bb][et_pb_row _builder_version=\u00bb4.16&#8243; _module_preset=\u00bbdefault\u00bb global_colors_info=\u00bb{}\u00bb][et_pb_column type=\u00bb4_4&#8243; _builder_version=\u00bb4.16&#8243; _module_preset=\u00bbdefault\u00bb global_colors_info=\u00bb{}\u00bb][et_pb_text _builder_version=\u00bb4.16&#8243; _module_preset=\u00bbdefault\u00bb custom_padding=\u00bb|70px||50px|false|false\u00bb custom_padding_tablet=\u00bb\u00bb custom_padding_phone=\u00bb|0px||0px|false|true\u00bb custom_padding_last_edited=\u00bbon|phone\u00bb locked=\u00bboff\u00bb global_colors_info=\u00bb{}\u00bb]<\/p>\n<h2>Expertengutachten:<\/h2>\n<p>&nbsp;<\/p>\n<ul>\n<li>Steuerdelikte.<\/li>\n<li>Gewinnausfall und erlittene Verluste\/indirekte Sch\u00e4den.<\/li>\n<li>Gesch\u00e4ftsf\u00fchrerhaftung.<\/li>\n<li>Verschulden bei Insolvenzverfahren.<\/li>\n<li>K\u00fcndigungsverfahren und EREs (Expediente de Regulaci\u00f3n de Empleo).<\/li>\n<li>Komplexe Bankprodukte.<\/li>\n<\/ul>\n<p>[\/et_pb_text][\/et_pb_column][\/et_pb_row][\/et_pb_section][et_pb_section fb_built=\u00bb1&#8243; module_id=\u00bbreestructuraciones\u00bb _builder_version=\u00bb4.16&#8243; _module_preset=\u00bbdefault\u00bb background_color=\u00bb#f7f7f7&#8243; custom_margin=\u00bb50px||7px||false|false\u00bb global_colors_info=\u00bb{}\u00bb][et_pb_row _builder_version=\u00bb4.16&#8243; _module_preset=\u00bbdefault\u00bb global_colors_info=\u00bb{}\u00bb][et_pb_column type=\u00bb4_4&#8243; _builder_version=\u00bb4.16&#8243; _module_preset=\u00bbdefault\u00bb global_colors_info=\u00bb{}\u00bb][et_pb_text _builder_version=\u00bb4.16&#8243; _module_preset=\u00bbdefault\u00bb custom_padding=\u00bb|70px||50px|false|false\u00bb custom_padding_tablet=\u00bb\u00bb custom_padding_phone=\u00bb|0px||0px|false|true\u00bb custom_padding_last_edited=\u00bbon|phone\u00bb locked=\u00bboff\u00bb global_colors_info=\u00bb{}\u00bb]<\/p>\n<h2>Umstrukturierungen:<\/h2>\n<p>&nbsp;<\/p>\n<ul>\n<li>Finanzielle Umstrukturierung.<\/li>\n<li>Kreditr\u00fcckforderungen.<\/li>\n<li>Machbarkeitsstudien.<\/li>\n<li>(Tarif-) Verhandlungen in Krisensituationen.<\/li>\n<li>Aufzeichnungen der Besch\u00e4ftigungsregelungen, K\u00fcndigung und Aussetzung von Vertr\u00e4gen.<\/li>\n<\/ul>\n<p>[\/et_pb_text][\/et_pb_column][\/et_pb_row][\/et_pb_section][et_pb_section fb_built=\u00bb1&#8243; module_id=\u00bbcumplimiento\u00bb _builder_version=\u00bb4.16&#8243; _module_preset=\u00bbdefault\u00bb background_color=\u00bb#f7f7f7&#8243; custom_margin=\u00bb50px||20px||false|false\u00bb global_colors_info=\u00bb{}\u00bb][et_pb_row _builder_version=\u00bb4.16&#8243; _module_preset=\u00bbdefault\u00bb global_colors_info=\u00bb{}\u00bb][et_pb_column type=\u00bb4_4&#8243; _builder_version=\u00bb4.16&#8243; _module_preset=\u00bbdefault\u00bb global_colors_info=\u00bb{}\u00bb][et_pb_text _builder_version=\u00bb4.16&#8243; _module_preset=\u00bbdefault\u00bb custom_padding=\u00bb|70px||50px|false|false\u00bb custom_padding_tablet=\u00bb\u00bb custom_padding_phone=\u00bb|0px||0px|false|true\u00bb custom_padding_last_edited=\u00bbon|phone\u00bb locked=\u00bboff\u00bb global_colors_info=\u00bb{}\u00bb]<\/p>\n<h2>Normenkonformit\u00e4t:<\/h2>\n<p>&nbsp;<\/p>\n<ul>\n<li>Strafrechtliche Compliance.<\/li>\n<li>Verwaltung des Beschwerdekanals in den entsprechenden Unternehmen.<\/li>\n<li>Datenschutz.<\/li>\n<li>Geldw\u00e4schepr\u00e4vention.<\/li>\n<li>Gleichstellungspl\u00e4ne.<\/li>\n<li>Individuelle Schulungen f\u00fcr die Umsetzungen der Vorschriften.<\/li>\n<\/ul>\n<p>[\/et_pb_text][\/et_pb_column][\/et_pb_row][\/et_pb_section][et_pb_section fb_built=\u00bb1&#8243; _builder_version=\u00bb4.7.7&#8243; _module_preset=\u00bbdefault\u00bb background_color=\u00bb#f9f9f9&#8243; custom_padding=\u00bb20px||20px||false|false\u00bb global_module=\u00bb576&#8243; locked=\u00bboff\u00bb global_colors_info=\u00bb{}\u00bb][et_pb_row _builder_version=\u00bb4.16&#8243; _module_preset=\u00bbdefault\u00bb global_colors_info=\u00bb{}\u00bb][et_pb_column type=\u00bb4_4&#8243; _builder_version=\u00bb4.16&#8243; _module_preset=\u00bbdefault\u00bb global_colors_info=\u00bb{}\u00bb][et_pb_image src=\u00bbhttps:\/\/fidesmv.es\/wp-content\/uploads\/2021\/01\/Logo-1.png\u00bb title_text=\u00bbLogo\u00bb _builder_version=\u00bb4.16&#8243; _module_preset=\u00bbdefault\u00bb width=\u00bb15%\u00bb width_tablet=\u00bb\u00bb width_phone=\u00bb50%\u00bb width_last_edited=\u00bbon|phone\u00bb module_alignment=\u00bbcenter\u00bb global_colors_info=\u00bb{}\u00bb][\/et_pb_image][et_pb_text _builder_version=\u00bb4.16&#8243; _module_preset=\u00bb4260ecd1-9a5b-48ac-b974-f79c9d143895&#8243; text_orientation=\u00bbcenter\u00bb global_colors_info=\u00bb{}\u00bb]<\/p>\n<p><span style=\"color: #333333;\"><a href=\"mailto:contactanos@fidesmv.es\" style=\"color: #333333;\">contactanos@fidesmv.es<\/a><\/span><\/p>\n<p>[\/et_pb_text][\/et_pb_column][\/et_pb_row][et_pb_row column_structure=\u00bb1_3,1_3,1_3&#8243; use_custom_gutter=\u00bbon\u00bb gutter_width=\u00bb1&#8243; custom_padding_last_edited=\u00bbon|phone\u00bb _builder_version=\u00bb4.16&#8243; _module_preset=\u00bbdefault\u00bb width=\u00bb70%\u00bb custom_padding_tablet=\u00bb\u00bb custom_padding_phone=\u00bb0px||||false|false\u00bb global_colors_info=\u00bb{}\u00bb][et_pb_column type=\u00bb1_3&#8243; _builder_version=\u00bb4.16&#8243; _module_preset=\u00bbdefault\u00bb global_colors_info=\u00bb{}\u00bb][et_pb_text _builder_version=\u00bb4.16&#8243; _module_preset=\u00bb4260ecd1-9a5b-48ac-b974-f79c9d143895&#8243; text_orientation=\u00bbcenter\u00bb global_colors_info=\u00bb{}\u00bb]<\/p>\n<p><span style=\"color: #ff0000;\"><strong>VALENCIA<\/strong> <span style=\"color: #333333;\"><a href=\"tel:936%20524 611\" style=\"color: #333333;\">963 524 611<\/a><\/span><\/span><\/p>\n<p>[\/et_pb_text][\/et_pb_column][et_pb_column type=\u00bb1_3&#8243; _builder_version=\u00bb4.16&#8243; _module_preset=\u00bbdefault\u00bb global_colors_info=\u00bb{}\u00bb][et_pb_text _builder_version=\u00bb4.16&#8243; _module_preset=\u00bb4260ecd1-9a5b-48ac-b974-f79c9d143895&#8243; text_orientation=\u00bbcenter\u00bb global_colors_info=\u00bb{}\u00bb]<\/p>\n<p><span style=\"color: #ff0000;\"><span style=\"color: #333333;\"><span color=\"#ff0000\" style=\"color: #ff0000;\"><b>CASTELL\u00d3N\u00a0<\/b><\/span><a href=\"tel:964 291 163\" style=\"color: #333333;\">964 291 163<\/a><\/span><\/span><\/p>\n<p>[\/et_pb_text][\/et_pb_column][et_pb_column type=\u00bb1_3&#8243; _builder_version=\u00bb4.16&#8243; _module_preset=\u00bbdefault\u00bb global_colors_info=\u00bb{}\u00bb][et_pb_text _builder_version=\u00bb4.16&#8243; _module_preset=\u00bb4260ecd1-9a5b-48ac-b974-f79c9d143895&#8243; text_orientation=\u00bbcenter\u00bb global_colors_info=\u00bb{}\u00bb]<\/p>\n<p><span style=\"color: #ff0000;\"><span style=\"color: #333333;\"><span color=\"#ff0000\" style=\"color: #ff0000;\"><b>ALICANTE\u00a0<\/b><\/span><a href=\"tel:965 210 350\" style=\"color: #333333;\">965 210 350<\/a><\/span><\/span><\/p>\n<p>[\/et_pb_text][\/et_pb_column][\/et_pb_row][\/et_pb_section][et_pb_section fb_built=\u00bb1&#8243; _builder_version=\u00bb4.16&#8243; _module_preset=\u00bbdefault\u00bb background_color=\u00bb#434343&#8243; use_background_color_gradient=\u00bbon\u00bb background_color_gradient_stops=\u00bbrgba(67,67,67,0.84) 0%|rgba(67,67,67,0.84) 100%\u00bb background_color_gradient_overlays_image=\u00bbon\u00bb background_color_gradient_start=\u00bbrgba(67,67,67,0.84)\u00bb background_color_gradient_end=\u00bbrgba(67,67,67,0.84)\u00bb background_image=\u00bbhttps:\/\/fidesmv.es\/wp-content\/uploads\/2021\/01\/Objeto-inteligente-vectorial.jpg\u00bb background_blend=\u00bbmultiply\u00bb custom_padding=\u00bb20px||19px||false|false\u00bb background_color_gradient_stops_tablet=\u00bbrgba(67,67,67,0.84) 0%|rgba(67,67,67,0.84) 100%\u00bb background_color_gradient_stops_phone=\u00bbrgba(67,67,67,0.84) 0%|rgba(67,67,67,0.84) 100%\u00bb global_module=\u00bb575&#8243; global_colors_info=\u00bb{}\u00bb][et_pb_row column_structure=\u00bb1_6,1_6,1_6,1_6,1_6,1_6&#8243; use_custom_gutter=\u00bbon\u00bb gutter_width=\u00bb1&#8243; _builder_version=\u00bb4.16&#8243; _module_preset=\u00bbdefault\u00bb width=\u00bb100%\u00bb max_width=\u00bb1152px\u00bb global_colors_info=\u00bb{}\u00bb][et_pb_column type=\u00bb1_6&#8243; _builder_version=\u00bb4.16&#8243; _module_preset=\u00bbdefault\u00bb global_colors_info=\u00bb{}\u00bb][et_pb_text _builder_version=\u00bb4.16&#8243; _module_preset=\u00bb2dadd8f8-0248-4bd9-b956-b1a9c0004a6c\u00bb text_font_size=\u00bb12px\u00bb text_orientation=\u00bbcenter\u00bb global_colors_info=\u00bb{}\u00bb]<a href=\"https:\/\/fidesmv.es\/de\/ueber-uns\/\"><span style=\"color: #ffffff;\">\u00dcBER UNS<\/span><\/a>[\/et_pb_text][\/et_pb_column][et_pb_column type=\u00bb1_6&#8243; _builder_version=\u00bb4.16&#8243; _module_preset=\u00bbdefault\u00bb global_colors_info=\u00bb{}\u00bb][et_pb_text _builder_version=\u00bb4.16&#8243; _module_preset=\u00bb2dadd8f8-0248-4bd9-b956-b1a9c0004a6c\u00bb text_font_size=\u00bb12px\u00bb global_colors_info=\u00bb{}\u00bb]<\/p>\n<p><a href=\"https:\/\/fidesmv.es\/de\/wirtschaftspruefung\/\"><span style=\"color: #ffffff;\">WIRTSCHAFTSPR\u00dcFUNG<\/span><\/a><\/p>\n<p>[\/et_pb_text][\/et_pb_column][et_pb_column type=\u00bb1_6&#8243; _builder_version=\u00bb4.16&#8243; _module_preset=\u00bbdefault\u00bb global_colors_info=\u00bb{}\u00bb][et_pb_text _builder_version=\u00bb4.16&#8243; _module_preset=\u00bb2dadd8f8-0248-4bd9-b956-b1a9c0004a6c\u00bb text_font_size=\u00bb12px\u00bb text_orientation=\u00bbcenter\u00bb global_colors_info=\u00bb{}\u00bb]<a href=\"https:\/\/fidesmv.es\/de\/steuer-und-buchhaltungsberatung\/\"><span style=\"color: #ffffff;\">STEUER UND BUCHHALTUNGSBERATUNG<\/span><\/a>[\/et_pb_text][\/et_pb_column][et_pb_column type=\u00bb1_6&#8243; _builder_version=\u00bb4.16&#8243; _module_preset=\u00bbdefault\u00bb global_colors_info=\u00bb{}\u00bb][et_pb_text _builder_version=\u00bb4.16&#8243; _module_preset=\u00bb2dadd8f8-0248-4bd9-b956-b1a9c0004a6c\u00bb text_font_size=\u00bb12px\u00bb text_orientation=\u00bbcenter\u00bb global_colors_info=\u00bb{}\u00bb]<a href=\"https:\/\/fidesmv.es\/de\/forensik\/\"><span style=\"color: #ffffff;\">FORENSIK<\/span><\/a>[\/et_pb_text][\/et_pb_column][et_pb_column type=\u00bb1_6&#8243; _builder_version=\u00bb4.16&#8243; _module_preset=\u00bbdefault\u00bb global_colors_info=\u00bb{}\u00bb][et_pb_text _builder_version=\u00bb4.16&#8243; _module_preset=\u00bb2dadd8f8-0248-4bd9-b956-b1a9c0004a6c\u00bb text_font_size=\u00bb12px\u00bb text_orientation=\u00bbcenter\u00bb global_colors_info=\u00bb{}\u00bb]<a href=\"https:\/\/fidesmv.es\/de\/legal-konkurse\/\"><span style=\"color: #ffffff;\">LEGAL-KONKURSE<\/span><\/a>[\/et_pb_text][\/et_pb_column][et_pb_column type=\u00bb1_6&#8243; _builder_version=\u00bb4.16&#8243; _module_preset=\u00bbdefault\u00bb global_colors_info=\u00bb{}\u00bb][et_pb_text _builder_version=\u00bb4.16&#8243; _module_preset=\u00bb2dadd8f8-0248-4bd9-b956-b1a9c0004a6c\u00bb text_font_size=\u00bb12px\u00bb text_orientation=\u00bbcenter\u00bb global_colors_info=\u00bb{}\u00bb]<a href=\"https:\/\/fidesmv.es\/de\/kontakt\/\"><span style=\"color: #ffffff;\">KONTAKT<\/span><\/a>[\/et_pb_text][\/et_pb_column][\/et_pb_row][et_pb_row _builder_version=\u00bb4.16&#8243; _module_preset=\u00bbdefault\u00bb custom_padding=\u00bb||3px|||\u00bb global_colors_info=\u00bb{}\u00bb][et_pb_column type=\u00bb4_4&#8243; _builder_version=\u00bb4.16&#8243; _module_preset=\u00bbdefault\u00bb global_colors_info=\u00bb{}\u00bb][et_pb_text _builder_version=\u00bb4.16&#8243; _module_preset=\u00bb2dadd8f8-0248-4bd9-b956-b1a9c0004a6c\u00bb text_text_color=\u00bb#a3a3a3&#8243; text_font_size=\u00bb12px\u00bb link_font=\u00bb||||on||||\u00bb link_text_color=\u00bb#a3a3a3&#8243; text_orientation=\u00bbcenter\u00bb global_colors_info=\u00bb{}\u00bb]<\/p>\n<p>Fides 2021. Alle Rechte vorbehalten | <a href=\"https:\/\/fidesmv.es\/de\/rechtlicher-hinweis\/\" target=\"_blank\" rel=\"noopener noreferrer\">Rechtlicher Hinweis<\/a> | <a href=\"https:\/\/fidesmv.es\/de\/datenschutzrichtlinie\/\" target=\"_blank\" rel=\"noopener noreferrer\">Datenschutzrichtlinie<\/a> | <a href=\"https:\/\/fidesmv.es\/de\/cookie-richtlinie\/\" target=\"_blank\" rel=\"noopener noreferrer\">Cookie-Richtlinie<\/a> | Entworfen von Kuombo | Entwickelt von <a href=\"https:\/\/etlglobaldigital.com\" target=\"_blank\" rel=\"noopener noreferrer\">ETL Global Digital<\/a><\/p>\n<p>[\/et_pb_text][\/et_pb_column][\/et_pb_row][\/et_pb_section]<\/p>\n","protected":false},"excerpt":{"rendered":"<p>Forensik und regulatorische Compliance &nbsp; Bei FIDES sind wir Spezialisten f\u00fcr die Erstellung und Verteidigung von Wirtschaftsgutachten in den Bereichen Straf-, Zivil-, Handels-, Insolvenz- und Arbeitsrecht. Mehr als 200 Gerichtsverfahren bekunden unsere Erfahrung.ExpertengutachtenUmstrukturierungenNormenkonformit\u00e4tExpertengutachten: &nbsp; Steuerdelikte. Gewinnausfall und erlittene Verluste\/indirekte Sch\u00e4den. Gesch\u00e4ftsf\u00fchrerhaftung. Verschulden bei Insolvenzverfahren. K\u00fcndigungsverfahren und EREs (Expediente de Regulaci\u00f3n de Empleo). Komplexe Bankprodukte. Umstrukturierungen: [&hellip;]<\/p>\n","protected":false},"author":1,"featured_media":193,"parent":0,"menu_order":0,"comment_status":"closed","ping_status":"closed","template":"","meta":{"_et_pb_use_builder":"on","_et_pb_old_content":"","_et_gb_content_width":"","footnotes":""},"class_list":["post-658","page","type-page","status-publish","has-post-thumbnail","hentry"],"lang":"de","translations":{"de":658,"en":524,"es":149,"fr":621},"pll_sync_post":[],"_links":{"self":[{"href":"https:\/\/fidesmv.es\/index.php?rest_route=\/wp\/v2\/pages\/658","targetHints":{"allow":["GET"]}}],"collection":[{"href":"https:\/\/fidesmv.es\/index.php?rest_route=\/wp\/v2\/pages"}],"about":[{"href":"https:\/\/fidesmv.es\/index.php?rest_route=\/wp\/v2\/types\/page"}],"author":[{"embeddable":true,"href":"https:\/\/fidesmv.es\/index.php?rest_route=\/wp\/v2\/users\/1"}],"replies":[{"embeddable":true,"href":"https:\/\/fidesmv.es\/index.php?rest_route=%2Fwp%2Fv2%2Fcomments&post=658"}],"version-history":[{"count":1,"href":"https:\/\/fidesmv.es\/index.php?rest_route=\/wp\/v2\/pages\/658\/revisions"}],"predecessor-version":[{"id":883,"href":"https:\/\/fidesmv.es\/index.php?rest_route=\/wp\/v2\/pages\/658\/revisions\/883"}],"wp:featuredmedia":[{"embeddable":true,"href":"https:\/\/fidesmv.es\/index.php?rest_route=\/wp\/v2\/media\/193"}],"wp:attachment":[{"href":"https:\/\/fidesmv.es\/index.php?rest_route=%2Fwp%2Fv2%2Fmedia&parent=658"}],"curies":[{"name":"wp","href":"https:\/\/api.w.org\/{rel}","templated":true}]}}