{"id":407,"date":"2021-03-31T12:20:35","date_gmt":"2021-03-31T12:20:35","guid":{"rendered":"https:\/\/fidesmv.es\/?page_id=407"},"modified":"2024-10-29T10:53:20","modified_gmt":"2024-10-29T10:53:20","slug":"politica-de-privacidad","status":"publish","type":"page","link":"https:\/\/fidesmv.es\/?page_id=407","title":{"rendered":"Pol\u00edtica de privacidad"},"content":{"rendered":"<p>[et_pb_section fb_built=\u00bb1&#8243; _builder_version=\u00bb4.16&#8243; _module_preset=\u00bbdefault\u00bb global_colors_info=\u00bb{}\u00bb][et_pb_row _builder_version=\u00bb4.16&#8243; _module_preset=\u00bbdefault\u00bb global_colors_info=\u00bb{}\u00bb][et_pb_column type=\u00bb4_4&#8243; _builder_version=\u00bb4.16&#8243; _module_preset=\u00bbdefault\u00bb global_colors_info=\u00bb{}\u00bb][et_pb_text _builder_version=\u00bb4.27.2&#8243; _module_preset=\u00bbdefault\u00bb custom_padding=\u00bb|70px||50px|false|false\u00bb custom_padding_tablet=\u00bb\u00bb custom_padding_phone=\u00bb|0px||0px|false|true\u00bb custom_padding_last_edited=\u00bbon|phone\u00bb locked=\u00bboff\u00bb global_colors_info=\u00bb{}\u00bb]<\/p>\n<h1><strong>Pol\u00edtica de Privacidad<\/strong><\/h1>\n<p>&nbsp;<\/p>\n<p>En cumplimiento del reglamento (UE) 2016\/679 del parlamento europeo y del consejo, de 27 de abril de 2016, relativo a la protecci\u00f3n de las personas f\u00edsicas en lo que respecta al tratamiento de datos personales, por el que se deroga la directiva 95\/46\/ce (en adelante, RGPD), de la ley 34\/2002, de 11 de julio, de servicios de la sociedad de la informaci\u00f3n y de comercio electr\u00f3nico (en adelante, lssi-ce) y de la ley org\u00e1nica 3\/2018, de protecci\u00f3n de datos\u00a0 personales y garant\u00eda de los derechos digitales\u00a0<strong><span>FIDES AUDIT ASSURANCE, S.L.<\/span><\/strong>\u00a0garantiza la protecci\u00f3n y confidencialidad de los datos personales, de cualquier tipo que nos proporcionen nuestros clientes, de acuerdo con lo dispuesto en el reglamento general de protecci\u00f3n de datos de car\u00e1cter personal.<\/p>\n<p>La pol\u00edtica de protecci\u00f3n de datos de <strong><span>FIDES AUDIT ASSURANCE, S.L.<\/span><\/strong>\u00a0descansa en el principio de responsabilidad proactiva, seg\u00fan el cual el responsable del tratamiento es responsable del cumplimiento del marco normativo y jurisprudencial, siendo capaz de demostrarlo ante las autoridades de control correspondientes.<\/p>\n<p>Los datos facilitados ser\u00e1n tratados en los t\u00e9rminos establecidos en el RGPD, en este sentido<strong> <span>FIDES AUDIT ASSURANCE, S.L.<\/span><\/strong>\u00a0ha adoptado los niveles de protecci\u00f3n que legalmente se exigen, y ha instalado todas las medidas t\u00e9cnicas a su alcance para evitar la p\u00e9rdida, mal uso, alteraci\u00f3n, acceso no autorizado por terceros, expuestos a continuaci\u00f3n. no obstante, el usuario debe ser consciente de que las medidas de seguridad en internet no son inexpugnables.<\/p>\n<p>&nbsp;<\/p>\n<p><strong>Responsable del tratamiento:\u00a0<\/strong><\/p>\n<p><strong>Denominaci\u00f3n:\u00a0\u00a0<\/strong>\u00a0<strong><span>FIDES AUDIT ASSURANCE, S.L<\/span><\/strong><\/p>\n<p><strong>CIF:<\/strong>\u00a0 <span>B-96.430.178<\/span><\/p>\n<p><strong>Direcci\u00f3n:<\/strong>\u00a0 <span>C\/ Col\u00f3n n\u00ba 1 \u2013 CP 46004 Valencia<\/span><\/p>\n<p><strong>Tel\u00e9fono:\u00a0\u00a0<\/strong> 96 352 46 11<\/p>\n<p><strong>Correo electr\u00f3nico:\u00a0\u00a0<\/strong>\u00a0<a href=\"mailto:valencia@fidesmv.es\" target=\"_blank\" rel=\"noopener\">valencia@fidesmv.es<\/a><\/p>\n<p>&nbsp;<\/p>\n<p><strong>Finalidad del tratamiento<\/strong>:<\/p>\n<p>Todos los datos facilitados por nuestros clientes y\/o visitantes en la web de <strong><span>FIDES AUDIT ASSURANCE, S.L<\/span><\/strong> o a su personal, ser\u00e1n incluidos en registro de actividades de tratamiento de datos de car\u00e1cter personal,\u00a0creado y mantenido bajo la responsabilidad de\u00a0<strong><span>FIDES AUDIT ASSURANCE, S.L<\/span><\/strong>\u00a0imprescindibles para prestar los servicios solicitados por los usuarios, o para resolver las dudas o cuestiones planteadas por nuestros visitantes. Nuestra pol\u00edtica es no elaborar perfiles sobre los usuarios de nuestros servicios.<\/p>\n<p>&nbsp;<\/p>\n<p>&nbsp;<\/p>\n<p><strong>Legitimidad del tratamiento:<\/strong><\/p>\n<p>&nbsp;<\/p>\n<ol>\n<li>A) Relaci\u00f3n contractual: es la que aplica cuando compra uno de nuestros productos o contrata alguno de nuestros servicios.<\/li>\n<\/ol>\n<p>&nbsp;<\/p>\n<ol>\n<li>B) Inter\u00e9s leg\u00edtimo: para atender a las consultas y reclamaciones que nos plantee y para gestionar el cobro de las cantidades adeudadas.<\/li>\n<\/ol>\n<p>&nbsp;<\/p>\n<ol>\n<li>C) Su consentimiento: si es usuario de nuestra web, mediante la marcaci\u00f3n de la casilla que figura en el formulario de contacto, nos autoriza a que le remitamos las comunicaciones necesarias para dar respuesta a la consulta o solicitud de informaci\u00f3n planteada.<\/li>\n<\/ol>\n<p>&nbsp;<\/p>\n<p><strong>Destinatarios:<\/strong><\/p>\n<p>No cedemos sus datos personales a nadie, a excepci\u00f3n de aquellas entidades p\u00fablicas o privadas a las cuales estemos obligados a facilitar sus datos personales con motivo del cumplimiento de alguna ley. por poner un ejemplo, la ley tributaria obliga a facilitar a la agencia tributaria determinada informaci\u00f3n sobre operaciones econ\u00f3micas que superen una determinada cantidad.<\/p>\n<p>En el caso de que, al margen de los supuestos comentados, necesitemos dar a conocer su informaci\u00f3n personal a otras entidades, le solicitaremos previamente su permiso a trav\u00e9s de opciones claras que le permitir\u00e1n decidir a este respecto.<\/p>\n<p>&nbsp;<\/p>\n<p><strong>Comunicaci\u00f3n:<\/strong><\/p>\n<p>No realizamos transferencias internacionales de sus datos personales para ninguna de las finalidades indicadas.<\/p>\n<p>&nbsp;<\/p>\n<p><strong>Conservaci\u00f3n:<\/strong><\/p>\n<p>Solo conservaremos sus datos personales durante el tiempo que resulte necesario para lograr los fines para los que fueron recabados. a la hora de determinar el oportuno periodo de conservaci\u00f3n, examinamos los riesgos que conlleva el tratamiento, as\u00ed como nuestras obligaciones contractuales, legales y normativas, las pol\u00edticas internas de conservaci\u00f3n de datos y nuestros intereses de negocio leg\u00edtimos descritos en el presente aviso de privacidad y pol\u00edtica de cookies.<\/p>\n<p>En este sentido, <strong><span>FIDES AUDIT ASSURANCE, S.L<\/span><\/strong>\u00a0conservar\u00e1 los datos personales una vez terminada su relaci\u00f3n con Ud., debidamente bloqueados, durante el plazo de prescripci\u00f3n de las acciones que pudieran derivarse de la relaci\u00f3n mantenida con el interesado.<\/p>\n<p>Una vez bloqueados, sus datos resultar\u00e1n inaccesibles para <strong><span>FIDES AUDIT ASSURANCE, S.L<\/span><\/strong>\u00a0y no ser\u00e1n tratados excepto para su puesta a disposici\u00f3n a las administraciones p\u00fablicas, jueces y tribunales, para la atenci\u00f3n de las posibles responsabilidades nacidas de los tratamientos, as\u00ed como para el ejercicio y defensa de reclamaciones ante la agencia espa\u00f1ola de protecci\u00f3n de datos.<\/p>\n<p>&nbsp;<\/p>\n<p><strong>Seguridad:<\/strong><\/p>\n<p>Empleamos todos los esfuerzos razonables para mantener la confidencialidad de la informaci\u00f3n personal que se trate en nuestros sistemas. mantenemos estrictos niveles de seguridad para proteger los datos de car\u00e1cter personal que procesamos frente a p\u00e9rdidas fortuitas y a accesos, tratamientos o revelaciones no autorizados, habida cuenta del estado de la tecnolog\u00eda, la naturaleza y los riesgos a que est\u00e1n expuestos los datos. No obstante, no podemos responsabilizarnos del uso que Ud. haga de los datos (incluido usuario y contrase\u00f1a) que utilice en nuestra web.<\/p>\n<p>Nuestro personal sigue estrictas normas de privacidad y en el caso de que contratemos a terceros para prestar servicios de soporte, les exigimos que acaten las mismas normas y nos permitan auditarlas para verificar su cumplimiento.<\/p>\n<p>&nbsp;<\/p>\n<p><strong>\u00a0<\/strong><strong>Sus derechos:<\/strong><\/p>\n<p><strong>Le informamos que podr\u00e1 ejercer los siguientes derechos:<\/strong><\/p>\n<ol>\n<li>A) Derecho de acceso a sus datos personales, para saber cu\u00e1les est\u00e1n siendo objeto de tratamiento y las operaciones de tratamiento llevadas a cabo con ellos;<\/li>\n<\/ol>\n<p>&nbsp;<\/p>\n<ol>\n<li>B) Derecho de rectificaci\u00f3n de cualquier dato personal inexacto;<\/li>\n<\/ol>\n<p>&nbsp;<\/p>\n<ol>\n<li>C) Derecho de supresi\u00f3n de sus datos personales, cuando esto sea posible (por ejemplo, por imperativo legal);<\/li>\n<\/ol>\n<p>&nbsp;<\/p>\n<ol>\n<li>D) Derecho de limitaci\u00f3n del tratamiento de sus datos personales cuando la exactitud, la legalidad o la necesidad del tratamiento de los datos resulte dudosa, en cuyo caso, podremos conservarlos para el ejercicio o la defensa de reclamaciones.<\/li>\n<\/ol>\n<p>&nbsp;<\/p>\n<ol>\n<li>E) Derecho de oposici\u00f3n al tratamiento de sus datos personales, cuando la base legal que nos habilite para su tratamiento de las indicadas sea nuestro inter\u00e9s leg\u00edtimo\u00a0 <strong><span>FIDES AUDIT ASSURANCE, S.L\u00a0<\/span><\/strong> dejar\u00e1 de tratar tus datos salvo que tenga un inter\u00e9s leg\u00edtimo o sea necesario para la defensa de reclamaciones.<\/li>\n<\/ol>\n<p>&nbsp;<\/p>\n<ol>\n<li>F) Derecho a la portabilidad de sus datos, cuando la base legal que nos habilite para su tratamiento sea la existencia de una relaci\u00f3n contractual o su consentimiento.<\/li>\n<\/ol>\n<p>&nbsp;<\/p>\n<ol>\n<li>G) Derecho a revocar el consentimiento otorgado a <strong><span>FIDES AUDIT ASSURANCE, S.L\u00a0<\/span><\/strong> para ejercitar sus derechos, puede hacerlo de manera gratuita y en cualquier momento, contactando con nosotros en la direcci\u00f3n\u00a0 <span>C\/ Col\u00f3n n\u00ba 1 \u2013 Planta 7 CP 46004 Valencia<\/span>\u00a0(Espa\u00f1a), adjuntando copia de su DNI.<\/li>\n<\/ol>\n<p>&nbsp;<\/p>\n<p><strong>Tutela de derechos:<\/strong><\/p>\n<p>En caso de que entienda que sus derechos han sido desatendidos por nuestra entidad, puede formular una reclamaci\u00f3n en la agencia espa\u00f1ola de protecci\u00f3n de datos, a trav\u00e9s de alguno de los medios siguientes:<\/p>\n<p>Sede electr\u00f3nica: https:\/\/www.aepd.es [1]<\/p>\n<p>Correo postal: Agencia Espa\u00f1ola de protecci\u00f3n de datos,\u00a0 C \/ Jorge Juan, 6, \u00a0\u00a028001, \u00a0Madrid<\/p>\n<p>Tel\u00e9fono:\u00a0 912.663.517<\/p>\n<p>Formular una reclamaci\u00f3n en la agencia espa\u00f1ola de protecci\u00f3n de datos no conlleva ning\u00fan coste y no es necesaria la asistencia de abogado ni procurador.<\/p>\n<p>&nbsp;<\/p>\n<p>Actualizaciones y cambios en la pol\u00edtica de privacidad:<\/p>\n<p><strong><span>FIDES AUDIT ASSURANCE, S.L <\/span><\/strong>\u00a0se reserva el derecho a modificar la presente pol\u00edtica para adaptarla a novedades legislativas<\/p>\n<p>o jurisprudenciales que puedan afectar el cumplimiento de la misma. Con objeto de garantizar el cumplimiento de la normativa sobre protecci\u00f3n de datos de car\u00e1cter personal.<\/p>\n<p>[\/et_pb_text][\/et_pb_column][\/et_pb_row][\/et_pb_section][et_pb_section fb_built=\u00bb1&#8243; admin_label=\u00bbSecci\u00f3n\u00bb _builder_version=\u00bb4.7.7&#8243; _module_preset=\u00bbdefault\u00bb background_color=\u00bb#f9f9f9&#8243; custom_padding=\u00bb20px||20px||false|false\u00bb global_module=\u00bb499&#8243; saved_tabs=\u00bball\u00bb locked=\u00bboff\u00bb global_colors_info=\u00bb{}\u00bb][et_pb_row _builder_version=\u00bb4.16&#8243; _module_preset=\u00bbdefault\u00bb global_colors_info=\u00bb{}\u00bb][et_pb_column type=\u00bb4_4&#8243; _builder_version=\u00bb4.16&#8243; _module_preset=\u00bbdefault\u00bb global_colors_info=\u00bb{}\u00bb][et_pb_image src=\u00bbhttps:\/\/fidesmv.es\/wp-content\/uploads\/2021\/01\/Logo-1-e1729882188857.png\u00bb alt=\u00bbabout fides\u00bb title_text=\u00bbLogo\u00bb _builder_version=\u00bb4.27.2&#8243; _module_preset=\u00bbdefault\u00bb width=\u00bb15%\u00bb width_tablet=\u00bb\u00bb width_phone=\u00bb50%\u00bb width_last_edited=\u00bbon|phone\u00bb module_alignment=\u00bbcenter\u00bb global_colors_info=\u00bb{}\u00bb][\/et_pb_image][et_pb_text _builder_version=\u00bb4.17.6&#8243; _module_preset=\u00bbdefault\u00bb text_orientation=\u00bbcenter\u00bb global_colors_info=\u00bb{}\u00bb]<\/p>\n<p><span style=\"color: #333333;\"><a href=\"mailto:contactanos@fidesmv.es\" style=\"color: #333333;\">contactanos@fidesmv.es<\/a><\/span><\/p>\n<p>[\/et_pb_text][\/et_pb_column][\/et_pb_row][\/et_pb_section][et_pb_section fb_built=\u00bb1&#8243; admin_label=\u00bbSecci\u00f3n\u00bb _builder_version=\u00bb4.16&#8243; _module_preset=\u00bbdefault\u00bb background_color=\u00bb#434343&#8243; use_background_color_gradient=\u00bbon\u00bb background_color_gradient_stops=\u00bbrgba(67,67,67,0.84) 0%|rgba(67,67,67,0.84) 100%\u00bb background_color_gradient_overlays_image=\u00bbon\u00bb background_color_gradient_start=\u00bbrgba(67,67,67,0.84)\u00bb background_color_gradient_end=\u00bbrgba(67,67,67,0.84)\u00bb background_image=\u00bbhttps:\/\/fidesmv.es\/wp-content\/uploads\/2021\/01\/Objeto-inteligente-vectorial.jpg\u00bb background_blend=\u00bbmultiply\u00bb custom_padding=\u00bb20px||19px||false|false\u00bb global_module=\u00bb500&#8243; global_colors_info=\u00bb{}\u00bb][et_pb_row column_structure=\u00bb1_4,1_4,1_4,1_4&#8243; use_custom_gutter=\u00bbon\u00bb gutter_width=\u00bb1&#8243; _builder_version=\u00bb4.27.2&#8243; _module_preset=\u00bbdefault\u00bb width=\u00bb100%\u00bb max_width=\u00bb1152px\u00bb global_colors_info=\u00bb{}\u00bb][et_pb_column type=\u00bb1_4&#8243; _builder_version=\u00bb4.16&#8243; _module_preset=\u00bbdefault\u00bb global_colors_info=\u00bb{}\u00bb][et_pb_text _builder_version=\u00bb4.27.2&#8243; _module_preset=\u00bbdefault\u00bb text_font_size=\u00bb12px\u00bb text_orientation=\u00bbcenter\u00bb global_colors_info=\u00bb{}\u00bb]<a href=\"https:\/\/fidesmv.es\/?page_id=201\"><span style=\"color: #ffffff;\">QUI\u00c9NES SOMOS<\/span><\/a>[\/et_pb_text][\/et_pb_column][et_pb_column type=\u00bb1_4&#8243; _builder_version=\u00bb4.16&#8243; _module_preset=\u00bbdefault\u00bb global_colors_info=\u00bb{}\u00bb][et_pb_text _builder_version=\u00bb4.27.2&#8243; _module_preset=\u00bbdefault\u00bb text_font_size=\u00bb12px\u00bb text_orientation=\u00bbcenter\u00bb global_colors_info=\u00bb{}\u00bb]<a href=\"https:\/\/fidesmv.es\/?page_id=136\"><span style=\"color: #ffffff;\">AUDITOR\u00cdA<\/span><\/a>[\/et_pb_text][\/et_pb_column][et_pb_column type=\u00bb1_4&#8243; _builder_version=\u00bb4.16&#8243; _module_preset=\u00bbdefault\u00bb global_colors_info=\u00bb{}\u00bb][et_pb_text _builder_version=\u00bb4.27.2&#8243; _module_preset=\u00bbdefault\u00bb text_font_size=\u00bb12px\u00bb text_orientation=\u00bbcenter\u00bb locked=\u00bboff\u00bb global_colors_info=\u00bb{}\u00bb]<a href=\"https:\/\/fidesmv.es\/?page_id=149\"><span style=\"color: #ffffff;\">FORENSIC<\/span><\/a>[\/et_pb_text][\/et_pb_column][et_pb_column type=\u00bb1_4&#8243; _builder_version=\u00bb4.16&#8243; _module_preset=\u00bbdefault\u00bb global_colors_info=\u00bb{}\u00bb][et_pb_text _builder_version=\u00bb4.27.2&#8243; _module_preset=\u00bbdefault\u00bb text_font_size=\u00bb12px\u00bb text_orientation=\u00bbcenter\u00bb global_colors_info=\u00bb{}\u00bb]<a href=\"https:\/\/fidesmv.es\/?page_id=256\"><span style=\"color: #ffffff;\">CONTACTO<\/span><\/a>[\/et_pb_text][\/et_pb_column][\/et_pb_row][et_pb_row _builder_version=\u00bb4.16&#8243; _module_preset=\u00bbdefault\u00bb custom_padding=\u00bb||3px|||\u00bb global_colors_info=\u00bb{}\u00bb][et_pb_column type=\u00bb4_4&#8243; _builder_version=\u00bb4.16&#8243; _module_preset=\u00bbdefault\u00bb global_colors_info=\u00bb{}\u00bb][et_pb_text _builder_version=\u00bb4.27.2&#8243; _module_preset=\u00bbdefault\u00bb text_text_color=\u00bb#a3a3a3&#8243; text_font_size=\u00bb12px\u00bb link_font=\u00bb||||on||||\u00bb link_text_color=\u00bb#a3a3a3&#8243; text_orientation=\u00bbcenter\u00bb global_colors_info=\u00bb{}\u00bb]Fides 2022. Todos los derechos reservados | <a href=\"https:\/\/fidesmv.es\/?page_id=339\" target=\"_blank\" rel=\"noopener noreferrer\">Aviso legal<\/a> | <a href=\"https:\/\/fidesmv.es\/?page_id=407\" target=\"_blank\" rel=\"noopener noreferrer\">Pol\u00edtica de privacidad<\/a> | <a href=\"https:\/\/fidesmv.es\/?page_id=346\" target=\"_blank\" rel=\"noopener noreferrer\">Pol\u00edtica de cookies<\/a> | <a href=\"https:\/\/fidesmv.es\/?page_id=332\" target=\"_blank\" rel=\"noopener noreferrer\">Pol\u00edtica de calidad<\/a>\u00a0| Dise\u00f1ado por Kuombo | Desarrollado por <a href=\"https:\/\/dualtec.es\/\" target=\"_blank\" rel=\"noopener noreferrer\">Dualtec <\/a>[\/et_pb_text][\/et_pb_column][\/et_pb_row][\/et_pb_section]<\/p>\n","protected":false},"excerpt":{"rendered":"<p>Pol\u00edtica de Privacidad &nbsp; En cumplimiento del reglamento (UE) 2016\/679 del parlamento europeo y del consejo, de 27 de abril de 2016, relativo a la protecci\u00f3n de las personas f\u00edsicas en lo que respecta al tratamiento de datos personales, por el que se deroga la directiva 95\/46\/ce (en adelante, RGPD), de la ley 34\/2002, de [&hellip;]<\/p>\n","protected":false},"author":1,"featured_media":0,"parent":0,"menu_order":0,"comment_status":"closed","ping_status":"closed","template":"","meta":{"_et_pb_use_builder":"on","_et_pb_old_content":"","_et_gb_content_width":"","footnotes":""},"class_list":["post-407","page","type-page","status-publish","hentry"],"lang":"es","translations":{"es":407,"en":553,"fr":680,"de":696},"pll_sync_post":[],"_links":{"self":[{"href":"https:\/\/fidesmv.es\/index.php?rest_route=\/wp\/v2\/pages\/407","targetHints":{"allow":["GET"]}}],"collection":[{"href":"https:\/\/fidesmv.es\/index.php?rest_route=\/wp\/v2\/pages"}],"about":[{"href":"https:\/\/fidesmv.es\/index.php?rest_route=\/wp\/v2\/types\/page"}],"author":[{"embeddable":true,"href":"https:\/\/fidesmv.es\/index.php?rest_route=\/wp\/v2\/users\/1"}],"replies":[{"embeddable":true,"href":"https:\/\/fidesmv.es\/index.php?rest_route=%2Fwp%2Fv2%2Fcomments&post=407"}],"version-history":[{"count":5,"href":"https:\/\/fidesmv.es\/index.php?rest_route=\/wp\/v2\/pages\/407\/revisions"}],"predecessor-version":[{"id":1419,"href":"https:\/\/fidesmv.es\/index.php?rest_route=\/wp\/v2\/pages\/407\/revisions\/1419"}],"wp:attachment":[{"href":"https:\/\/fidesmv.es\/index.php?rest_route=%2Fwp%2Fv2%2Fmedia&parent=407"}],"curies":[{"name":"wp","href":"https:\/\/api.w.org\/{rel}","templated":true}]}}