{"id":346,"date":"2021-02-01T09:46:12","date_gmt":"2021-02-01T09:46:12","guid":{"rendered":"https:\/\/fidesmv.es\/?page_id=346"},"modified":"2024-10-29T05:57:35","modified_gmt":"2024-10-29T05:57:35","slug":"politica-de-cookies","status":"publish","type":"page","link":"https:\/\/fidesmv.es\/?page_id=346","title":{"rendered":"Pol\u00edtica de cookies"},"content":{"rendered":"<p>[et_pb_section fb_built=\u00bb1&#8243; _builder_version=\u00bb4.16&#8243; _module_preset=\u00bbdefault\u00bb global_colors_info=\u00bb{}\u00bb][et_pb_row _builder_version=\u00bb4.16&#8243; _module_preset=\u00bbdefault\u00bb global_colors_info=\u00bb{}\u00bb][et_pb_column type=\u00bb4_4&#8243; _builder_version=\u00bb4.16&#8243; _module_preset=\u00bbdefault\u00bb global_colors_info=\u00bb{}\u00bb][et_pb_text _builder_version=\u00bb4.17.4&#8243; _module_preset=\u00bbdefault\u00bb custom_padding=\u00bb|70px||50px|false|false\u00bb custom_padding_tablet=\u00bb\u00bb custom_padding_phone=\u00bb|0px||0px|false|true\u00bb custom_padding_last_edited=\u00bbon|phone\u00bb locked=\u00bboff\u00bb global_colors_info=\u00bb{}\u00bb]<\/p>\n<h1>Pol\u00edtica de cookies<\/h1>\n<p>&nbsp;<\/p>\n<p><strong>Normativa sobre el uso de cookies<\/strong><br \/>Esta Pol\u00edtica de Cookies es parte integrante del Aviso Legal y la Pol\u00edtica de Privacidad de <strong>FIDES AUDIT ASSURANCE, S.L.<\/strong> El acceso y la navegaci\u00f3n en el sitio, o el uso de los servicios del mismo, implican la aceptaci\u00f3n de las Condiciones Generales establecidas en nuestro Aviso Legal (y por tanto de la Pol\u00edtica de Privacidad y Pol\u00edtica de Cookies). Por favor, l\u00e9alas atentamente.<br \/>Le agradecemos que haya decidido visitarnos. Queremos que su experiencia en el sitio sea lo mejor posible, y por ese motivo hemos escrito esta Pol\u00edtica de Cookies de la forma m\u00e1s transparente posible.<\/p>\n<p><strong>\u00bfQu\u00e9 es una Cookie?<\/strong><br \/>Las cookies son archivos que contienen peque\u00f1as cantidades de informaci\u00f3n que se descargan en el dispositivo de la persona usuaria que se utiliza cuando visitas un sitio web. Su finalidad principal es reconocer a la persona usuaria cada vez que accede a www.fidesmv.es y nos permite, adem\u00e1s, mejorar la calidad y la usabilidad de nuestra web.<br \/>Las cookies son esenciales para el funcionamiento de Internet; no pueden da\u00f1ar el equipo\/dispositivo de la persona usuaria y, si se encuentran activadas en la configuraci\u00f3n de tu navegador, nos ayudan a identificar y resolver posibles errores de funcionamiento de www.fidesmv.es<\/p>\n<p><strong>Tipos de Cookies<\/strong><br \/>Hay diferentes tipos de cookies. Todos ellos trabajan de la misma manera, pero tienen peque\u00f1as diferencias:<br \/>\u2022<span>\u00a0<\/span><strong>Cookies de Sesi\u00f3n<\/strong>. Las cookies de sesi\u00f3n duran solamente por la duraci\u00f3n de tu visita y se borran cuando cierras el navegador. Su finalidad principal es identificar el tipo de dispositivo, apoyar la seguridad sitio web o su funcionalidad b\u00e1sica. No contienen informaci\u00f3n personal que nos permita identificar a una persona.<br \/>\u2022<span>\u00a0<\/span><strong>Cookies Persistentes o Permanentes<\/strong>. Se almacenan en el disco duro del dispositivo y nuestra web las lee cada vez que realizas una nueva visita a www.fidesmv.es; posee una fecha de caducidad o expiraci\u00f3n determinada, cumplida la cual la cookie deja de funcionar. Nos permiten identificar tus acciones y preferencias; analizar las visitas y nos ayudan a comprender c\u00f3mo llegan las personas usuarias a nuestra p\u00e1gina y mejorar nuestros servicios.<br \/>\u2022<span>\u00a0<\/span><strong>Cookies de Funcionalidad<\/strong>. Permiten a www.fidesmv.es recordar decisiones adoptadas por la persona usuaria, como su login o identificador.<br \/>La informaci\u00f3n de estas cookies recogen se anonimiza (es decir, no contiene ni tu nombre, direcci\u00f3n, u otros datos).<br \/>\u2022<span>\u00a0<\/span><strong>Cookies de Terceros<\/strong>. Las cookies de terceros son las cookies que instala un sitio web que no es el que est\u00e1s visitando; por ejemplo, las usadas por redes sociales (como Facebook) o por complementos externos de contenido (como Google Maps). Adem\u00e1s, algunas empresas de publicidad usan este tipo de archivos para realizar un seguimiento de tus visitas en cada sitio en el que se anuncian.<br \/>\u2022<span>\u00a0<\/span><strong>Cookies Anal\u00edticas<\/strong>. Son cookies que tienen por finalidad el mantenimiento peri\u00f3dico y garantizar el mejor funcionamiento y servicio a la persona usuaria; recopilando datos de tu actividad.<\/p>\n<p><strong>Uso de Cookies por parte de www.fidesmv.es<\/strong><br \/>Mediante el acceso a www.fidesmv.es, acepta de manera expresa que podamos usar este tipo de cookies en sus dispositivos. Si desactiva las cookies, puede que su navegaci\u00f3n por www.fidesmv.es no sea \u00f3ptima y algunas de las utilidades que dispone www.fides.es no funcionen correctamente.<\/p>\n<ol>\n<li><strong>a) Cookies propias<\/strong><br \/>Con el fin de reconocerte y prestarte un mejor servicio, nuestro sitio utiliza cookies (peque\u00f1os archivos de texto que su navegador almacena) propias. Las ventajas que conlleva la aceptaci\u00f3n de nuestras cookies se traduce en un ahorro de tiempo. Asimismo pueden ser utilizadas tambi\u00e9n para reconocerte entre visitas sucesivas y as\u00ed adaptar el contenido que se te muestra, para obtener informaci\u00f3n acerca de la fecha y hora de su \u00faltima visita, medir algunos par\u00e1metros de tr\u00e1fico dentro del propio sitio, y estimar el n\u00famero de visitas realizadas, de manera que podamos enfocar y ajustar los servicios y promociones de forma m\u00e1s efectiva.<br \/>Ninguna cookie permite que pueda contactarse con su n\u00famero de tel\u00e9fono, su direcci\u00f3n de correo electr\u00f3nico o con cualquier otro medio de contacto. Ninguna cookie puede extraer informaci\u00f3n de su disco duro o robar informaci\u00f3n personal.<\/li>\n<li><strong>b) Cookies de Terceros. Cookies de Google Analytics<\/strong><br \/>El sitio utiliza el servicio Google Analytics, que es prestado por Google, Inc., entidad cuya oficina principal est\u00e1 en 1600 Amphitheatre Parkway, Mountain View (California), CA 94043, Estados Unidos (\u201cGoogle\u201d).<br \/>Google Analytics utiliza cookies para ayudarnos a analizar el uso que hacen las personas usuarias del sitio. La informaci\u00f3n que genera la cookie acerca de tu uso del sitio (incluyendo tu direcci\u00f3n IP) ser\u00e1 directamente transmitida y archivada por Google en sus servidores de Estados Unidos. Google usar\u00e1 esta informaci\u00f3n por cuenta nuestra con el prop\u00f3sito de seguir la pista de tu uso del sitio, recopilando informes de la actividad del sitio y prestando otros servicios relacionados con la actividad del sitio y el uso de Internet. Google podr\u00e1 transmitir dicha informaci\u00f3n a terceros cuando as\u00ed se lo requiera la legislaci\u00f3n, o cuando dichos terceros procesen la informaci\u00f3n por cuenta de Google. Google no asociar\u00e1 tu direcci\u00f3n IP con ning\u00fan otro dato del que disponga Google.<br \/>Si lo desea puede rechazar el tratamiento de los datos o la informaci\u00f3n rechazando el uso de cookies mediante la selecci\u00f3n de la configuraci\u00f3n apropiada de su navegador. Sin embargo, si lo hace, puede ser que no pueda usar la plena funcionabilidad de este sitio. Al utilizar este sitio consiente el tratamiento de su informaci\u00f3n por Google en la forma y para los fines arriba indicados.<br \/>M\u00e1s informaci\u00f3n en https:\/\/www.google.es\/intl\/es\/policies\/technologies\/cookies\/.<br \/>Google ha desarrollado un complemento que puede instalar en su navegador si desea no ser rastreado por sus cookies: https:\/\/tools.google.com\/dlpage\/gaoptout<\/li>\n<\/ol>\n<p><strong>Cookies anal\u00edticas<\/strong><br \/><strong><em>Nombre<\/em><\/strong><span>\u00a0<\/span>Prop\u00f3sito<br \/><strong><em>_utma<\/em><\/strong><span>\u00a0<\/span>Se usa para distinguir las personas usuarias y sesiones. La cookie se crea cuando se ejecuta la biblioteca JavaScript y no hay ninguna cookie<span>\u00a0<\/span><strong><em>_utma<\/em><\/strong>. La cookie se actualiza cada vez que se env\u00edan datos a Google Analytics.<br \/><strong><em>_utmt<\/em><\/strong><span>\u00a0<\/span>Se usa para limitar el porcentaje de solicitudes.<br \/><strong><em>_utmb<\/em><\/strong><span>\u00a0<\/span>Se usa para determinar nuevas sesiones o visitas. La cookie se crea cuando se ejecuta la biblioteca JavaScript y no hay ninguna cookie<span>\u00a0<\/span><strong><em>_utmb<\/em><\/strong>. La cookie se actualiza cada vez que se env\u00edan datos a Google Analytics.<br \/><strong><em>_utmc<\/em><\/strong><span>\u00a0<\/span>No se usa en ga.js. Se configura para interactuar con urchin.js. Anteriormente, esta cookie actuaba junto con la cookie<span>\u00a0<\/span><strong><em>_utmb<\/em><\/strong><span>\u00a0<\/span>para determinar si la persona usuaria estaba en una nueva sesi\u00f3n o visita.<br \/><strong><em>_utmz<\/em><\/strong><span>\u00a0<\/span>Almacena la fuente de tr\u00e1fico o la campa\u00f1a que explica c\u00f3mo ha llegado la persona usuaria al sitio. La cookie se crea cuando se ejecuta la biblioteca JavaScript y se actualiza cada vez que se env\u00edan datos a Google Analytics.<br \/><strong><em>_utmv<\/em><\/strong><span>\u00a0<\/span>Se usa para almacenar datos de variables personalizadas de visitante. Esta cookie se crea cuando un programador usa el m\u00e9todo<span>\u00a0<\/span><strong><em>_setCustomVar<\/em><\/strong><span>\u00a0<\/span>con una variable personalizada de visitante. Tambi\u00e9n se usaba para el m\u00e9todo<span>\u00a0<\/span><strong><em>_setVar<\/em><\/strong><span>\u00a0<\/span>retirado. La cookie se actualiza cada vez que se env\u00edan datos a Google Analytics.<br \/><strong><em>_ga<\/em><\/strong><span>\u00a0<\/span>Se usa para diferenciar entre personas usuarias y sesiones. La cookie se crea al cargar la librer\u00eda javascript y no existe una versi\u00f3n previa de la cookie<strong><em><span>\u00a0<\/span>_ga<\/em><\/strong>. La cookie se actualiza cada vez que env\u00eda los datos a Google Analytics.<br \/><strong><em>_gat<\/em><\/strong><span>\u00a0<\/span>Se usa para diferenciar entre los diferentes objetos de seguimiento creados en la sesi\u00f3n. La cookie se crea al cargar la librer\u00eda javascript y no existe una versi\u00f3n previa de la cookie<strong><em><span>\u00a0<\/span>_gat<\/em><\/strong>. La cookie se actualiza cada vez que env\u00eda los datos a Google Analytics.<\/p>\n<p><strong>Configuraci\u00f3n del usuario para evitar Cookies<\/strong><br \/>Desde www.fidesmv.es y en cumplimiento de la normativa legal vigente, ponemos a tu disposici\u00f3n la informaci\u00f3n que te permita configurar tu navegador\/navegadores de Internet para mantener tu privacidad y seguridad en relaci\u00f3n a las cookies. Por ello, te facilitamos la informaci\u00f3n y enlaces a los sitos de soporte oficiales de los principales navegadores para que puedas decidir si deseas o no aceptar el uso de cookies.<br \/>As\u00ed, puedes bloquear las cookies a trav\u00e9s de las herramientas de configuraci\u00f3n del navegador o bien puedes configurar tu navegador para que te avise cuando un servidor quiera guardar una cookie:<br \/><strong>a) Si utilizas Microsoft Internet Explorer<\/strong>, en la opci\u00f3n de men\u00fa Herramientas &gt; Opciones de Internet &gt; Privacidad &gt; Configuraci\u00f3n. Para saber m\u00e1s visita https:\/\/support.microsoft.com\/es-es\/help\/17442\/windows-internet-explorer-delete-manage-cookies<br \/><strong>b) Si utilizas Firefox<\/strong>, en la opci\u00f3n de men\u00fa Herramientas &gt; Opciones &gt; Privacidad &gt; Cookies. Para saber m\u00e1s visita<br \/>https:\/\/support.mozilla.org\/es\/kb\/Deshabilitar%20cookies%20de%20terceros<br \/><strong>c) Si utilizas Chrome<\/strong>, en la secci\u00f3n de Opciones &gt; Opciones avanzadas &gt; Privacidad. Para saber m\u00e1s http:\/\/support.google.com\/chrome\/bin\/answer.py?hl=es&amp;answer=95647<br \/>d) Si utilizas Opera, en la opci\u00f3n de Seguridad y Privacidad, podr\u00e1s configurar el navegador. Para saber m\u00e1s visita<br \/>http:\/\/www.opera.com\/help\/tutorials\/security\/cookies\/<br \/><strong>e) Si utilizas Safari<\/strong>, en la opci\u00f3n Preferencias &gt; Seguridad o Privacidad, podr\u00e1s configurar Navegador. Para saber mas visita:<br \/>hhttps:\/\/support.apple.com\/kb\/PH21411?viewlocale=es_ES&amp;locale=es_ES<br \/><strong>f) Si desea deshabilitar Google Universal Analytics<\/strong>, puede instalar la siguiente extensi\u00f3n proporcionada por Google: https:\/\/tools.google.com\/dlpage\/gaoptout<\/p>\n<p>[\/et_pb_text][\/et_pb_column][\/et_pb_row][\/et_pb_section][et_pb_section fb_built=\u00bb1&#8243; admin_label=\u00bbSecci\u00f3n\u00bb _builder_version=\u00bb4.7.7&#8243; _module_preset=\u00bbdefault\u00bb background_color=\u00bb#f9f9f9&#8243; custom_padding=\u00bb20px||20px||false|false\u00bb global_module=\u00bb499&#8243; saved_tabs=\u00bball\u00bb locked=\u00bboff\u00bb global_colors_info=\u00bb{}\u00bb][et_pb_row _builder_version=\u00bb4.16&#8243; _module_preset=\u00bbdefault\u00bb global_colors_info=\u00bb{}\u00bb][et_pb_column type=\u00bb4_4&#8243; _builder_version=\u00bb4.16&#8243; _module_preset=\u00bbdefault\u00bb global_colors_info=\u00bb{}\u00bb][et_pb_image src=\u00bbhttps:\/\/fidesmv.es\/wp-content\/uploads\/2021\/01\/Logo-1-e1729882188857.png\u00bb alt=\u00bbabout fides\u00bb title_text=\u00bbLogo\u00bb _builder_version=\u00bb4.27.2&#8243; _module_preset=\u00bbdefault\u00bb width=\u00bb15%\u00bb width_tablet=\u00bb\u00bb width_phone=\u00bb50%\u00bb width_last_edited=\u00bbon|phone\u00bb module_alignment=\u00bbcenter\u00bb global_colors_info=\u00bb{}\u00bb][\/et_pb_image][et_pb_text _builder_version=\u00bb4.17.6&#8243; _module_preset=\u00bbdefault\u00bb text_orientation=\u00bbcenter\u00bb global_colors_info=\u00bb{}\u00bb]<\/p>\n<p><span style=\"color: #333333;\"><a href=\"mailto:contactanos@fidesmv.es\" style=\"color: #333333;\">contactanos@fidesmv.es<\/a><\/span><\/p>\n<p>[\/et_pb_text][\/et_pb_column][\/et_pb_row][\/et_pb_section][et_pb_section fb_built=\u00bb1&#8243; admin_label=\u00bbSecci\u00f3n\u00bb _builder_version=\u00bb4.16&#8243; _module_preset=\u00bbdefault\u00bb background_color=\u00bb#434343&#8243; use_background_color_gradient=\u00bbon\u00bb background_color_gradient_stops=\u00bbrgba(67,67,67,0.84) 0%|rgba(67,67,67,0.84) 100%\u00bb background_color_gradient_overlays_image=\u00bbon\u00bb background_color_gradient_start=\u00bbrgba(67,67,67,0.84)\u00bb background_color_gradient_end=\u00bbrgba(67,67,67,0.84)\u00bb background_image=\u00bbhttps:\/\/fidesmv.es\/wp-content\/uploads\/2021\/01\/Objeto-inteligente-vectorial.jpg\u00bb background_blend=\u00bbmultiply\u00bb custom_padding=\u00bb20px||19px||false|false\u00bb global_module=\u00bb500&#8243; global_colors_info=\u00bb{}\u00bb][et_pb_row column_structure=\u00bb1_4,1_4,1_4,1_4&#8243; use_custom_gutter=\u00bbon\u00bb gutter_width=\u00bb1&#8243; _builder_version=\u00bb4.27.2&#8243; _module_preset=\u00bbdefault\u00bb width=\u00bb100%\u00bb max_width=\u00bb1152px\u00bb global_colors_info=\u00bb{}\u00bb][et_pb_column type=\u00bb1_4&#8243; _builder_version=\u00bb4.16&#8243; _module_preset=\u00bbdefault\u00bb global_colors_info=\u00bb{}\u00bb][et_pb_text _builder_version=\u00bb4.27.2&#8243; _module_preset=\u00bbdefault\u00bb text_font_size=\u00bb12px\u00bb text_orientation=\u00bbcenter\u00bb global_colors_info=\u00bb{}\u00bb]<a href=\"https:\/\/fidesmv.es\/?page_id=201\"><span style=\"color: #ffffff;\">QUI\u00c9NES SOMOS<\/span><\/a>[\/et_pb_text][\/et_pb_column][et_pb_column type=\u00bb1_4&#8243; _builder_version=\u00bb4.16&#8243; _module_preset=\u00bbdefault\u00bb global_colors_info=\u00bb{}\u00bb][et_pb_text _builder_version=\u00bb4.27.2&#8243; _module_preset=\u00bbdefault\u00bb text_font_size=\u00bb12px\u00bb text_orientation=\u00bbcenter\u00bb global_colors_info=\u00bb{}\u00bb]<a href=\"https:\/\/fidesmv.es\/?page_id=136\"><span style=\"color: #ffffff;\">AUDITOR\u00cdA<\/span><\/a>[\/et_pb_text][\/et_pb_column][et_pb_column type=\u00bb1_4&#8243; _builder_version=\u00bb4.16&#8243; _module_preset=\u00bbdefault\u00bb global_colors_info=\u00bb{}\u00bb][et_pb_text _builder_version=\u00bb4.27.2&#8243; _module_preset=\u00bbdefault\u00bb text_font_size=\u00bb12px\u00bb text_orientation=\u00bbcenter\u00bb locked=\u00bboff\u00bb global_colors_info=\u00bb{}\u00bb]<a href=\"https:\/\/fidesmv.es\/?page_id=149\"><span style=\"color: #ffffff;\">FORENSIC<\/span><\/a>[\/et_pb_text][\/et_pb_column][et_pb_column type=\u00bb1_4&#8243; _builder_version=\u00bb4.16&#8243; _module_preset=\u00bbdefault\u00bb global_colors_info=\u00bb{}\u00bb][et_pb_text _builder_version=\u00bb4.27.2&#8243; _module_preset=\u00bbdefault\u00bb text_font_size=\u00bb12px\u00bb text_orientation=\u00bbcenter\u00bb global_colors_info=\u00bb{}\u00bb]<a href=\"https:\/\/fidesmv.es\/?page_id=256\"><span style=\"color: #ffffff;\">CONTACTO<\/span><\/a>[\/et_pb_text][\/et_pb_column][\/et_pb_row][et_pb_row _builder_version=\u00bb4.16&#8243; _module_preset=\u00bbdefault\u00bb custom_padding=\u00bb||3px|||\u00bb global_colors_info=\u00bb{}\u00bb][et_pb_column type=\u00bb4_4&#8243; _builder_version=\u00bb4.16&#8243; _module_preset=\u00bbdefault\u00bb global_colors_info=\u00bb{}\u00bb][et_pb_text _builder_version=\u00bb4.27.2&#8243; _module_preset=\u00bbdefault\u00bb text_text_color=\u00bb#a3a3a3&#8243; text_font_size=\u00bb12px\u00bb link_font=\u00bb||||on||||\u00bb link_text_color=\u00bb#a3a3a3&#8243; text_orientation=\u00bbcenter\u00bb global_colors_info=\u00bb{}\u00bb]Fides 2022. Todos los derechos reservados | <a href=\"https:\/\/fidesmv.es\/?page_id=339\" target=\"_blank\" rel=\"noopener noreferrer\">Aviso legal<\/a> | <a href=\"https:\/\/fidesmv.es\/?page_id=407\" target=\"_blank\" rel=\"noopener noreferrer\">Pol\u00edtica de privacidad<\/a> | <a href=\"https:\/\/fidesmv.es\/?page_id=346\" target=\"_blank\" rel=\"noopener noreferrer\">Pol\u00edtica de cookies<\/a> | <a href=\"https:\/\/fidesmv.es\/?page_id=332\" target=\"_blank\" rel=\"noopener noreferrer\">Pol\u00edtica de calidad<\/a>\u00a0| Dise\u00f1ado por Kuombo | Desarrollado por <a href=\"https:\/\/dualtec.es\/\" target=\"_blank\" rel=\"noopener noreferrer\">Dualtec <\/a>[\/et_pb_text][\/et_pb_column][\/et_pb_row][\/et_pb_section]<\/p>\n","protected":false},"excerpt":{"rendered":"<p>Pol\u00edtica de cookies &nbsp; Normativa sobre el uso de cookiesEsta Pol\u00edtica de Cookies es parte integrante del Aviso Legal y la Pol\u00edtica de Privacidad de FIDES AUDIT ASSURANCE, S.L. El acceso y la navegaci\u00f3n en el sitio, o el uso de los servicios del mismo, implican la aceptaci\u00f3n de las Condiciones Generales establecidas en nuestro [&hellip;]<\/p>\n","protected":false},"author":1,"featured_media":0,"parent":0,"menu_order":0,"comment_status":"closed","ping_status":"closed","template":"","meta":{"_et_pb_use_builder":"on","_et_pb_old_content":"","_et_gb_content_width":"","footnotes":""},"class_list":["post-346","page","type-page","status-publish","hentry"],"lang":"es","translations":{"es":346,"en":559,"fr":670,"de":686},"pll_sync_post":[],"_links":{"self":[{"href":"https:\/\/fidesmv.es\/index.php?rest_route=\/wp\/v2\/pages\/346","targetHints":{"allow":["GET"]}}],"collection":[{"href":"https:\/\/fidesmv.es\/index.php?rest_route=\/wp\/v2\/pages"}],"about":[{"href":"https:\/\/fidesmv.es\/index.php?rest_route=\/wp\/v2\/types\/page"}],"author":[{"embeddable":true,"href":"https:\/\/fidesmv.es\/index.php?rest_route=\/wp\/v2\/users\/1"}],"replies":[{"embeddable":true,"href":"https:\/\/fidesmv.es\/index.php?rest_route=%2Fwp%2Fv2%2Fcomments&post=346"}],"version-history":[{"count":4,"href":"https:\/\/fidesmv.es\/index.php?rest_route=\/wp\/v2\/pages\/346\/revisions"}],"predecessor-version":[{"id":1333,"href":"https:\/\/fidesmv.es\/index.php?rest_route=\/wp\/v2\/pages\/346\/revisions\/1333"}],"wp:attachment":[{"href":"https:\/\/fidesmv.es\/index.php?rest_route=%2Fwp%2Fv2%2Fmedia&parent=346"}],"curies":[{"name":"wp","href":"https:\/\/api.w.org\/{rel}","templated":true}]}}