{"id":339,"date":"2021-02-01T09:42:07","date_gmt":"2021-02-01T09:42:07","guid":{"rendered":"https:\/\/fidesmv.es\/?page_id=339"},"modified":"2024-10-29T10:44:26","modified_gmt":"2024-10-29T10:44:26","slug":"aviso-legal","status":"publish","type":"page","link":"https:\/\/fidesmv.es\/?page_id=339","title":{"rendered":"Aviso Legal"},"content":{"rendered":"<p>[et_pb_section fb_built=\u00bb1&#8243; _builder_version=\u00bb4.16&#8243; _module_preset=\u00bbdefault\u00bb global_colors_info=\u00bb{}\u00bb][et_pb_row _builder_version=\u00bb4.16&#8243; _module_preset=\u00bbdefault\u00bb global_colors_info=\u00bb{}\u00bb][et_pb_column type=\u00bb4_4&#8243; _builder_version=\u00bb4.16&#8243; _module_preset=\u00bbdefault\u00bb global_colors_info=\u00bb{}\u00bb][et_pb_text _builder_version=\u00bb4.27.2&#8243; _module_preset=\u00bbdefault\u00bb custom_padding=\u00bb|70px||50px|false|false\u00bb custom_padding_tablet=\u00bb\u00bb custom_padding_phone=\u00bb|0px||0px|false|true\u00bb custom_padding_last_edited=\u00bbon|phone\u00bb locked=\u00bboff\u00bb global_colors_info=\u00bb{}\u00bb]<\/p>\n<h1>Aviso Legal<\/h1>\n<p>&nbsp;<\/p>\n<p><strong>1.- DATOS IDENTIFICATIVOS<\/strong><\/p>\n<p>Para dar cumplimiento a lo previsto en la Ley 34\/2002 de Servicios de la Sociedad de la Informaci\u00f3n y de Comercio Electr\u00f3nico y dem\u00e1s normativa aplicable, a continuaci\u00f3n se indican los datos de informaci\u00f3n general de este sitio web:<\/p>\n<p>Titular: FIDES AUDIT ASSURANCE, S.L.<\/p>\n<p>CIF: B96.430.178<\/p>\n<p>Direcci\u00f3n: C\/ Col\u00f3n n\u00ba 1 \u2013 CP 46004 Valencia<\/p>\n<p>Datos registrales: Inscrita en el Registro Mercantil de Valencia al <span>tomo 5282, libro 2590, folio 1, secci\u00f3n 8\u00aa hoja V43321<\/span><\/p>\n<p>E-mail de contacto: valencia@fidesmv.es<\/p>\n<ol start=\"2\">\n<li><strong>USUARIOS<\/strong><\/li>\n<\/ol>\n<p>El acceso y\/o uso de este portal de FIDES atribuye la condici\u00f3n de USUARIO, que acepta, desde dicho acceso y\/o uso, las Condiciones Generales de Uso aqu\u00ed reflejadas. Las citadas Condiciones ser\u00e1n de aplicaci\u00f3n independientemente de las Condiciones Generales de Contrataci\u00f3n que en su caso resulten de obligado cumplimiento.<\/p>\n<ol start=\"3\">\n<li><strong>PROPIEDAD INTELECTUAL E INDUSTRIAL<\/strong><\/li>\n<\/ol>\n<p>Todos los contenidos del Sitio Web, entendiendo por estos a t\u00edtulo meramente enunciativo, los textos, fotograf\u00edas, gr\u00e1ficos, im\u00e1genes, iconos, tecnolog\u00eda, software, links y dem\u00e1s contenidos audiovisuales o sonoros, as\u00ed como su dise\u00f1o gr\u00e1fico y c\u00f3digos fuente (en adelante, los \u201cContenidos\u201d), son propiedad intelectual de FIDES AUDIT ASSURANCE, S.L. o de terceros, sin que puedan entenderse cedidos al Usuario ninguno de los derechos de explotaci\u00f3n reconocidos por la normativa vigente en materia de propiedad intelectual sobre los mismos, salvo aquellos que resulten estrictamente necesarios para el uso del Sitio Web.<\/p>\n<p>Las marcas, nombres comerciales o signos distintivos son titularidad de FIDES AUDIT ASSURANCE, S.L. o terceros, sin que pueda entenderse que el acceso al Sitio Web atribuya ning\u00fan derecho sobre las citadas marcas, nombres comerciales y\/o signos distintivos. La violaci\u00f3n de los anteriores derechos ser\u00e1 perseguida conforme a la legislaci\u00f3n vigente.<\/p>\n<p>A los efectos de preservar los posibles derechos de propiedad intelectual, en el caso de que cualquier Usuario o un tercero considere que se ha producido una violaci\u00f3n de sus leg\u00edtimos derechos por la introducci\u00f3n de un determinado contenido en el Sitio Web, deber\u00e1 notificar dicha circunstancia a FIDES AUDIT ASSURANCE, S.L. adjuntando la informaci\u00f3n pertinente.<\/p>\n<p>En cualquier caso, FIDES AUDIT ASSURANCE, S.L. no asumir\u00e1 responsabilidad respecto de los derechos de Propiedad Intelectual o Industrial titularidad de terceros que se vean infringidos por un tercero o por el Usuario.<\/p>\n<ol start=\"3\">\n<li><strong>Condiciones de uso del Sitio Web<\/strong><\/li>\n<\/ol>\n<p><strong>3.1 General<\/strong><\/p>\n<p>El Usuario se obliga a hacer un uso correcto del Sitio Web de conformidad con la Ley y las presentes condiciones. El Usuario responder\u00e1 frente a , FIDES AUDIT ASSURANCE, S.L. o frente a terceros, de cualesquiera da\u00f1os y perjuicios que pudieran causarse como consecuencia del incumplimiento de dicha obligaci\u00f3n.<\/p>\n<p>Queda expresamente prohibido el uso del Sitio Web con fines lesivos de bienes o intereses de, FIDES AUDIT ASSURANCE, S.L.. o de terceros o que de cualquier otra forma sobrecarguen, da\u00f1en o inutilicen las redes, servidores y dem\u00e1s equipos inform\u00e1ticos (hardware) o productos y aplicaciones inform\u00e1ticas (software) de , FIDES AUDIT ASSURANCE, S.L.. o de terceros.<\/p>\n<p><strong>3.2 Contenidos<\/strong><\/p>\n<p>El Usuario se compromete a utilizar los Contenidos de conformidad con la Ley y el presente aviso legal, as\u00ed como con las dem\u00e1s condiciones, reglamentos e instrucciones que, en su caso pudieran ser de aplicaci\u00f3n.<\/p>\n<p>Con car\u00e1cter meramente enunciativo, el Usuario, de acuerdo con la legislaci\u00f3n vigente, deber\u00e1 abstenerse de:<\/p>\n<p>Reproducir, copiar, distribuir, poner a disposici\u00f3n, comunicar p\u00fablicamente, transformar o modificar los Contenidos salvo en los casos autorizados en la ley o expresamente consentidos por, FIDES AUDIT ASSURANCE, S.L.. o por quien ostente la titularidad de los derechos de explotaci\u00f3n en su caso.<\/p>\n<p>Reproducir o copiar para uso privado los Contenidos que puedan ser considerados como Software o Base de Datos de conformidad con la legislaci\u00f3n vigente en materia de propiedad intelectual, as\u00ed como su comunicaci\u00f3n p\u00fablica o puesta a disposici\u00f3n de terceros cuando estos actos impliquen necesariamente la reproducci\u00f3n por parte del Usuario o de un tercero.<\/p>\n<p>Extraer y\/o reutilizar la totalidad o una parte sustancial de los Contenidos integrantes del Sitio Web as\u00ed como de las bases de datos que FIDES AUDIT ASSURANCE S.L. pueda poner eventualmente a disposici\u00f3n de los Usuarios.<\/p>\n<p>Utilizar los servicios conforme a lo establecido en la ley, la moral, el orden p\u00fablico y las presentes Condiciones Generales, haciendo un uso adecuado de los servicios y\/o contenidos del Sitio Web y no emple\u00e1ndolos para realizar actividades il\u00edcitas o constitutivas de delito, que atenten contra los derechos de terceros y\/o que infrinjan la regulaci\u00f3n sobre propiedad intelectual e industrial, o cualesquiera otras normas del ordenamiento jur\u00eddico aplicable.<\/p>\n<p>As\u00ed como cualquier otra conducta similar a las anteriores, de conformidad con la legislaci\u00f3n vigente.<\/p>\n<p><strong>3.3 Formularios de recogida de datos<\/strong><\/p>\n<p>Sin perjuicio de lo dispuesto en el aviso legal espec\u00edfico en materia de pol\u00edtica de privacidad y protecci\u00f3n de datos, accesible desde el Sitio Web y que pudiera resultar aplicable en cada momento, la posibilidad de contactar con el despacho de forma on-line est\u00e1 condicionada a la previa cumplimentaci\u00f3n del correspondiente registro de Usuario.<\/p>\n<p>Toda la informaci\u00f3n que facilite el Usuario a trav\u00e9s de los formularios del Sitio Web a los efectos anteriores, o cualesquiera otros, deber\u00e1 ser veraz. A estos efectos, el Usuario garantiza la autenticidad de todos aquellos datos que comunique y mantendr\u00e1 la informaci\u00f3n facilitada a, FIDES AUDIT ASSURANCE, S.L. perfectamente actualizada de forma que responda, en todo momento, a la situaci\u00f3n real del Usuario. En todo caso ser\u00e1 el Usuario el \u00fanico responsable de las manifestaciones falsas o inexactas que realice y de los perjuicios que cause a FIDES AUDIT ASSURANCE, S.L.. o a terceros por la informaci\u00f3n que facilite.<\/p>\n<p><strong>3.4 Introducci\u00f3n de enlaces al Sitio Web<\/strong><\/p>\n<p>El usuario de Internet que quiera introducir enlaces desde sus propias p\u00e1ginas web al Sitio Web de FIDES AUDIT ASSURANCE, S.L. deber\u00e1 solicitar autorizaci\u00f3n expresa para ello.<\/p>\n<p>Est\u00e1 prohibida la utilizaci\u00f3n de cualquier marca denominativa, gr\u00e1fica o mixta o cualquier otro signo distintivo de , FIDES AUDIT ASSURANCE, S.L.. dentro de la p\u00e1gina del remitente salvo en los casos expresamente autorizados por FIDES AUDIT ASSURANCE, S.L<\/p>\n<ol start=\"4\">\n<li><strong>Exclusi\u00f3n de responsabilidad<\/strong><\/li>\n<\/ol>\n<p><strong>4.1 De la Informaci\u00f3n<\/strong><\/p>\n<p>El acceso al Sitio Web no implica la obligaci\u00f3n por parte de FIDES AUDIT ASSURANCE, S.L.. de comprobar la veracidad, exactitud, adecuaci\u00f3n, idoneidad, exhaustividad y actualidad de la informaci\u00f3n suministrada a trav\u00e9s del mismo.<\/p>\n<p>En este sentido, , FIDES AUDIT ASSURANCE, S.L. no garantiza que los contenidos del website vayan a estar permanentemente actualizados, ni que carezcan de cualquier clase de error, por lo que , FIDES AUDIT ASSURANCE, S.L. no se responsabiliza por cualquier da\u00f1o y\/o perjuicio y\/o beneficio dejado de obtener por el Usuario o por cualquier tercero que se vea perjudicado a consecuencia de los mismos.<\/p>\n<p><strong>4.2 De la calidad del servicio<\/strong><\/p>\n<p>El acceso al Sitio Web no implica la obligaci\u00f3n por parte de FIDES AUDIT ASSURANCE S.L.. de controlar la ausencia de virus, gusanos o cualquier otro elemento inform\u00e1tico da\u00f1ino. Corresponde al Usuario, en todo caso, la disponibilidad de herramientas adecuadas para la detecci\u00f3n y desinfecci\u00f3n de programas inform\u00e1ticos da\u00f1inos.<\/p>\n<p>FIDES AUDIT ASSURANCE, S.L. no se responsabiliza de los da\u00f1os producidos en los equipos inform\u00e1ticos de los Usuarios o de terceros durante la prestaci\u00f3n del servicio del Sitio Web.<\/p>\n<p>4.3 De la disponibilidad del Servicio<\/p>\n<p>El acceso al Sitio Web requiere de servicios y suministros de terceros, incluidos el transporte a trav\u00e9s de redes de telecomunicaciones cuya fiabilidad, calidad, continuidad y funcionamiento depende de terceros. Por consiguiente, los servicios prove\u00eddos a trav\u00e9s del Sitio Web pueden ser suspendidos, cancelados o resultar inaccesibles, con car\u00e1cter previo o simult\u00e1neo a la prestaci\u00f3n del servicio del Sitio Web.<\/p>\n<p>FIDES AUDIT ASSURANCE, S.L. no se responsabiliza de los da\u00f1os o perjuicios de cualquier tipo producidos en el Usuario que traigan causa de fallos o desconexiones en las redes de telecomunicaciones que produzcan la suspensi\u00f3n, cancelaci\u00f3n o interrupci\u00f3n del servicio del Sitio Web durante la prestaci\u00f3n del mismo o con car\u00e1cter previo.<\/p>\n<ol start=\"5\">\n<li><strong>Protecci\u00f3n de datos personales<\/strong><\/li>\n<\/ol>\n<p>Sus datos son tratados por FIDES AUDIT ASSURANCE, S.L. para nuestras actividades profesionales y comerciales seg\u00fan el Reglamento General de Protecci\u00f3n de Datos (UE) 2016\/679 y su normativa de desarrollo; se mantendr\u00e1n exclusivamente mientras sean necesarios para dichas finalidades y Ud. no se oponga, o seg\u00fan determine la legislaci\u00f3n que en cada circunstancia sea aplicable; no se ceder\u00e1n a ning\u00fan tercero, excepto por obligaciones legales. Para saber qu\u00e9 informaci\u00f3n disponemos de Ud, rectificarla, suprimirla o limitar su tratamiento, env\u00edenos un escrito al efecto a nuestra direcci\u00f3n valencia@fidesmv.es, o a nuestra direcci\u00f3n C\/ Col\u00f3n n\u00ba 1 \u2013 CP 46004 Valencia. El derecho de reclamaci\u00f3n puede ejercerlo ante la Agencia Espa\u00f1ola de Protecci\u00f3n de Datos (<a href=\"http:\/\/www.aepd.es\/\">www.aepd.es<\/a>).<\/p>\n<ol start=\"6\">\n<li><strong>Necesidad de registro<\/strong><\/li>\n<\/ol>\n<p>Con car\u00e1cter general, para acceder y navegar por los contenidos del Sitio Web no es necesario el registro. Ello no obstante, la utilizaci\u00f3n de determinados servicios y contenidos puede estar condicionada a su previo registro.<\/p>\n<p>Los datos facilitados en el Sitio Web deben ser exactos, actuales y veraces. En todo momento ser\u00e1s responsable de la custodia de su password, asumiendo en consecuencia cualesquiera da\u00f1os y perjuicios que pudieran derivarse de su uso indebido, as\u00ed como de la cesi\u00f3n, revelaci\u00f3n o extrav\u00edo del mismo. A estos efectos, el acceso a \u00e1reas restringidas y\/o el uso de los servicios y contenidos realizado bajo su password se reputar\u00e1n realizados por Usted, por lo que deber\u00e1 responder en todo caso de dicho acceso y uso.<\/p>\n<ol start=\"7\">\n<li><strong>Legislaci\u00f3n aplicable y jurisdicci\u00f3n competente<\/strong><\/li>\n<\/ol>\n<p>El Usuario acepta que la legislaci\u00f3n aplicable al funcionamiento de este servicio es la espa\u00f1ola, puesto que FIDES AUDIT ASSURANCE, S.L desarrolla desde Espa\u00f1a su actividad y se somete a la jurisdicci\u00f3n de los Juzgados y Tribunales del lugar de domicilio del consumidor para la resoluci\u00f3n de las divergencias que se deriven de la interpretaci\u00f3n o aplicaci\u00f3n de este clausulado.<\/p>\n<p>[\/et_pb_text][\/et_pb_column][\/et_pb_row][\/et_pb_section][et_pb_section fb_built=\u00bb1&#8243; admin_label=\u00bbSecci\u00f3n\u00bb _builder_version=\u00bb4.7.7&#8243; _module_preset=\u00bbdefault\u00bb background_color=\u00bb#f9f9f9&#8243; custom_padding=\u00bb20px||20px||false|false\u00bb global_module=\u00bb499&#8243; saved_tabs=\u00bball\u00bb locked=\u00bboff\u00bb global_colors_info=\u00bb{}\u00bb][et_pb_row _builder_version=\u00bb4.16&#8243; _module_preset=\u00bbdefault\u00bb global_colors_info=\u00bb{}\u00bb][et_pb_column type=\u00bb4_4&#8243; _builder_version=\u00bb4.16&#8243; _module_preset=\u00bbdefault\u00bb global_colors_info=\u00bb{}\u00bb][et_pb_image src=\u00bbhttps:\/\/fidesmv.es\/wp-content\/uploads\/2021\/01\/Logo-1-e1729882188857.png\u00bb alt=\u00bbabout fides\u00bb title_text=\u00bbLogo\u00bb _builder_version=\u00bb4.27.2&#8243; _module_preset=\u00bbdefault\u00bb width=\u00bb15%\u00bb width_tablet=\u00bb\u00bb width_phone=\u00bb50%\u00bb width_last_edited=\u00bbon|phone\u00bb module_alignment=\u00bbcenter\u00bb global_colors_info=\u00bb{}\u00bb][\/et_pb_image][et_pb_text _builder_version=\u00bb4.17.6&#8243; _module_preset=\u00bbdefault\u00bb text_orientation=\u00bbcenter\u00bb global_colors_info=\u00bb{}\u00bb]<\/p>\n<p><span style=\"color: #333333;\"><a href=\"mailto:contactanos@fidesmv.es\" style=\"color: #333333;\">contactanos@fidesmv.es<\/a><\/span><\/p>\n<p>[\/et_pb_text][\/et_pb_column][\/et_pb_row][\/et_pb_section][et_pb_section fb_built=\u00bb1&#8243; admin_label=\u00bbSecci\u00f3n\u00bb _builder_version=\u00bb4.16&#8243; _module_preset=\u00bbdefault\u00bb background_color=\u00bb#434343&#8243; use_background_color_gradient=\u00bbon\u00bb background_color_gradient_stops=\u00bbrgba(67,67,67,0.84) 0%|rgba(67,67,67,0.84) 100%\u00bb background_color_gradient_overlays_image=\u00bbon\u00bb background_color_gradient_start=\u00bbrgba(67,67,67,0.84)\u00bb background_color_gradient_end=\u00bbrgba(67,67,67,0.84)\u00bb background_image=\u00bbhttps:\/\/fidesmv.es\/wp-content\/uploads\/2021\/01\/Objeto-inteligente-vectorial.jpg\u00bb background_blend=\u00bbmultiply\u00bb custom_padding=\u00bb20px||19px||false|false\u00bb global_module=\u00bb500&#8243; global_colors_info=\u00bb{}\u00bb][et_pb_row column_structure=\u00bb1_4,1_4,1_4,1_4&#8243; use_custom_gutter=\u00bbon\u00bb gutter_width=\u00bb1&#8243; _builder_version=\u00bb4.27.2&#8243; _module_preset=\u00bbdefault\u00bb width=\u00bb100%\u00bb max_width=\u00bb1152px\u00bb global_colors_info=\u00bb{}\u00bb][et_pb_column type=\u00bb1_4&#8243; _builder_version=\u00bb4.16&#8243; _module_preset=\u00bbdefault\u00bb global_colors_info=\u00bb{}\u00bb][et_pb_text _builder_version=\u00bb4.27.2&#8243; _module_preset=\u00bbdefault\u00bb text_font_size=\u00bb12px\u00bb text_orientation=\u00bbcenter\u00bb global_colors_info=\u00bb{}\u00bb]<a href=\"https:\/\/fidesmv.es\/?page_id=201\"><span style=\"color: #ffffff;\">QUI\u00c9NES SOMOS<\/span><\/a>[\/et_pb_text][\/et_pb_column][et_pb_column type=\u00bb1_4&#8243; _builder_version=\u00bb4.16&#8243; _module_preset=\u00bbdefault\u00bb global_colors_info=\u00bb{}\u00bb][et_pb_text _builder_version=\u00bb4.27.2&#8243; _module_preset=\u00bbdefault\u00bb text_font_size=\u00bb12px\u00bb text_orientation=\u00bbcenter\u00bb global_colors_info=\u00bb{}\u00bb]<a href=\"https:\/\/fidesmv.es\/?page_id=136\"><span style=\"color: #ffffff;\">AUDITOR\u00cdA<\/span><\/a>[\/et_pb_text][\/et_pb_column][et_pb_column type=\u00bb1_4&#8243; _builder_version=\u00bb4.16&#8243; _module_preset=\u00bbdefault\u00bb global_colors_info=\u00bb{}\u00bb][et_pb_text _builder_version=\u00bb4.27.2&#8243; _module_preset=\u00bbdefault\u00bb text_font_size=\u00bb12px\u00bb text_orientation=\u00bbcenter\u00bb locked=\u00bboff\u00bb global_colors_info=\u00bb{}\u00bb]<a href=\"https:\/\/fidesmv.es\/?page_id=149\"><span style=\"color: #ffffff;\">FORENSIC<\/span><\/a>[\/et_pb_text][\/et_pb_column][et_pb_column type=\u00bb1_4&#8243; _builder_version=\u00bb4.16&#8243; _module_preset=\u00bbdefault\u00bb global_colors_info=\u00bb{}\u00bb][et_pb_text _builder_version=\u00bb4.27.2&#8243; _module_preset=\u00bbdefault\u00bb text_font_size=\u00bb12px\u00bb text_orientation=\u00bbcenter\u00bb global_colors_info=\u00bb{}\u00bb]<a href=\"https:\/\/fidesmv.es\/?page_id=256\"><span style=\"color: #ffffff;\">CONTACTO<\/span><\/a>[\/et_pb_text][\/et_pb_column][\/et_pb_row][et_pb_row _builder_version=\u00bb4.16&#8243; _module_preset=\u00bbdefault\u00bb custom_padding=\u00bb||3px|||\u00bb global_colors_info=\u00bb{}\u00bb][et_pb_column type=\u00bb4_4&#8243; _builder_version=\u00bb4.16&#8243; _module_preset=\u00bbdefault\u00bb global_colors_info=\u00bb{}\u00bb][et_pb_text _builder_version=\u00bb4.27.2&#8243; _module_preset=\u00bbdefault\u00bb text_text_color=\u00bb#a3a3a3&#8243; text_font_size=\u00bb12px\u00bb link_font=\u00bb||||on||||\u00bb link_text_color=\u00bb#a3a3a3&#8243; text_orientation=\u00bbcenter\u00bb global_colors_info=\u00bb{}\u00bb]Fides 2022. Todos los derechos reservados | <a href=\"https:\/\/fidesmv.es\/?page_id=339\" target=\"_blank\" rel=\"noopener noreferrer\">Aviso legal<\/a> | <a href=\"https:\/\/fidesmv.es\/?page_id=407\" target=\"_blank\" rel=\"noopener noreferrer\">Pol\u00edtica de privacidad<\/a> | <a href=\"https:\/\/fidesmv.es\/?page_id=346\" target=\"_blank\" rel=\"noopener noreferrer\">Pol\u00edtica de cookies<\/a> | <a href=\"https:\/\/fidesmv.es\/?page_id=332\" target=\"_blank\" rel=\"noopener noreferrer\">Pol\u00edtica de calidad<\/a>\u00a0| Dise\u00f1ado por Kuombo | Desarrollado por <a href=\"https:\/\/dualtec.es\/\" target=\"_blank\" rel=\"noopener noreferrer\">Dualtec <\/a>[\/et_pb_text][\/et_pb_column][\/et_pb_row][\/et_pb_section]<\/p>\n","protected":false},"excerpt":{"rendered":"<p>Aviso Legal &nbsp; 1.- DATOS IDENTIFICATIVOS Para dar cumplimiento a lo previsto en la Ley 34\/2002 de Servicios de la Sociedad de la Informaci\u00f3n y de Comercio Electr\u00f3nico y dem\u00e1s normativa aplicable, a continuaci\u00f3n se indican los datos de informaci\u00f3n general de este sitio web: Titular: FIDES AUDIT ASSURANCE, S.L. CIF: B96.430.178 Direcci\u00f3n: C\/ Col\u00f3n [&hellip;]<\/p>\n","protected":false},"author":1,"featured_media":0,"parent":0,"menu_order":0,"comment_status":"closed","ping_status":"closed","template":"","meta":{"_et_pb_use_builder":"on","_et_pb_old_content":"","_et_gb_content_width":"","footnotes":""},"class_list":["post-339","page","type-page","status-publish","hentry"],"lang":"es","translations":{"es":339,"en":547,"fr":675,"de":691},"pll_sync_post":[],"_links":{"self":[{"href":"https:\/\/fidesmv.es\/index.php?rest_route=\/wp\/v2\/pages\/339","targetHints":{"allow":["GET"]}}],"collection":[{"href":"https:\/\/fidesmv.es\/index.php?rest_route=\/wp\/v2\/pages"}],"about":[{"href":"https:\/\/fidesmv.es\/index.php?rest_route=\/wp\/v2\/types\/page"}],"author":[{"embeddable":true,"href":"https:\/\/fidesmv.es\/index.php?rest_route=\/wp\/v2\/users\/1"}],"replies":[{"embeddable":true,"href":"https:\/\/fidesmv.es\/index.php?rest_route=%2Fwp%2Fv2%2Fcomments&post=339"}],"version-history":[{"count":8,"href":"https:\/\/fidesmv.es\/index.php?rest_route=\/wp\/v2\/pages\/339\/revisions"}],"predecessor-version":[{"id":1417,"href":"https:\/\/fidesmv.es\/index.php?rest_route=\/wp\/v2\/pages\/339\/revisions\/1417"}],"wp:attachment":[{"href":"https:\/\/fidesmv.es\/index.php?rest_route=%2Fwp%2Fv2%2Fmedia&parent=339"}],"curies":[{"name":"wp","href":"https:\/\/api.w.org\/{rel}","templated":true}]}}