{"id":332,"date":"2021-02-01T09:39:09","date_gmt":"2021-02-01T09:39:09","guid":{"rendered":"https:\/\/fidesmv.es\/?page_id=332"},"modified":"2023-11-29T20:09:36","modified_gmt":"2023-11-29T20:09:36","slug":"politica-de-calidad","status":"publish","type":"page","link":"https:\/\/fidesmv.es\/?page_id=332","title":{"rendered":"Pol\u00edtica de Calidad"},"content":{"rendered":"<p>[et_pb_section fb_built=\u00bb1&#8243; custom_padding_last_edited=\u00bbon|desktop\u00bb _builder_version=\u00bb4.16&#8243; _module_preset=\u00bbdefault\u00bb background_image=\u00bbhttps:\/\/fidesmv.es\/wp-content\/uploads\/2021\/01\/group-of-lawyers-discussing-contract-together-in-P4N6DFA-1-scaled.jpg\u00bb custom_padding=\u00bb100px||100px||true|false\u00bb custom_padding_tablet=\u00bb\u00bb custom_padding_phone=\u00bb\u00bb animation_style=\u00bbslide\u00bb animation_direction=\u00bbtop\u00bb global_colors_info=\u00bb{}\u00bb][\/et_pb_section][et_pb_section fb_built=\u00bb1&#8243; _builder_version=\u00bb4.16&#8243; _module_preset=\u00bbdefault\u00bb global_colors_info=\u00bb{}\u00bb][et_pb_row _builder_version=\u00bb4.16&#8243; _module_preset=\u00bbdefault\u00bb global_colors_info=\u00bb{}\u00bb][et_pb_column type=\u00bb4_4&#8243; _builder_version=\u00bb4.16&#8243; _module_preset=\u00bbdefault\u00bb global_colors_info=\u00bb{}\u00bb][et_pb_text _builder_version=\u00bb4.23.1&#8243; _module_preset=\u00bbdefault\u00bb custom_padding=\u00bb|70px||50px|false|false\u00bb custom_padding_tablet=\u00bb\u00bb custom_padding_phone=\u00bb|0px||0px|false|true\u00bb custom_padding_last_edited=\u00bbon|phone\u00bb locked=\u00bboff\u00bb global_colors_info=\u00bb{}\u00bb]<\/p>\n<h1>Pol\u00edtica de calidad<\/h1>\n<p>&nbsp;<\/p>\n<p>&nbsp;<\/p>\n<p>La Direcci\u00f3n de FIDES establece y mantiene actualizada una pol\u00edtica de la calidad que define sus objetivos y donde refleja la orientaci\u00f3n de todas las actividades de la empresa descritas en el sistema. Esta pol\u00edtica de la calidad se declara de obligado cumplimiento y se difunde a todo el personal asegurando que sea entendida por todos.<\/p>\n<p>Se desarrolla en los siguientes puntos:<\/p>\n<p><strong>Satisfacer plenamente las necesidades del cliente<\/strong>, proporcionando a nuestros clientes servicios profesionales independientes y de elevada calidad, realizando nuestro trabajo de acuerdo con las normas de auditor\u00eda generalmente aceptadas, emitidas por el Instituto de Auditores Censores Jurados de Cuentas de Espa\u00f1a y\/o publicadas por el Instituto de Contabilidad y Auditor\u00eda de Cuentas, con el fin de cumplir los objetivos siguientes:<\/p>\n<p>\u2013 Obtener seguridad razonable de que todo el personal profesional, a cualquier nivel de responsabilidad, mantiene sus cualidades de independencia, integridad, objetividad y secreto profesional.<\/p>\n<p>\u2013 Obtener una seguridad razonable de que el personal profesional tiene la formaci\u00f3n y la capacidad necesarias que nos permitan cumplir adecuadamente las responsabilidades y funciones que se les asignan.<\/p>\n<p>\u2013 Decidir la aceptaci\u00f3n de continuidad de clientes, teniendo en consideraci\u00f3n nuestra independencia y nuestra capacidad para proporcionar un servicio adecuado y teniendo en cuenta la integridad de la Direcci\u00f3n y sus Accionistas.<\/p>\n<p>\u2013 Obtener seguridad razonable de que la planificaci\u00f3n, ejecuci\u00f3n y supervisi\u00f3n de los trabajos se han realizado cumpliendo nuestros requisitos de calidad, asegur\u00e1ndonos de que los informes de auditor\u00eda emitidos por FIDES son adecuados a las circunstancias.<\/p>\n<p>Para cumplir estos objetivos todas nuestras actuaciones se desarrollan pensando en nuestros clientes.<\/p>\n<ul>\n<li><strong>Implantar la filosof\u00eda de la Mejora Continua<\/strong>\u00a0con el objetivo de conseguir unos servicios que resulten cada vez m\u00e1s satisfactorios para nuestros clientes. Para ello se establecer\u00e1 anualmente un\u00a0<strong>F.5.01 Programa de Objetivos <\/strong>de calidad y se procurar\u00e1 desarrollar en todo el personal una mentalidad de constante mejora en su puesto de trabajo, detectando no solo los fallos y sus causas, sino reconociendo a tiempo los fallos potenciales y su eliminaci\u00f3n.<\/li>\n<li><strong>Conseguir la motivaci\u00f3n de todo el personal<\/strong>\u00a0como condici\u00f3n indispensable para el futuro de la empresa. La Direcci\u00f3n est\u00e1 plenamente convencida de que el \u00e9xito de la empresa depende fundamentalmente de la actuaci\u00f3n de sus trabajadores, por lo que pondr\u00e1 los medios para conseguir que todo el personal se sienta motivado y participe en las acciones de mejora de la Calidad. Establecer\u00e1 todos los mecanismos que sean necesarios para\u00a0<strong>mejorar la comunicaci\u00f3n interna<\/strong>\u00a0a todos los niveles de la empresa.<\/li>\n<li><strong>Gestionar los riesgos<\/strong>\u00a0de forma preventiva, evitando la aceptaci\u00f3n de clientes que pudieran da\u00f1ar la imagen de la firma por encontrarse en sectores de alto riesgo con un bajo control interno o\u00a0<strong>detectando\u00a0<\/strong>clientes ya aceptados que por circunstancias del mercado o coyuntura econ\u00f3mica pudieran ser potencialmente\u00a0<strong>peligrosos<\/strong>.<\/li>\n<\/ul>\n<p>La Direcci\u00f3n es consciente de que para que las directrices anteriores lleguen efectivamente a implantarse en la empresa, debe poner a disposici\u00f3n del personal los correspondientes medios materiales y humanos necesarios, los cuales se compromete a facilitar.<\/p>\n<p>[\/et_pb_text][\/et_pb_column][\/et_pb_row][\/et_pb_section][et_pb_section fb_built=\u00bb1&#8243; _builder_version=\u00bb4.7.7&#8243; _module_preset=\u00bbdefault\u00bb background_color=\u00bb#f9f9f9&#8243; custom_padding=\u00bb20px||20px||false|false\u00bb global_module=\u00bb499&#8243; saved_tabs=\u00bball\u00bb locked=\u00bboff\u00bb global_colors_info=\u00bb{}\u00bb][et_pb_row _builder_version=\u00bb4.16&#8243; _module_preset=\u00bbdefault\u00bb global_colors_info=\u00bb{}\u00bb][et_pb_column type=\u00bb4_4&#8243; _builder_version=\u00bb4.16&#8243; _module_preset=\u00bbdefault\u00bb global_colors_info=\u00bb{}\u00bb][et_pb_image src=\u00bbhttps:\/\/fidesmv.es\/wp-content\/uploads\/2021\/01\/Logo-1.png\u00bb title_text=\u00bbLogo\u00bb _builder_version=\u00bb4.16&#8243; _module_preset=\u00bbdefault\u00bb width=\u00bb15%\u00bb width_tablet=\u00bb\u00bb width_phone=\u00bb50%\u00bb width_last_edited=\u00bbon|phone\u00bb module_alignment=\u00bbcenter\u00bb global_colors_info=\u00bb{}\u00bb][\/et_pb_image][et_pb_text _builder_version=\u00bb4.17.6&#8243; _module_preset=\u00bbdefault\u00bb text_orientation=\u00bbcenter\u00bb global_colors_info=\u00bb{}\u00bb]<\/p>\n<p><span style=\"color: #333333;\"><a href=\"mailto:contactanos@fidesmv.es\" style=\"color: #333333;\">contactanos@fidesmv.es<\/a><\/span><\/p>\n<p>[\/et_pb_text][\/et_pb_column][\/et_pb_row][et_pb_row column_structure=\u00bb1_3,1_3,1_3&#8243; use_custom_gutter=\u00bbon\u00bb gutter_width=\u00bb1&#8243; custom_padding_last_edited=\u00bbon|phone\u00bb _builder_version=\u00bb4.16&#8243; _module_preset=\u00bbdefault\u00bb width=\u00bb70%\u00bb custom_padding_tablet=\u00bb\u00bb custom_padding_phone=\u00bb0px||||false|false\u00bb global_colors_info=\u00bb{}\u00bb][et_pb_column type=\u00bb1_3&#8243; _builder_version=\u00bb4.16&#8243; _module_preset=\u00bbdefault\u00bb global_colors_info=\u00bb{}\u00bb][et_pb_text _builder_version=\u00bb4.16&#8243; _module_preset=\u00bbdefault\u00bb text_orientation=\u00bbcenter\u00bb global_colors_info=\u00bb{}\u00bb]<\/p>\n<p><span style=\"color: #ff0000;\"><strong>VALENCIA<\/strong> <span style=\"color: #333333;\"><a href=\"tel:936%20524 611\" style=\"color: #333333;\">963 524 611<\/a><\/span><\/span><\/p>\n<p>[\/et_pb_text][\/et_pb_column][et_pb_column type=\u00bb1_3&#8243; _builder_version=\u00bb4.16&#8243; _module_preset=\u00bbdefault\u00bb global_colors_info=\u00bb{}\u00bb][et_pb_text _builder_version=\u00bb4.16&#8243; _module_preset=\u00bbdefault\u00bb text_orientation=\u00bbcenter\u00bb global_colors_info=\u00bb{}\u00bb]<\/p>\n<p><span style=\"color: #ff0000;\"><span style=\"color: #333333;\"><span color=\"#ff0000\" style=\"color: #ff0000;\"><b>CASTELL\u00d3N\u00a0<\/b><\/span><a href=\"tel:964 291 163\" style=\"color: #333333;\">964 291 163<\/a><\/span><\/span><\/p>\n<p>[\/et_pb_text][\/et_pb_column][et_pb_column type=\u00bb1_3&#8243; _builder_version=\u00bb4.16&#8243; _module_preset=\u00bbdefault\u00bb global_colors_info=\u00bb{}\u00bb][et_pb_text _builder_version=\u00bb4.16&#8243; _module_preset=\u00bbdefault\u00bb text_orientation=\u00bbcenter\u00bb global_colors_info=\u00bb{}\u00bb]<\/p>\n<p><span style=\"color: #ff0000;\"><span style=\"color: #333333;\"><span color=\"#ff0000\" style=\"color: #ff0000;\"><b>ALICANTE\u00a0<\/b><\/span><a href=\"tel:965 210 350\" style=\"color: #333333;\">965 210 350<\/a><\/span><\/span><\/p>\n<p>[\/et_pb_text][\/et_pb_column][\/et_pb_row][\/et_pb_section][et_pb_section fb_built=\u00bb1&#8243; _builder_version=\u00bb4.16&#8243; _module_preset=\u00bbdefault\u00bb background_color=\u00bb#434343&#8243; use_background_color_gradient=\u00bbon\u00bb background_color_gradient_stops=\u00bbrgba(67,67,67,0.84) 0%|rgba(67,67,67,0.84) 100%\u00bb background_color_gradient_overlays_image=\u00bbon\u00bb background_color_gradient_start=\u00bbrgba(67,67,67,0.84)\u00bb background_color_gradient_end=\u00bbrgba(67,67,67,0.84)\u00bb background_image=\u00bbhttps:\/\/fidesmv.es\/wp-content\/uploads\/2021\/01\/Objeto-inteligente-vectorial.jpg\u00bb background_blend=\u00bbmultiply\u00bb custom_padding=\u00bb20px||19px||false|false\u00bb global_module=\u00bb500&#8243; global_colors_info=\u00bb{}\u00bb][et_pb_row column_structure=\u00bb1_6,1_6,1_6,1_6,1_6,1_6&#8243; use_custom_gutter=\u00bbon\u00bb gutter_width=\u00bb1&#8243; _builder_version=\u00bb4.16&#8243; _module_preset=\u00bbdefault\u00bb width=\u00bb100%\u00bb max_width=\u00bb1152px\u00bb global_colors_info=\u00bb{}\u00bb][et_pb_column type=\u00bb1_6&#8243; _builder_version=\u00bb4.16&#8243; _module_preset=\u00bbdefault\u00bb global_colors_info=\u00bb{}\u00bb][et_pb_text _builder_version=\u00bb4.16&#8243; _module_preset=\u00bbdefault\u00bb text_font_size=\u00bb12px\u00bb text_orientation=\u00bbcenter\u00bb global_colors_info=\u00bb{}\u00bb]<a href=\"https:\/\/fidesmv.es\/quienes-somos\/\"><span style=\"color: #ffffff;\">QUI\u00c9NES SOMOS<\/span><\/a>[\/et_pb_text][\/et_pb_column][et_pb_column type=\u00bb1_6&#8243; _builder_version=\u00bb4.16&#8243; _module_preset=\u00bbdefault\u00bb global_colors_info=\u00bb{}\u00bb][et_pb_text _builder_version=\u00bb4.16&#8243; _module_preset=\u00bbdefault\u00bb text_font_size=\u00bb12px\u00bb text_orientation=\u00bbcenter\u00bb global_colors_info=\u00bb{}\u00bb]<\/p>\n<p><a href=\"https:\/\/fidesmv.es\/auditoria\/\"><span style=\"color: #ffffff;\">AUDITOR\u00cdA<\/span><\/a><\/p>\n<p>[\/et_pb_text][\/et_pb_column][et_pb_column type=\u00bb1_6&#8243; _builder_version=\u00bb4.16&#8243; _module_preset=\u00bbdefault\u00bb global_colors_info=\u00bb{}\u00bb][et_pb_text _builder_version=\u00bb4.16&#8243; _module_preset=\u00bbdefault\u00bb text_font_size=\u00bb12px\u00bb text_orientation=\u00bbcenter\u00bb global_colors_info=\u00bb{}\u00bb]<a href=\"https:\/\/fidesmv.es\/asesoria\/\"><span style=\"color: #ffffff;\">ASESOR\u00cdA FISCAL &#8211; CONTABLE<\/span><\/a>[\/et_pb_text][\/et_pb_column][et_pb_column type=\u00bb1_6&#8243; _builder_version=\u00bb4.16&#8243; _module_preset=\u00bbdefault\u00bb global_colors_info=\u00bb{}\u00bb][et_pb_text _builder_version=\u00bb4.16&#8243; _module_preset=\u00bbdefault\u00bb text_font_size=\u00bb12px\u00bb text_orientation=\u00bbcenter\u00bb global_colors_info=\u00bb{}\u00bb]<a href=\"https:\/\/fidesmv.es\/forensic\/\"><span style=\"color: #ffffff;\">FORENSIC<\/span><\/a>[\/et_pb_text][\/et_pb_column][et_pb_column type=\u00bb1_6&#8243; _builder_version=\u00bb4.16&#8243; _module_preset=\u00bbdefault\u00bb global_colors_info=\u00bb{}\u00bb][et_pb_text _builder_version=\u00bb4.16&#8243; _module_preset=\u00bbdefault\u00bb text_font_size=\u00bb12px\u00bb text_orientation=\u00bbcenter\u00bb global_colors_info=\u00bb{}\u00bb]<\/p>\n<p><a href=\"https:\/\/fidesmv.es\/juridico-concursal\/\"><span style=\"color: #ffffff;\">JUR\u00cdDICO &#8211; CONCURSAL<\/span><\/a><\/p>\n<p>[\/et_pb_text][\/et_pb_column][et_pb_column type=\u00bb1_6&#8243; _builder_version=\u00bb4.16&#8243; _module_preset=\u00bbdefault\u00bb global_colors_info=\u00bb{}\u00bb][et_pb_text _builder_version=\u00bb4.16&#8243; _module_preset=\u00bbdefault\u00bb text_font_size=\u00bb12px\u00bb text_orientation=\u00bbcenter\u00bb global_colors_info=\u00bb{}\u00bb]<a href=\"https:\/\/fidesmv.es\/contacto\/\"><span style=\"color: #ffffff;\">CONTACTO<\/span><\/a>[\/et_pb_text][\/et_pb_column][\/et_pb_row][et_pb_row _builder_version=\u00bb4.16&#8243; _module_preset=\u00bbdefault\u00bb custom_padding=\u00bb||3px|||\u00bb global_colors_info=\u00bb{}\u00bb][et_pb_column type=\u00bb4_4&#8243; _builder_version=\u00bb4.16&#8243; _module_preset=\u00bbdefault\u00bb global_colors_info=\u00bb{}\u00bb][et_pb_text _builder_version=\u00bb4.23.1&#8243; _module_preset=\u00bbdefault\u00bb text_text_color=\u00bb#a3a3a3&#8243; text_font_size=\u00bb12px\u00bb link_font=\u00bb||||on||||\u00bb link_text_color=\u00bb#a3a3a3&#8243; text_orientation=\u00bbcenter\u00bb hover_enabled=\u00bb0&#8243; global_colors_info=\u00bb{}\u00bb sticky_enabled=\u00bb0&#8243;]Fides 2022. Todos los derechos reservados | <a href=\"https:\/\/fidesmv.es\/aviso-legal\/\" target=\"_blank\" rel=\"noopener noreferrer\">Aviso legal<\/a> | <a href=\"https:\/\/fidesmv.es\/politica-de-privacidad\" target=\"_blank\" rel=\"noopener noreferrer\">Pol\u00edtica de privacidad<\/a> | <a href=\"https:\/\/fidesmv.es\/politica-de-cookies\" target=\"_blank\" rel=\"noopener noreferrer\">Pol\u00edtica de calidad<\/a> | <a href=\"https:\/\/fidesmv.es\/politica-de-calidad\" target=\"_blank\" rel=\"noopener noreferrer\">Pol\u00edtica de cookies<\/a>\u00a0| Dise\u00f1ado por Kuombo | Desarrollado por <a href=\"https:\/\/etldigital.es\/\" target=\"_blank\" rel=\"noopener noreferrer\">ETL Digital <\/a>[\/et_pb_text][\/et_pb_column][\/et_pb_row][\/et_pb_section]<\/p>\n","protected":false},"excerpt":{"rendered":"<p>Pol\u00edtica de calidad &nbsp; &nbsp; La Direcci\u00f3n de FIDES establece y mantiene actualizada una pol\u00edtica de la calidad que define sus objetivos y donde refleja la orientaci\u00f3n de todas las actividades de la empresa descritas en el sistema. Esta pol\u00edtica de la calidad se declara de obligado cumplimiento y se difunde a todo el personal [&hellip;]<\/p>\n","protected":false},"author":1,"featured_media":157,"parent":0,"menu_order":0,"comment_status":"closed","ping_status":"closed","template":"","meta":{"_et_pb_use_builder":"on","_et_pb_old_content":"","_et_gb_content_width":"","footnotes":""},"class_list":["post-332","page","type-page","status-publish","has-post-thumbnail","hentry"],"lang":"es","translations":{"es":332,"en":565,"fr":744,"de":752},"pll_sync_post":[],"_links":{"self":[{"href":"https:\/\/fidesmv.es\/index.php?rest_route=\/wp\/v2\/pages\/332","targetHints":{"allow":["GET"]}}],"collection":[{"href":"https:\/\/fidesmv.es\/index.php?rest_route=\/wp\/v2\/pages"}],"about":[{"href":"https:\/\/fidesmv.es\/index.php?rest_route=\/wp\/v2\/types\/page"}],"author":[{"embeddable":true,"href":"https:\/\/fidesmv.es\/index.php?rest_route=\/wp\/v2\/users\/1"}],"replies":[{"embeddable":true,"href":"https:\/\/fidesmv.es\/index.php?rest_route=%2Fwp%2Fv2%2Fcomments&post=332"}],"version-history":[{"count":4,"href":"https:\/\/fidesmv.es\/index.php?rest_route=\/wp\/v2\/pages\/332\/revisions"}],"predecessor-version":[{"id":1154,"href":"https:\/\/fidesmv.es\/index.php?rest_route=\/wp\/v2\/pages\/332\/revisions\/1154"}],"wp:featuredmedia":[{"embeddable":true,"href":"https:\/\/fidesmv.es\/index.php?rest_route=\/wp\/v2\/media\/157"}],"wp:attachment":[{"href":"https:\/\/fidesmv.es\/index.php?rest_route=%2Fwp%2Fv2%2Fmedia&parent=332"}],"curies":[{"name":"wp","href":"https:\/\/api.w.org\/{rel}","templated":true}]}}