{"id":201,"date":"2021-01-21T10:42:26","date_gmt":"2021-01-21T10:42:26","guid":{"rendered":"https:\/\/fidesmv.es\/?page_id=201"},"modified":"2024-10-28T10:55:44","modified_gmt":"2024-10-28T10:55:44","slug":"quienes-somos","status":"publish","type":"page","link":"https:\/\/fidesmv.es\/?page_id=201","title":{"rendered":"Quienes somos"},"content":{"rendered":"<p>[et_pb_section fb_built=\u00bb1&#8243; custom_padding_last_edited=\u00bbon|desktop\u00bb _builder_version=\u00bb4.16&#8243; _module_preset=\u00bbdefault\u00bb background_image=\u00bbhttps:\/\/fidesmv.es\/wp-content\/uploads\/2021\/01\/young-business-team-in-a-brainstorming-meeting-Z2L64RS-scaled.jpg\u00bb custom_padding=\u00bb100px||100px||true|false\u00bb custom_padding_tablet=\u00bb\u00bb custom_padding_phone=\u00bb\u00bb global_colors_info=\u00bb{}\u00bb][\/et_pb_section][et_pb_section fb_built=\u00bb1&#8243; _builder_version=\u00bb4.16&#8243; _module_preset=\u00bbdefault\u00bb global_colors_info=\u00bb{}\u00bb][et_pb_row _builder_version=\u00bb4.16&#8243; _module_preset=\u00bbdefault\u00bb global_colors_info=\u00bb{}\u00bb][et_pb_column type=\u00bb4_4&#8243; _builder_version=\u00bb4.16&#8243; _module_preset=\u00bbdefault\u00bb global_colors_info=\u00bb{}\u00bb][et_pb_text _builder_version=\u00bb4.17.6&#8243; _module_preset=\u00bbdefault\u00bb header_text_align=\u00bbcenter\u00bb header_2_text_align=\u00bbcenter\u00bb text_orientation=\u00bbcenter\u00bb custom_padding=\u00bb|70px||50px|false|false\u00bb custom_padding_tablet=\u00bb\u00bb custom_padding_phone=\u00bb|0px||0px|false|true\u00bb custom_padding_last_edited=\u00bbon|phone\u00bb locked=\u00bboff\u00bb global_colors_info=\u00bb{}\u00bb]<\/p>\n<h1>Somos innovadores<\/h1>\n<p>&nbsp;<\/p>\n<p>FIDES es una Firma de Servicios Profesionales para la empresa integrada por socios y m\u00e1s de 50 profesionales con una experiencia acumulada de 25 a\u00f1os. <span style=\"color: #ff0000;\"><strong>En FIDES somos innovadores<\/strong><\/span>, tenemos objetivos ambiciosos, estamos cerca de nuestros clientes, y estamos continuamente mejorando para ofrecerles el mejor servicio en cada momento.<\/p>\n<p>Estamos convencidos de que para ofrecer un servicio de calidad a nuestros clientes, debemos ser capaces de ofrecer puntos de vista diferentes y aportar soluciones diferenciadoras e innovadoras creadoras de valor. Es por ello que tenemos un enfoque multidisciplinar, prestando servicios de Auditor\u00eda y Forensic.<\/p>\n<p>Trabajamos para distintos sectores y mercados. Contamos entre nuestros clientes tanto con PYMES de los sectores m\u00e1s tradicionales como con empresas globalizadas con presencia internacional.<\/p>\n<p>[\/et_pb_text][\/et_pb_column][\/et_pb_row][\/et_pb_section][et_pb_section fb_built=\u00bb1&#8243; custom_padding_last_edited=\u00bbon|phone\u00bb _builder_version=\u00bb4.16&#8243; _module_preset=\u00bbdefault\u00bb use_background_color_gradient=\u00bbon\u00bb background_color_gradient_stops=\u00bbrgba(0,0,0,0) 58%|#f7f7f7 58%\u00bb background_color_gradient_start=\u00bbrgba(0,0,0,0)\u00bb background_color_gradient_start_position=\u00bb58%\u00bb background_color_gradient_end=\u00bb#f7f7f7&#8243; background_color_gradient_end_position=\u00bb0%\u00bb custom_margin_tablet=\u00bb\u00bb custom_margin_phone=\u00bb0px||||false|false\u00bb custom_margin_last_edited=\u00bbon|phone\u00bb custom_padding=\u00bb0px||||false|false\u00bb custom_padding_tablet=\u00bb\u00bb custom_padding_phone=\u00bb0px||||false|false\u00bb locked=\u00bboff\u00bb global_colors_info=\u00bb{}\u00bb][et_pb_row column_structure=\u00bb1_3,1_3,1_3&#8243; use_custom_gutter=\u00bbon\u00bb gutter_width=\u00bb1&#8243; make_equal=\u00bbon\u00bb _builder_version=\u00bb4.16&#8243; _module_preset=\u00bbdefault\u00bb locked=\u00bboff\u00bb global_colors_info=\u00bb{}\u00bb][et_pb_column type=\u00bb1_3&#8243; _builder_version=\u00bb4.16&#8243; _module_preset=\u00bbdefault\u00bb global_colors_info=\u00bb{}\u00bb][et_pb_image src=\u00bbhttps:\/\/fidesmv.es\/wp-content\/uploads\/2021\/01\/Objeto-inteligente-vectorial.png\u00bb title_text=\u00bbObjeto inteligente vectorial\u00bb _builder_version=\u00bb4.27.2&#8243; _module_preset=\u00bbdefault\u00bb z_index=\u00bb320&#8243; width_tablet=\u00bb\u00bb width_phone=\u00bb30%\u00bb width_last_edited=\u00bbon|phone\u00bb custom_margin=\u00bb||-30px||false|false\u00bb custom_padding_tablet=\u00bb\u00bb custom_padding_phone=\u00bb|||20px|false|false\u00bb custom_padding_last_edited=\u00bbon|phone\u00bb hover_enabled=\u00bb0&#8243; global_colors_info=\u00bb{}\u00bb sticky_enabled=\u00bb0&#8243;][\/et_pb_image][et_pb_blurb title=\u00bbRigor\u00bb _builder_version=\u00bb4.27.2&#8243; _module_preset=\u00bbdefault\u00bb custom_padding=\u00bb50px||53px|25px|false|false\u00bb hover_enabled=\u00bb0&#8243; global_colors_info=\u00bb{}\u00bb background_color=\u00bb#E02B20&#8243; sticky_enabled=\u00bb0&#8243; custom_margin=\u00bb||-24px|||\u00bb]<\/p>\n<p>La independencia, profesionalidad y transparencia est\u00e1n en la base de las relaciones con nuestros clientes.<\/p>\n<p>[\/et_pb_blurb][\/et_pb_column][et_pb_column type=\u00bb1_3&#8243; _builder_version=\u00bb4.16&#8243; _module_preset=\u00bbdefault\u00bb global_colors_info=\u00bb{}\u00bb][et_pb_image src=\u00bbhttps:\/\/fidesmv.es\/wp-content\/uploads\/2021\/01\/Capa-2.png\u00bb title_text=\u00bbCapa 2&#8243; _builder_version=\u00bb4.16&#8243; _module_preset=\u00bbdefault\u00bb z_index=\u00bb320&#8243; width_tablet=\u00bb\u00bb width_phone=\u00bb30%\u00bb width_last_edited=\u00bbon|phone\u00bb custom_margin=\u00bb39px||-41px||false|false\u00bb custom_margin_tablet=\u00bb\u00bb custom_margin_phone=\u00bb-40px||||false|false\u00bb custom_margin_last_edited=\u00bbon|phone\u00bb custom_padding_tablet=\u00bb\u00bb custom_padding_phone=\u00bb|||20px|false|false\u00bb custom_padding_last_edited=\u00bbon|phone\u00bb global_colors_info=\u00bb{}\u00bb][\/et_pb_image][et_pb_blurb title=\u00bbProximidad\u00bb _builder_version=\u00bb4.27.2&#8243; _module_preset=\u00bbdefault\u00bb background_color=\u00bb#e42e33&#8243; custom_padding_tablet=\u00bb\u00bb custom_padding_phone=\u00bb50px|25px|80px|25px|false|true\u00bb custom_padding_last_edited=\u00bbon|phone\u00bb hover_enabled=\u00bb0&#8243; global_colors_info=\u00bb{}\u00bb custom_margin=\u00bb||102px||false|false\u00bb sticky_enabled=\u00bb0&#8243; min_height=\u00bb201.4px\u00bb custom_padding=\u00bb50px||||false|false\u00bb]<\/p>\n<p>Fomentamos el trabajo en equipo y la colaboraci\u00f3n con el cliente, atendiendo siempre sus requerimientos con soluciones orientadas al negocio.<\/p>\n<p>[\/et_pb_blurb][\/et_pb_column][et_pb_column type=\u00bb1_3&#8243; _builder_version=\u00bb4.16&#8243; _module_preset=\u00bbdefault\u00bb global_colors_info=\u00bb{}\u00bb][et_pb_image src=\u00bbhttps:\/\/fidesmv.es\/wp-content\/uploads\/2021\/01\/Capa-1.png\u00bb title_text=\u00bbCapa 1&#8243; _builder_version=\u00bb4.16&#8243; _module_preset=\u00bbdefault\u00bb z_index=\u00bb320&#8243; width_tablet=\u00bb\u00bb width_phone=\u00bb30%\u00bb width_last_edited=\u00bbon|phone\u00bb custom_margin=\u00bb5px||-45px||false|false\u00bb custom_margin_tablet=\u00bb\u00bb custom_margin_phone=\u00bb-60px||-45px||false|false\u00bb custom_margin_last_edited=\u00bbon|phone\u00bb custom_padding_tablet=\u00bb\u00bb custom_padding_phone=\u00bb|||20px|false|false\u00bb custom_padding_last_edited=\u00bbon|phone\u00bb global_colors_info=\u00bb{}\u00bb][\/et_pb_image][et_pb_blurb title=\u00bbCompromiso\u00bb _builder_version=\u00bb4.16&#8243; _module_preset=\u00bbdefault\u00bb background_color=\u00bb#f73036&#8243; custom_padding=\u00bb63px|25px|63px|25px|true|true\u00bb global_colors_info=\u00bb{}\u00bb]<\/p>\n<p>No escatimamos esfuerzos para alcanzar los objetivos pactados con nuestros clientes.<\/p>\n<p>[\/et_pb_blurb][\/et_pb_column][\/et_pb_row][\/et_pb_section][et_pb_section fb_built=\u00bb1&#8243; module_id=\u00bbinformes\u00bb _builder_version=\u00bb4.16&#8243; _module_preset=\u00bbdefault\u00bb background_color=\u00bb#f7f7f7&#8243; custom_margin=\u00bb||30px||false|false\u00bb custom_margin_tablet=\u00bb\u00bb custom_margin_phone=\u00bb\u00bb custom_margin_last_edited=\u00bbon|desktop\u00bb global_colors_info=\u00bb{}\u00bb][et_pb_row _builder_version=\u00bb4.16&#8243; _module_preset=\u00bbdefault\u00bb global_colors_info=\u00bb{}\u00bb][et_pb_column type=\u00bb4_4&#8243; _builder_version=\u00bb4.16&#8243; _module_preset=\u00bbdefault\u00bb global_colors_info=\u00bb{}\u00bb][et_pb_text _builder_version=\u00bb4.16&#8243; _module_preset=\u00bbdefault\u00bb header_2_text_align=\u00bbcenter\u00bb header_2_text_color=\u00bb#E62A25&#8243; header_2_font_size=\u00bb30px\u00bb header_2_font_size_tablet=\u00bb\u00bb header_2_font_size_phone=\u00bb\u00bb header_2_font_size_last_edited=\u00bbon|desktop\u00bb global_colors_info=\u00bb{}\u00bb]<\/p>\n<h2>Nuestro equipo<\/h2>\n<p>[\/et_pb_text][\/et_pb_column][\/et_pb_row][et_pb_row column_structure=\u00bb1_4,1_4,1_4,1_4&#8243; _builder_version=\u00bb4.17.6&#8243; _module_preset=\u00bbdefault\u00bb width=\u00bb100%\u00bb max_width=\u00bb85%\u00bb global_colors_info=\u00bb{}\u00bb][et_pb_column type=\u00bb1_4&#8243; _builder_version=\u00bb4.16&#8243; _module_preset=\u00bbdefault\u00bb global_colors_info=\u00bb{}\u00bb][et_pb_team_member name=\u00bbJuan Carlos Torres\u00bb position=\u00bbSocio Director\u00bb image_url=\u00bbhttps:\/\/fidesmv.es\/wp-content\/uploads\/2021\/01\/jcarlos.jpg\u00bb _builder_version=\u00bb4.16&#8243; _module_preset=\u00bbdefault\u00bb header_font=\u00bbArvo|700|||||||\u00bb header_text_color=\u00bb#E62A25&#8243; header_font_size=\u00bb19px\u00bb header_line_height=\u00bb1.1em\u00bb body_font=\u00bbArvo||||||||\u00bb body_font_size=\u00bb13px\u00bb position_font=\u00bbArvo|700|||||||\u00bb position_text_color=\u00bb#666666&#8243; position_font_size=\u00bb17px\u00bb position_line_height=\u00bb2.1em\u00bb global_colors_info=\u00bb{}\u00bb]<\/p>\n<h5><\/h5>\n<p>Economista y Censor Jurado de Cuentas.<\/p>\n<p>Socio &#8211; Director y coordinador de proyectos internacionales.<\/p>\n<p>Treinta a\u00f1os de experiencia en auditor\u00eda y como socio en otras Firmas Internacionales.<\/p>\n<p>Presidente del Colegio Oficial de Censores Jurados de Cuentas de la Comunidad Valenciana desde 2008 a 2016.<\/p>\n<p>Administrador Concursal en m\u00e1s de 20 procedimientos.<\/p>\n<p>Miembro del Registro de Auditores Judiciales -RAJ- y de su comisi\u00f3n permanente, con m\u00e1s de 300 actuaciones periciales.<\/p>\n<p>Profesor en el M\u00e1ster de auditor\u00eda de la Universidad de Valencia y en otros m\u00e1sters de postgrado.<\/p>\n<p>[\/et_pb_team_member][\/et_pb_column][et_pb_column type=\u00bb1_4&#8243; _builder_version=\u00bb4.16&#8243; _module_preset=\u00bbdefault\u00bb global_colors_info=\u00bb{}\u00bb][et_pb_team_member name=\u00bbLola Mor\u00bb position=\u00bbSocia\u00bb image_url=\u00bbhttps:\/\/fidesmv.es\/wp-content\/uploads\/2021\/01\/lola.jpg\u00bb _builder_version=\u00bb4.16&#8243; _module_preset=\u00bbdefault\u00bb header_font=\u00bbArvo|700|||||||\u00bb header_text_color=\u00bb#E62A25&#8243; header_font_size=\u00bb19px\u00bb header_line_height=\u00bb1.1em\u00bb body_font=\u00bbArvo||||||||\u00bb body_font_size=\u00bb13px\u00bb position_font=\u00bbArvo|700|||||||\u00bb position_text_color=\u00bb#666666&#8243; position_font_size=\u00bb17px\u00bb position_line_height=\u00bb2.1em\u00bb global_colors_info=\u00bb{}\u00bb]<\/p>\n<p>Licenciada en Ciencias Econ\u00f3micas y Empresariales, Censor Jurado de Cuentas y M\u00e1ster en Tributaci\u00f3n.<\/p>\n<p>Socia de la firma, con experiencia en firmas internacionales y Directora de la Divisi\u00f3n de Auditor\u00eda.<\/p>\n<p>Con m\u00e1s de veinticinco a\u00f1os de experiencia y especialista en gesti\u00f3n y direcci\u00f3n de equipos.<\/p>\n<p>Miembro de la Comisi\u00f3n de Deontolog\u00eda del Colegio de Censores Jurados de Cuentas.<\/p>\n<p>[\/et_pb_team_member][\/et_pb_column][et_pb_column type=\u00bb1_4&#8243; _builder_version=\u00bb4.16&#8243; _module_preset=\u00bbdefault\u00bb global_colors_info=\u00bb{}\u00bb][et_pb_team_member name=\u00bbCarlos Candela\u00bb position=\u00bbSocio\u00bb image_url=\u00bbhttps:\/\/fidesmv.es\/wp-content\/uploads\/2021\/01\/carlos.jpg\u00bb _builder_version=\u00bb4.16&#8243; _module_preset=\u00bbdefault\u00bb header_font=\u00bbArvo|700|||||||\u00bb header_text_color=\u00bb#E62A25&#8243; header_font_size=\u00bb19px\u00bb header_line_height=\u00bb1.1em\u00bb body_font=\u00bbArvo||||||||\u00bb body_font_size=\u00bb13px\u00bb position_font=\u00bbArvo|700|||||||\u00bb position_text_color=\u00bb#666666&#8243; position_font_size=\u00bb17px\u00bb position_line_height=\u00bb2.1em\u00bb global_colors_info=\u00bb{}\u00bb]<\/p>\n<p>Licenciado en Administraci\u00f3n y Direcci\u00f3n de Empresas y Censor Jurado de Cuentas. M\u00e1ster en Direcci\u00f3n Financiera en el Centro de Estudios Financieros. Curso de experto contable en el Colegio de Censores Jurados de Cuentas.<\/p>\n<p>Con veinte a\u00f1os de experiencia, algunos en firmas internacionales, es especialista en el sector cooperativo y Director del \u00c1rea de Valoraciones y Corporate.<\/p>\n<p>[\/et_pb_team_member][\/et_pb_column][et_pb_column type=\u00bb1_4&#8243; _builder_version=\u00bb4.16&#8243; _module_preset=\u00bbdefault\u00bb global_colors_info=\u00bb{}\u00bb][et_pb_team_member name=\u00bbEsther Rovira\u00bb position=\u00bbResponsable de Compliance Penal\u00bb image_url=\u00bbhttps:\/\/fidesmv.es\/wp-content\/uploads\/2021\/01\/esther.jpg\u00bb _builder_version=\u00bb4.16&#8243; _module_preset=\u00bbdefault\u00bb header_font=\u00bbArvo|700|||||||\u00bb header_text_color=\u00bb#E62A25&#8243; header_font_size=\u00bb19px\u00bb header_line_height=\u00bb1.1em\u00bb body_font=\u00bbArvo||||||||\u00bb body_font_size=\u00bb13px\u00bb position_font=\u00bbArvo|700|||||||\u00bb position_text_color=\u00bb#666666&#8243; position_font_size=\u00bb17px\u00bb position_line_height=\u00bb2.1em\u00bb global_colors_info=\u00bb{}\u00bb locked=\u00bboff\u00bb]<\/p>\n<p>Licenciada en Derecho, M\u00e1ster Estrategia de empresa y M\u00e1ster en creaci\u00f3n y gesti\u00f3n de empresas innovadoras de base tecnol\u00f3gica en la Universidad de Valencia, adem\u00e1s de numerosos cursos de formaci\u00f3n y reciclaje en diferentes escuelas de negocio abarcando todos los \u00e1mbitos de gesti\u00f3n.<\/p>\n<p>Directora de Consultor\u00eda en PwC durante catorce a\u00f1os. Directora de Organzaci\u00f3n y Desarrollo Corporativo en GRUPOTEC durante cinco a\u00f1os y Directora Adjunta del Instituto Valenciano de Arte Moderno.<\/p>\n<p>Ponente habitual sobre temas de Organizaci\u00f3n y Gesti\u00f3n del Cambio en empresas, escuelas de negocio y universidades.<\/p>\n<p>[\/et_pb_team_member][\/et_pb_column][\/et_pb_row][et_pb_row column_structure=\u00bb1_2,1_2&#8243; _builder_version=\u00bb4.27.2&#8243; _module_preset=\u00bbdefault\u00bb hover_enabled=\u00bb0&#8243; global_colors_info=\u00bb{}\u00bb sticky_enabled=\u00bb0&#8243;][et_pb_column type=\u00bb1_2&#8243; _builder_version=\u00bb4.16&#8243; _module_preset=\u00bbdefault\u00bb global_colors_info=\u00bb{}\u00bb][et_pb_team_member name=\u00bbPilar Taberner\u00bb position=\u00bbGerente\u00bb image_url=\u00bbhttps:\/\/fidesmv.es\/wp-content\/uploads\/2021\/01\/pilar.jpg\u00bb _builder_version=\u00bb4.16&#8243; _module_preset=\u00bbdefault\u00bb header_font=\u00bbArvo|700|||||||\u00bb header_text_color=\u00bb#E62A25&#8243; header_font_size=\u00bb19px\u00bb header_line_height=\u00bb1.1em\u00bb body_font=\u00bbArvo||||||||\u00bb body_font_size=\u00bb13px\u00bb position_font=\u00bbArvo|700|||||||\u00bb position_text_color=\u00bb#666666&#8243; position_font_size=\u00bb17px\u00bb position_line_height=\u00bb2.1em\u00bb global_colors_info=\u00bb{}\u00bb locked=\u00bboff\u00bb]<\/p>\n<p>Diplomada en Ciencias Empresariales y Censor Jurado de Cuentas.\u00a0<\/p>\n<p>Veinte a\u00f1os de experiencia, algunos en firmas internacionales. Especialista en auditor\u00eda de cuentas consolidadas y Directora del \u00c1rea de Auditor\u00eda de Fondos Estrucurales.<\/p>\n<p>Veinte a\u00f1os de experiencia en auditor\u00eda, seis de ellos como supervisora, de los cuales, tres, en dos firmas multinacionales y tres en firmas nacionales.<\/p>\n<p>[\/et_pb_team_member][\/et_pb_column][et_pb_column type=\u00bb1_2&#8243; _builder_version=\u00bb4.16&#8243; _module_preset=\u00bbdefault\u00bb global_colors_info=\u00bb{}\u00bb][et_pb_team_member name=\u00bbCarmen Herrero\u00bb position=\u00bbGerente\u00bb image_url=\u00bbhttps:\/\/fidesmv.es\/wp-content\/uploads\/2021\/01\/carmen.jpg\u00bb _builder_version=\u00bb4.16&#8243; _module_preset=\u00bbdefault\u00bb header_font=\u00bbArvo|700|||||||\u00bb header_text_color=\u00bb#E62A25&#8243; header_font_size=\u00bb19px\u00bb header_line_height=\u00bb1.1em\u00bb body_font=\u00bbArvo||||||||\u00bb body_font_size=\u00bb13px\u00bb position_font=\u00bbArvo|700|||||||\u00bb position_text_color=\u00bb#666666&#8243; position_font_size=\u00bb17px\u00bb position_line_height=\u00bb2.1em\u00bb global_colors_info=\u00bb{}\u00bb]<\/p>\n<p>Licenciada en Ciencias Econ\u00f3micas y Empresariales y Censor Jurado de Cuentas.<\/p>\n<p>M\u00e1ster en Direcci\u00f3n de Empresas en el Club de Econom\u00eda y Direcci\u00f3n de Valencia.<\/p>\n<p>Con m\u00e1s de veinte a\u00f1os de auditor\u00eda, muchos de los cuales desarrollados en E&amp;Y, es especialista en auditor\u00eda de clientes internacionales y en actividades de formaci\u00f3n.<\/p>\n<p>[\/et_pb_team_member][\/et_pb_column][\/et_pb_row][\/et_pb_section][et_pb_section fb_built=\u00bb1&#8243; _builder_version=\u00bb4.7.7&#8243; _module_preset=\u00bbdefault\u00bb background_color=\u00bb#f9f9f9&#8243; custom_padding=\u00bb20px||20px||false|false\u00bb global_module=\u00bb499&#8243; saved_tabs=\u00bball\u00bb locked=\u00bboff\u00bb global_colors_info=\u00bb{}\u00bb][et_pb_row _builder_version=\u00bb4.16&#8243; _module_preset=\u00bbdefault\u00bb global_colors_info=\u00bb{}\u00bb][et_pb_column type=\u00bb4_4&#8243; _builder_version=\u00bb4.16&#8243; _module_preset=\u00bbdefault\u00bb global_colors_info=\u00bb{}\u00bb][et_pb_image src=\u00bbhttps:\/\/fidesmv.es\/wp-content\/uploads\/2021\/01\/Logo-1.png\u00bb title_text=\u00bbLogo\u00bb _builder_version=\u00bb4.16&#8243; _module_preset=\u00bbdefault\u00bb width=\u00bb15%\u00bb width_tablet=\u00bb\u00bb width_phone=\u00bb50%\u00bb width_last_edited=\u00bbon|phone\u00bb module_alignment=\u00bbcenter\u00bb global_colors_info=\u00bb{}\u00bb][\/et_pb_image][et_pb_text _builder_version=\u00bb4.17.6&#8243; _module_preset=\u00bbdefault\u00bb text_orientation=\u00bbcenter\u00bb global_colors_info=\u00bb{}\u00bb]<\/p>\n<p><span style=\"color: #333333;\"><a href=\"mailto:contactanos@fidesmv.es\" style=\"color: #333333;\">contactanos@fidesmv.es<\/a><\/span><\/p>\n<p>[\/et_pb_text][\/et_pb_column][\/et_pb_row][et_pb_row column_structure=\u00bb1_3,1_3,1_3&#8243; use_custom_gutter=\u00bbon\u00bb gutter_width=\u00bb1&#8243; custom_padding_last_edited=\u00bbon|phone\u00bb _builder_version=\u00bb4.16&#8243; _module_preset=\u00bbdefault\u00bb width=\u00bb70%\u00bb custom_padding_tablet=\u00bb\u00bb custom_padding_phone=\u00bb0px||||false|false\u00bb global_colors_info=\u00bb{}\u00bb][et_pb_column type=\u00bb1_3&#8243; _builder_version=\u00bb4.16&#8243; _module_preset=\u00bbdefault\u00bb global_colors_info=\u00bb{}\u00bb][et_pb_text _builder_version=\u00bb4.16&#8243; _module_preset=\u00bbdefault\u00bb text_orientation=\u00bbcenter\u00bb global_colors_info=\u00bb{}\u00bb]<\/p>\n<p><span style=\"color: #ff0000;\"><strong>VALENCIA<\/strong> <span style=\"color: #333333;\"><a href=\"tel:936%20524 611\" style=\"color: #333333;\">963 524 611<\/a><\/span><\/span><\/p>\n<p>[\/et_pb_text][\/et_pb_column][et_pb_column type=\u00bb1_3&#8243; _builder_version=\u00bb4.16&#8243; _module_preset=\u00bbdefault\u00bb global_colors_info=\u00bb{}\u00bb][et_pb_text _builder_version=\u00bb4.16&#8243; _module_preset=\u00bbdefault\u00bb text_orientation=\u00bbcenter\u00bb global_colors_info=\u00bb{}\u00bb]<\/p>\n<p><span style=\"color: #ff0000;\"><span style=\"color: #333333;\"><span color=\"#ff0000\" style=\"color: #ff0000;\"><b>CASTELL\u00d3N\u00a0<\/b><\/span><a href=\"tel:964 291 163\" style=\"color: #333333;\">964 291 163<\/a><\/span><\/span><\/p>\n<p>[\/et_pb_text][\/et_pb_column][et_pb_column type=\u00bb1_3&#8243; _builder_version=\u00bb4.16&#8243; _module_preset=\u00bbdefault\u00bb global_colors_info=\u00bb{}\u00bb][et_pb_text _builder_version=\u00bb4.16&#8243; _module_preset=\u00bbdefault\u00bb text_orientation=\u00bbcenter\u00bb global_colors_info=\u00bb{}\u00bb]<\/p>\n<p><span style=\"color: #ff0000;\"><span style=\"color: #333333;\"><span color=\"#ff0000\" style=\"color: #ff0000;\"><b>ALICANTE\u00a0<\/b><\/span><a href=\"tel:965 210 350\" style=\"color: #333333;\">965 210 350<\/a><\/span><\/span><\/p>\n<p>[\/et_pb_text][\/et_pb_column][\/et_pb_row][\/et_pb_section][et_pb_section fb_built=\u00bb1&#8243; _builder_version=\u00bb4.16&#8243; _module_preset=\u00bbdefault\u00bb background_color=\u00bb#434343&#8243; use_background_color_gradient=\u00bbon\u00bb background_color_gradient_stops=\u00bbrgba(67,67,67,0.84) 0%|rgba(67,67,67,0.84) 100%\u00bb background_color_gradient_overlays_image=\u00bbon\u00bb background_color_gradient_start=\u00bbrgba(67,67,67,0.84)\u00bb background_color_gradient_end=\u00bbrgba(67,67,67,0.84)\u00bb background_image=\u00bbhttps:\/\/fidesmv.es\/wp-content\/uploads\/2021\/01\/Objeto-inteligente-vectorial.jpg\u00bb background_blend=\u00bbmultiply\u00bb custom_padding=\u00bb20px||19px||false|false\u00bb hover_enabled=\u00bb0&#8243; global_module=\u00bb500&#8243; global_colors_info=\u00bb{}\u00bb sticky_enabled=\u00bb0&#8243;][et_pb_row column_structure=\u00bb1_4,1_4,1_4,1_4&#8243; use_custom_gutter=\u00bbon\u00bb gutter_width=\u00bb1&#8243; _builder_version=\u00bb4.27.2&#8243; _module_preset=\u00bbdefault\u00bb width=\u00bb100%\u00bb max_width=\u00bb1152px\u00bb hover_enabled=\u00bb0&#8243; global_colors_info=\u00bb{}\u00bb sticky_enabled=\u00bb0&#8243;][et_pb_column type=\u00bb1_4&#8243; _builder_version=\u00bb4.16&#8243; _module_preset=\u00bbdefault\u00bb global_colors_info=\u00bb{}\u00bb][et_pb_text _builder_version=\u00bb4.27.2&#8243; _module_preset=\u00bbdefault\u00bb text_font_size=\u00bb12px\u00bb text_orientation=\u00bbcenter\u00bb hover_enabled=\u00bb0&#8243; global_colors_info=\u00bb{}\u00bb sticky_enabled=\u00bb0&#8243;]<a href=\"https:\/\/fidesmv.es\/?page_id=201\"><span style=\"color: #ffffff;\">QUI\u00c9NES SOMOS<\/span><\/a>[\/et_pb_text][\/et_pb_column][et_pb_column type=\u00bb1_4&#8243; _builder_version=\u00bb4.16&#8243; _module_preset=\u00bbdefault\u00bb global_colors_info=\u00bb{}\u00bb][et_pb_text _builder_version=\u00bb4.27.2&#8243; _module_preset=\u00bbdefault\u00bb text_font_size=\u00bb12px\u00bb text_orientation=\u00bbcenter\u00bb hover_enabled=\u00bb0&#8243; global_colors_info=\u00bb{}\u00bb sticky_enabled=\u00bb0&#8243;]<a href=\"https:\/\/fidesmv.es\/?page_id=136\"><span style=\"color: #ffffff;\">AUDITOR\u00cdA<\/span><\/a>[\/et_pb_text][\/et_pb_column][et_pb_column type=\u00bb1_4&#8243; _builder_version=\u00bb4.16&#8243; _module_preset=\u00bbdefault\u00bb global_colors_info=\u00bb{}\u00bb][et_pb_text _builder_version=\u00bb4.27.2&#8243; _module_preset=\u00bbdefault\u00bb text_font_size=\u00bb12px\u00bb text_orientation=\u00bbcenter\u00bb hover_enabled=\u00bb0&#8243; global_colors_info=\u00bb{}\u00bb locked=\u00bboff\u00bb sticky_enabled=\u00bb0&#8243;]<a href=\"https:\/\/fidesmv.es\/?page_id=149\"><span style=\"color: #ffffff;\">FORENSIC<\/span><\/a>[\/et_pb_text][\/et_pb_column][et_pb_column type=\u00bb1_4&#8243; _builder_version=\u00bb4.16&#8243; _module_preset=\u00bbdefault\u00bb global_colors_info=\u00bb{}\u00bb][et_pb_text _builder_version=\u00bb4.27.2&#8243; _module_preset=\u00bbdefault\u00bb text_font_size=\u00bb12px\u00bb text_orientation=\u00bbcenter\u00bb hover_enabled=\u00bb0&#8243; global_colors_info=\u00bb{}\u00bb sticky_enabled=\u00bb0&#8243;]<a href=\"https:\/\/fidesmv.es\/?page_id=256\"><span style=\"color: #ffffff;\">CONTACTO<\/span><\/a>[\/et_pb_text][\/et_pb_column][\/et_pb_row][et_pb_row _builder_version=\u00bb4.16&#8243; _module_preset=\u00bbdefault\u00bb custom_padding=\u00bb||3px|||\u00bb hover_enabled=\u00bb0&#8243; global_colors_info=\u00bb{}\u00bb sticky_enabled=\u00bb0&#8243;][et_pb_column type=\u00bb4_4&#8243; _builder_version=\u00bb4.16&#8243; _module_preset=\u00bbdefault\u00bb hover_enabled=\u00bb0&#8243; global_colors_info=\u00bb{}\u00bb sticky_enabled=\u00bb0&#8243;][et_pb_text _builder_version=\u00bb4.27.2&#8243; _module_preset=\u00bbdefault\u00bb text_text_color=\u00bb#a3a3a3&#8243; text_font_size=\u00bb12px\u00bb link_font=\u00bb||||on||||\u00bb link_text_color=\u00bb#a3a3a3&#8243; text_orientation=\u00bbcenter\u00bb hover_enabled=\u00bb0&#8243; global_colors_info=\u00bb{}\u00bb sticky_enabled=\u00bb0&#8243;]Fides 2022. Todos los derechos reservados | <a href=\"https:\/\/fidesmv.es\/?page_id=339\" target=\"_blank\" rel=\"noopener noreferrer\">Aviso legal<\/a> | <a href=\"https:\/\/fidesmv.es\/?page_id=407\" target=\"_blank\" rel=\"noopener noreferrer\">Pol\u00edtica de privacidad<\/a> | <a href=\"https:\/\/fidesmv.es\/?page_id=346\" target=\"_blank\" rel=\"noopener noreferrer\">Pol\u00edtica de cookies<\/a> | <a href=\"https:\/\/fidesmv.es\/?page_id=332\" target=\"_blank\" rel=\"noopener noreferrer\">Pol\u00edtica de calidad<\/a>\u00a0| Dise\u00f1ado por Kuombo | Desarrollado por <a href=\"https:\/\/dualtec.es\/\" target=\"_blank\" rel=\"noopener noreferrer\">Dualtec <\/a>[\/et_pb_text][\/et_pb_column][\/et_pb_row][\/et_pb_section]<\/p>\n","protected":false},"excerpt":{"rendered":"<p>Somos innovadores &nbsp; FIDES es una Firma de Servicios Profesionales para la empresa integrada por socios y m\u00e1s de 50 profesionales con una experiencia acumulada de 25 a\u00f1os. En FIDES somos innovadores, tenemos objetivos ambiciosos, estamos cerca de nuestros clientes, y estamos continuamente mejorando para ofrecerles el mejor servicio en cada momento. Estamos convencidos de [&hellip;]<\/p>\n","protected":false},"author":1,"featured_media":0,"parent":0,"menu_order":0,"comment_status":"closed","ping_status":"closed","template":"","meta":{"_et_pb_use_builder":"on","_et_pb_old_content":"","_et_gb_content_width":"","footnotes":""},"class_list":["post-201","page","type-page","status-publish","hentry"],"lang":"es","translations":{"es":201,"en":461,"fr":597,"de":639},"pll_sync_post":[],"_links":{"self":[{"href":"https:\/\/fidesmv.es\/index.php?rest_route=\/wp\/v2\/pages\/201","targetHints":{"allow":["GET"]}}],"collection":[{"href":"https:\/\/fidesmv.es\/index.php?rest_route=\/wp\/v2\/pages"}],"about":[{"href":"https:\/\/fidesmv.es\/index.php?rest_route=\/wp\/v2\/types\/page"}],"author":[{"embeddable":true,"href":"https:\/\/fidesmv.es\/index.php?rest_route=\/wp\/v2\/users\/1"}],"replies":[{"embeddable":true,"href":"https:\/\/fidesmv.es\/index.php?rest_route=%2Fwp%2Fv2%2Fcomments&post=201"}],"version-history":[{"count":18,"href":"https:\/\/fidesmv.es\/index.php?rest_route=\/wp\/v2\/pages\/201\/revisions"}],"predecessor-version":[{"id":1198,"href":"https:\/\/fidesmv.es\/index.php?rest_route=\/wp\/v2\/pages\/201\/revisions\/1198"}],"wp:attachment":[{"href":"https:\/\/fidesmv.es\/index.php?rest_route=%2Fwp%2Fv2%2Fmedia&parent=201"}],"curies":[{"name":"wp","href":"https:\/\/api.w.org\/{rel}","templated":true}]}}