{"id":136,"date":"2021-01-20T15:57:09","date_gmt":"2021-01-20T15:57:09","guid":{"rendered":"https:\/\/fidesmv.es\/?page_id=136"},"modified":"2023-11-30T07:41:32","modified_gmt":"2023-11-30T07:41:32","slug":"auditoria","status":"publish","type":"page","link":"https:\/\/fidesmv.es\/?page_id=136","title":{"rendered":"Auditor\u00eda"},"content":{"rendered":"<p>[et_pb_section fb_built=\u00bb1&#8243; custom_padding_last_edited=\u00bbon|desktop\u00bb _builder_version=\u00bb4.16&#8243; _module_preset=\u00bbdefault\u00bb background_image=\u00bbhttps:\/\/fidesmv.es\/wp-content\/uploads\/2021\/01\/group-of-lawyers-discussing-contract-together-in-P4N6DFA-1-scaled.jpg\u00bb custom_padding=\u00bb100px||100px||true|false\u00bb custom_padding_tablet=\u00bb\u00bb custom_padding_phone=\u00bb\u00bb animation_style=\u00bbslide\u00bb animation_direction=\u00bbtop\u00bb global_colors_info=\u00bb{}\u00bb][\/et_pb_section][et_pb_section fb_built=\u00bb1&#8243; _builder_version=\u00bb4.16&#8243; _module_preset=\u00bbdefault\u00bb global_colors_info=\u00bb{}\u00bb][et_pb_row _builder_version=\u00bb4.16&#8243; _module_preset=\u00bbdefault\u00bb global_colors_info=\u00bb{}\u00bb][et_pb_column type=\u00bb4_4&#8243; _builder_version=\u00bb4.16&#8243; _module_preset=\u00bbdefault\u00bb global_colors_info=\u00bb{}\u00bb][et_pb_text _builder_version=\u00bb4.17.4&#8243; _module_preset=\u00bbdefault\u00bb custom_padding=\u00bb|70px||50px|false|false\u00bb custom_padding_tablet=\u00bb\u00bb custom_padding_phone=\u00bb|0px||0px|false|true\u00bb custom_padding_last_edited=\u00bbon|phone\u00bb locked=\u00bboff\u00bb global_colors_info=\u00bb{}\u00bb]<\/p>\n<h1>Servicios auditor\u00eda<\/h1>\n<p>&nbsp;<\/p>\n<p>En FIDES el servicio de auditor\u00eda cumple un doble papel, por un lado, otorgamos fiabilidad a los estados financieros de una empresa y, por tanto, aportamos transparencia a su gesti\u00f3n y al mercado en el que se desenvuelve. Adem\u00e1s, identificamos y anticipamos posibles riesgos y \u00e1reas de mejora para ayudar a la gesti\u00f3n del negocio a nuestro clientes, contribuyendo con un valor adicional a nuestro servicio de auditor\u00eda.<\/p>\n<p>[\/et_pb_text][\/et_pb_column][\/et_pb_row][\/et_pb_section][et_pb_section fb_built=\u00bb1&#8243; custom_padding_last_edited=\u00bbon|phone\u00bb _builder_version=\u00bb4.16&#8243; _module_preset=\u00bbdefault\u00bb background_enable_color=\u00bboff\u00bb custom_padding=\u00bb30px||70px||false|false\u00bb custom_padding_tablet=\u00bb\u00bb custom_padding_phone=\u00bb0px||||false|false\u00bb locked=\u00bboff\u00bb global_colors_info=\u00bb{}\u00bb][et_pb_row column_structure=\u00bb1_3,1_3,1_3&#8243; use_custom_gutter=\u00bbon\u00bb gutter_width=\u00bb2&#8243; _builder_version=\u00bb4.16&#8243; _module_preset=\u00bbdefault\u00bb animation_style=\u00bbfade\u00bb global_colors_info=\u00bb{}\u00bb][et_pb_column type=\u00bb1_3&#8243; _builder_version=\u00bb4.16&#8243; _module_preset=\u00bbdefault\u00bb use_background_color_gradient=\u00bbon\u00bb background_color_gradient_stops=\u00bbrgba(228,46,51,0.73) 58%|rgba(0,0,0,0) 58%\u00bb background_color_gradient_overlays_image=\u00bbon\u00bb background_color_gradient_start=\u00bbrgba(228,46,51,0.73)\u00bb background_color_gradient_start_position=\u00bb58%\u00bb background_color_gradient_end=\u00bbrgba(0,0,0,0)\u00bb background_color_gradient_end_position=\u00bb18%\u00bb background_image=\u00bbhttps:\/\/fidesmv.es\/wp-content\/uploads\/2021\/01\/two-successful-businessmen-standing-and-shaking-PFXFGMN-scaled.jpg\u00bb link_option_url=\u00bb#auditoria\u00bb global_colors_info=\u00bb{}\u00bb][et_pb_text _builder_version=\u00bb4.16&#8243; _module_preset=\u00bbdefault\u00bb header_font_size=\u00bb29px\u00bb header_2_text_color=\u00bb#ffffff\u00bb header_2_font_size=\u00bb29px\u00bb custom_margin=\u00bb0px||3px||false|false\u00bb custom_padding=\u00bb50px||0px|50px|false|false\u00bb custom_padding_tablet=\u00bb\u00bb custom_padding_phone=\u00bb20px||0px|50px|false|false\u00bb custom_padding_last_edited=\u00bbon|phone\u00bb global_colors_info=\u00bb{}\u00bb]<\/p>\n<h2>Auditor\u00eda<br \/>externa<\/h2>\n<p>[\/et_pb_text][et_pb_divider color=\u00bb#f7f7f7&#8243; divider_weight=\u00bb15px\u00bb _builder_version=\u00bb4.16&#8243; _module_preset=\u00bbdefault\u00bb custom_padding=\u00bb||90px||false|false\u00bb custom_padding_tablet=\u00bb\u00bb custom_padding_phone=\u00bb\u00bb custom_padding_last_edited=\u00bbon|desktop\u00bb global_colors_info=\u00bb{}\u00bb][\/et_pb_divider][\/et_pb_column][et_pb_column type=\u00bb1_3&#8243; _builder_version=\u00bb4.16&#8243; _module_preset=\u00bbdefault\u00bb use_background_color_gradient=\u00bbon\u00bb background_color_gradient_stops=\u00bbrgba(228,46,51,0.73) 58%|rgba(0,0,0,0) 58%\u00bb background_color_gradient_overlays_image=\u00bbon\u00bb background_color_gradient_start=\u00bbrgba(228,46,51,0.73)\u00bb background_color_gradient_start_position=\u00bb58%\u00bb background_color_gradient_end=\u00bbrgba(0,0,0,0)\u00bb background_color_gradient_end_position=\u00bb18%\u00bb background_image=\u00bbhttps:\/\/fidesmv.es\/wp-content\/uploads\/2021\/01\/handsome-businessman-ceo-working-in-office-VS3T25R-scaled.jpg\u00bb background_position=\u00bbbottom_right\u00bb link_option_url=\u00bb#publico\u00bb global_colors_info=\u00bb{}\u00bb][et_pb_text _builder_version=\u00bb4.16&#8243; _module_preset=\u00bbdefault\u00bb header_font_size=\u00bb29px\u00bb header_2_text_color=\u00bb#ffffff\u00bb header_2_font_size=\u00bb29px\u00bb custom_margin=\u00bb0px||3px||false|false\u00bb custom_padding=\u00bb50px||0px|50px|false|false\u00bb custom_padding_tablet=\u00bb\u00bb custom_padding_phone=\u00bb20px||0px|50px|false|false\u00bb custom_padding_last_edited=\u00bbon|phone\u00bb global_colors_info=\u00bb{}\u00bb]<\/p>\n<h2>Auditor\u00eda<br \/>sector p\u00fablico<\/h2>\n<p>[\/et_pb_text][et_pb_divider color=\u00bb#f7f7f7&#8243; divider_weight=\u00bb15px\u00bb _builder_version=\u00bb4.16&#8243; _module_preset=\u00bbdefault\u00bb custom_padding=\u00bb||90px||false|false\u00bb custom_padding_tablet=\u00bb\u00bb custom_padding_phone=\u00bb\u00bb custom_padding_last_edited=\u00bbon|desktop\u00bb global_colors_info=\u00bb{}\u00bb][\/et_pb_divider][\/et_pb_column][et_pb_column type=\u00bb1_3&#8243; _builder_version=\u00bb4.16&#8243; _module_preset=\u00bbdefault\u00bb use_background_color_gradient=\u00bbon\u00bb background_color_gradient_stops=\u00bbrgba(228,46,51,0.73) 58%|rgba(0,0,0,0) 58%\u00bb background_color_gradient_overlays_image=\u00bbon\u00bb background_color_gradient_start=\u00bbrgba(228,46,51,0.73)\u00bb background_color_gradient_start_position=\u00bb58%\u00bb background_color_gradient_end=\u00bbrgba(0,0,0,0)\u00bb background_color_gradient_end_position=\u00bb18%\u00bb background_image=\u00bbhttps:\/\/fidesmv.es\/wp-content\/uploads\/2021\/01\/group-of-lawyers-discussing-contract-together-in-P4N6DFA-1-scaled.jpg\u00bb background_position=\u00bbcenter_right\u00bb link_option_url=\u00bb#interna\u00bb global_colors_info=\u00bb{}\u00bb][et_pb_text _builder_version=\u00bb4.16&#8243; _module_preset=\u00bbdefault\u00bb header_font_size=\u00bb29px\u00bb header_2_text_color=\u00bb#ffffff\u00bb header_2_font_size=\u00bb29px\u00bb custom_margin=\u00bb0px||3px||false|false\u00bb custom_padding=\u00bb50px||0px|50px|false|false\u00bb custom_padding_tablet=\u00bb\u00bb custom_padding_phone=\u00bb20px||0px|50px|false|false\u00bb custom_padding_last_edited=\u00bbon|phone\u00bb global_colors_info=\u00bb{}\u00bb]<\/p>\n<h2>Auditor\u00eda<br \/>interna<\/h2>\n<p>[\/et_pb_text][et_pb_divider color=\u00bb#f7f7f7&#8243; divider_weight=\u00bb15px\u00bb _builder_version=\u00bb4.16&#8243; _module_preset=\u00bbdefault\u00bb custom_padding=\u00bb||90px||false|false\u00bb custom_padding_tablet=\u00bb\u00bb custom_padding_phone=\u00bb\u00bb custom_padding_last_edited=\u00bbon|desktop\u00bb global_colors_info=\u00bb{}\u00bb][\/et_pb_divider][\/et_pb_column][\/et_pb_row][\/et_pb_section][et_pb_section fb_built=\u00bb1&#8243; module_id=\u00bbauditoria\u00bb _builder_version=\u00bb4.16&#8243; _module_preset=\u00bbdefault\u00bb background_color=\u00bb#f7f7f7&#8243; global_colors_info=\u00bb{}\u00bb][et_pb_row _builder_version=\u00bb4.16&#8243; _module_preset=\u00bbdefault\u00bb global_colors_info=\u00bb{}\u00bb][et_pb_column type=\u00bb4_4&#8243; _builder_version=\u00bb4.16&#8243; _module_preset=\u00bbdefault\u00bb global_colors_info=\u00bb{}\u00bb][et_pb_text _builder_version=\u00bb4.16&#8243; _module_preset=\u00bbdefault\u00bb custom_padding=\u00bb|70px||50px|false|false\u00bb custom_padding_tablet=\u00bb\u00bb custom_padding_phone=\u00bb|0px||0px|false|true\u00bb custom_padding_last_edited=\u00bbon|phone\u00bb locked=\u00bboff\u00bb global_colors_info=\u00bb{}\u00bb]<\/p>\n<h2>Auditor\u00eda externa:<\/h2>\n<p>&nbsp;<\/p>\n<ul>\n<li>Auditor\u00eda de cuentas anuales individuales y\/o consolidadas (obligatorias y voluntarias) preparadas bajo los principios establecidos en el Plan General de Contabilidad.<\/li>\n<li>Auditor\u00edas de cuentas anuales individuales y\/o consolidadas preparadas bajo principios IAS\/IFRS y USA GAAPS.<\/li>\n<li>Revisiones limitadas de la contabilidad y preparaci\u00f3n de paquetes de consolidaci\u00f3n.<\/li>\n<li>Auditor\u00edas y\/o revisiones para distintos procesos tales como: ampliaci\u00f3n y reducci\u00f3n de capital, aportaciones no dinerarias, ECOEMBES, cuenta justificativas de SUBVENCIONES de organismos nacionales e internacionales.<\/li>\n<\/ul>\n<p>[\/et_pb_text][\/et_pb_column][\/et_pb_row][\/et_pb_section][et_pb_section fb_built=\u00bb1&#8243; module_id=\u00bbpublico\u00bb _builder_version=\u00bb4.16&#8243; _module_preset=\u00bbdefault\u00bb background_color=\u00bb#f7f7f7&#8243; custom_margin=\u00bb50px||||false|false\u00bb global_colors_info=\u00bb{}\u00bb][et_pb_row _builder_version=\u00bb4.16&#8243; _module_preset=\u00bbdefault\u00bb global_colors_info=\u00bb{}\u00bb][et_pb_column type=\u00bb4_4&#8243; _builder_version=\u00bb4.16&#8243; _module_preset=\u00bbdefault\u00bb global_colors_info=\u00bb{}\u00bb][et_pb_text _builder_version=\u00bb4.16&#8243; _module_preset=\u00bbdefault\u00bb custom_padding=\u00bb|70px||50px|false|false\u00bb custom_padding_tablet=\u00bb\u00bb custom_padding_phone=\u00bb|0px||0px|false|true\u00bb custom_padding_last_edited=\u00bbon|phone\u00bb locked=\u00bboff\u00bb global_colors_info=\u00bb{}\u00bb]<\/p>\n<h2>Auditor\u00eda sector p\u00fablico:<\/h2>\n<p>&nbsp;<\/p>\n<ul>\n<li>Auditor\u00eda Financiera de cuentas de empresas p\u00fablicas.<\/li>\n<li>Auditor\u00eda operativa y de cumplimiento de legalidad.<\/li>\n<\/ul>\n<p>[\/et_pb_text][\/et_pb_column][\/et_pb_row][\/et_pb_section][et_pb_section fb_built=\u00bb1&#8243; module_id=\u00bbinterna\u00bb _builder_version=\u00bb4.16&#8243; _module_preset=\u00bbdefault\u00bb background_color=\u00bb#f7f7f7&#8243; custom_margin=\u00bb50px||40px||false|false\u00bb custom_margin_tablet=\u00bb\u00bb custom_margin_phone=\u00bb\u00bb custom_margin_last_edited=\u00bbon|desktop\u00bb global_colors_info=\u00bb{}\u00bb][et_pb_row _builder_version=\u00bb4.16&#8243; _module_preset=\u00bbdefault\u00bb global_colors_info=\u00bb{}\u00bb][et_pb_column type=\u00bb4_4&#8243; _builder_version=\u00bb4.16&#8243; _module_preset=\u00bbdefault\u00bb global_colors_info=\u00bb{}\u00bb][et_pb_text _builder_version=\u00bb4.16&#8243; _module_preset=\u00bbdefault\u00bb custom_padding=\u00bb|70px||50px|false|false\u00bb custom_padding_tablet=\u00bb\u00bb custom_padding_phone=\u00bb|0px||0px|false|true\u00bb custom_padding_last_edited=\u00bbon|phone\u00bb locked=\u00bboff\u00bb global_colors_info=\u00bb{}\u00bb]<\/p>\n<h2>Auditor\u00eda interna:<\/h2>\n<p>&nbsp;<\/p>\n<ul>\n<li>Revisi\u00f3n, evaluaci\u00f3n e implantaci\u00f3n de sistemas de control interno eficaces.<\/li>\n<li>Auditor\u00eda de gesti\u00f3n.<\/li>\n<li>Auditor\u00eda de control interno.<\/li>\n<li>Implantaci\u00f3n de departamentos de auditor\u00eda interna y apoyo en la elaboraci\u00f3n de manuales de procedimiento.<\/li>\n<li>Dise\u00f1o de comit\u00e9s de auditor\u00eda.<\/li>\n<\/ul>\n<p>[\/et_pb_text][\/et_pb_column][\/et_pb_row][\/et_pb_section][et_pb_section fb_built=\u00bb1&#8243; _builder_version=\u00bb4.7.7&#8243; _module_preset=\u00bbdefault\u00bb background_color=\u00bb#f9f9f9&#8243; custom_padding=\u00bb20px||20px||false|false\u00bb global_module=\u00bb499&#8243; saved_tabs=\u00bball\u00bb locked=\u00bboff\u00bb global_colors_info=\u00bb{}\u00bb][et_pb_row _builder_version=\u00bb4.16&#8243; _module_preset=\u00bbdefault\u00bb global_colors_info=\u00bb{}\u00bb][et_pb_column type=\u00bb4_4&#8243; _builder_version=\u00bb4.16&#8243; _module_preset=\u00bbdefault\u00bb global_colors_info=\u00bb{}\u00bb][et_pb_image src=\u00bbhttps:\/\/fidesmv.es\/wp-content\/uploads\/2021\/01\/Logo-1.png\u00bb title_text=\u00bbLogo\u00bb _builder_version=\u00bb4.16&#8243; _module_preset=\u00bbdefault\u00bb width=\u00bb15%\u00bb width_tablet=\u00bb\u00bb width_phone=\u00bb50%\u00bb width_last_edited=\u00bbon|phone\u00bb module_alignment=\u00bbcenter\u00bb global_colors_info=\u00bb{}\u00bb][\/et_pb_image][et_pb_text _builder_version=\u00bb4.17.6&#8243; _module_preset=\u00bbdefault\u00bb text_orientation=\u00bbcenter\u00bb global_colors_info=\u00bb{}\u00bb]<\/p>\n<p><span style=\"color: #333333;\"><a href=\"mailto:contactanos@fidesmv.es\" style=\"color: #333333;\">contactanos@fidesmv.es<\/a><\/span><\/p>\n<p>[\/et_pb_text][\/et_pb_column][\/et_pb_row][et_pb_row column_structure=\u00bb1_3,1_3,1_3&#8243; use_custom_gutter=\u00bbon\u00bb gutter_width=\u00bb1&#8243; custom_padding_last_edited=\u00bbon|phone\u00bb _builder_version=\u00bb4.16&#8243; _module_preset=\u00bbdefault\u00bb width=\u00bb70%\u00bb custom_padding_tablet=\u00bb\u00bb custom_padding_phone=\u00bb0px||||false|false\u00bb global_colors_info=\u00bb{}\u00bb][et_pb_column type=\u00bb1_3&#8243; _builder_version=\u00bb4.16&#8243; _module_preset=\u00bbdefault\u00bb global_colors_info=\u00bb{}\u00bb][et_pb_text _builder_version=\u00bb4.16&#8243; _module_preset=\u00bbdefault\u00bb text_orientation=\u00bbcenter\u00bb global_colors_info=\u00bb{}\u00bb]<\/p>\n<p><span style=\"color: #ff0000;\"><strong>VALENCIA<\/strong> <span style=\"color: #333333;\"><a href=\"tel:936%20524 611\" style=\"color: #333333;\">963 524 611<\/a><\/span><\/span><\/p>\n<p>[\/et_pb_text][\/et_pb_column][et_pb_column type=\u00bb1_3&#8243; _builder_version=\u00bb4.16&#8243; _module_preset=\u00bbdefault\u00bb global_colors_info=\u00bb{}\u00bb][et_pb_text _builder_version=\u00bb4.16&#8243; _module_preset=\u00bbdefault\u00bb text_orientation=\u00bbcenter\u00bb global_colors_info=\u00bb{}\u00bb]<\/p>\n<p><span style=\"color: #ff0000;\"><span style=\"color: #333333;\"><span color=\"#ff0000\" style=\"color: #ff0000;\"><b>CASTELL\u00d3N\u00a0<\/b><\/span><a href=\"tel:964 291 163\" style=\"color: #333333;\">964 291 163<\/a><\/span><\/span><\/p>\n<p>[\/et_pb_text][\/et_pb_column][et_pb_column type=\u00bb1_3&#8243; _builder_version=\u00bb4.16&#8243; _module_preset=\u00bbdefault\u00bb global_colors_info=\u00bb{}\u00bb][et_pb_text _builder_version=\u00bb4.16&#8243; _module_preset=\u00bbdefault\u00bb text_orientation=\u00bbcenter\u00bb global_colors_info=\u00bb{}\u00bb]<\/p>\n<p><span style=\"color: #ff0000;\"><span style=\"color: #333333;\"><span color=\"#ff0000\" style=\"color: #ff0000;\"><b>ALICANTE\u00a0<\/b><\/span><a href=\"tel:965 210 350\" style=\"color: #333333;\">965 210 350<\/a><\/span><\/span><\/p>\n<p>[\/et_pb_text][\/et_pb_column][\/et_pb_row][\/et_pb_section][et_pb_section fb_built=\u00bb1&#8243; _builder_version=\u00bb4.16&#8243; _module_preset=\u00bbdefault\u00bb background_color=\u00bb#434343&#8243; use_background_color_gradient=\u00bbon\u00bb background_color_gradient_stops=\u00bbrgba(67,67,67,0.84) 0%|rgba(67,67,67,0.84) 100%\u00bb background_color_gradient_overlays_image=\u00bbon\u00bb background_color_gradient_start=\u00bbrgba(67,67,67,0.84)\u00bb background_color_gradient_end=\u00bbrgba(67,67,67,0.84)\u00bb background_image=\u00bbhttps:\/\/fidesmv.es\/wp-content\/uploads\/2021\/01\/Objeto-inteligente-vectorial.jpg\u00bb background_blend=\u00bbmultiply\u00bb custom_padding=\u00bb20px||19px||false|false\u00bb global_module=\u00bb500&#8243; global_colors_info=\u00bb{}\u00bb][et_pb_row column_structure=\u00bb1_6,1_6,1_6,1_6,1_6,1_6&#8243; use_custom_gutter=\u00bbon\u00bb gutter_width=\u00bb1&#8243; _builder_version=\u00bb4.16&#8243; _module_preset=\u00bbdefault\u00bb width=\u00bb100%\u00bb max_width=\u00bb1152px\u00bb global_colors_info=\u00bb{}\u00bb][et_pb_column type=\u00bb1_6&#8243; _builder_version=\u00bb4.16&#8243; _module_preset=\u00bbdefault\u00bb global_colors_info=\u00bb{}\u00bb][et_pb_text _builder_version=\u00bb4.16&#8243; _module_preset=\u00bbdefault\u00bb text_font_size=\u00bb12px\u00bb text_orientation=\u00bbcenter\u00bb global_colors_info=\u00bb{}\u00bb]<a href=\"https:\/\/fidesmv.es\/quienes-somos\/\"><span style=\"color: #ffffff;\">QUI\u00c9NES SOMOS<\/span><\/a>[\/et_pb_text][\/et_pb_column][et_pb_column type=\u00bb1_6&#8243; _builder_version=\u00bb4.16&#8243; _module_preset=\u00bbdefault\u00bb global_colors_info=\u00bb{}\u00bb][et_pb_text _builder_version=\u00bb4.16&#8243; _module_preset=\u00bbdefault\u00bb text_font_size=\u00bb12px\u00bb text_orientation=\u00bbcenter\u00bb global_colors_info=\u00bb{}\u00bb]<\/p>\n<p><a href=\"https:\/\/fidesmv.es\/auditoria\/\"><span style=\"color: #ffffff;\">AUDITOR\u00cdA<\/span><\/a><\/p>\n<p>[\/et_pb_text][\/et_pb_column][et_pb_column type=\u00bb1_6&#8243; _builder_version=\u00bb4.16&#8243; _module_preset=\u00bbdefault\u00bb global_colors_info=\u00bb{}\u00bb][et_pb_text _builder_version=\u00bb4.16&#8243; _module_preset=\u00bbdefault\u00bb text_font_size=\u00bb12px\u00bb text_orientation=\u00bbcenter\u00bb global_colors_info=\u00bb{}\u00bb]<a href=\"https:\/\/fidesmv.es\/asesoria\/\"><span style=\"color: #ffffff;\">ASESOR\u00cdA FISCAL &#8211; CONTABLE<\/span><\/a>[\/et_pb_text][\/et_pb_column][et_pb_column type=\u00bb1_6&#8243; _builder_version=\u00bb4.16&#8243; _module_preset=\u00bbdefault\u00bb global_colors_info=\u00bb{}\u00bb][et_pb_text _builder_version=\u00bb4.16&#8243; _module_preset=\u00bbdefault\u00bb text_font_size=\u00bb12px\u00bb text_orientation=\u00bbcenter\u00bb global_colors_info=\u00bb{}\u00bb]<a href=\"https:\/\/fidesmv.es\/forensic\/\"><span style=\"color: #ffffff;\">FORENSIC<\/span><\/a>[\/et_pb_text][\/et_pb_column][et_pb_column type=\u00bb1_6&#8243; _builder_version=\u00bb4.16&#8243; _module_preset=\u00bbdefault\u00bb global_colors_info=\u00bb{}\u00bb][et_pb_text _builder_version=\u00bb4.16&#8243; _module_preset=\u00bbdefault\u00bb text_font_size=\u00bb12px\u00bb text_orientation=\u00bbcenter\u00bb global_colors_info=\u00bb{}\u00bb]<\/p>\n<p><a href=\"https:\/\/fidesmv.es\/juridico-concursal\/\"><span style=\"color: #ffffff;\">JUR\u00cdDICO &#8211; CONCURSAL<\/span><\/a><\/p>\n<p>[\/et_pb_text][\/et_pb_column][et_pb_column type=\u00bb1_6&#8243; _builder_version=\u00bb4.16&#8243; _module_preset=\u00bbdefault\u00bb global_colors_info=\u00bb{}\u00bb][et_pb_text _builder_version=\u00bb4.16&#8243; _module_preset=\u00bbdefault\u00bb text_font_size=\u00bb12px\u00bb text_orientation=\u00bbcenter\u00bb global_colors_info=\u00bb{}\u00bb]<a href=\"https:\/\/fidesmv.es\/contacto\/\"><span style=\"color: #ffffff;\">CONTACTO<\/span><\/a>[\/et_pb_text][\/et_pb_column][\/et_pb_row][et_pb_row _builder_version=\u00bb4.16&#8243; _module_preset=\u00bbdefault\u00bb custom_padding=\u00bb||3px|||\u00bb global_colors_info=\u00bb{}\u00bb][et_pb_column type=\u00bb4_4&#8243; _builder_version=\u00bb4.16&#8243; _module_preset=\u00bbdefault\u00bb global_colors_info=\u00bb{}\u00bb][et_pb_text _builder_version=\u00bb4.23.1&#8243; _module_preset=\u00bbdefault\u00bb text_text_color=\u00bb#a3a3a3&#8243; text_font_size=\u00bb12px\u00bb link_font=\u00bb||||on||||\u00bb link_text_color=\u00bb#a3a3a3&#8243; text_orientation=\u00bbcenter\u00bb global_colors_info=\u00bb{}\u00bb]Fides 2022. Todos los derechos reservados | <a href=\"https:\/\/fidesmv.es\/aviso-legal\/\" target=\"_blank\" rel=\"noopener noreferrer\">Aviso legal<\/a> | <a href=\"https:\/\/fidesmv.es\/politica-de-privacidad\" target=\"_blank\" rel=\"noopener noreferrer\">Pol\u00edtica de privacidad<\/a> | <a href=\"https:\/\/fidesmv.es\/politica-de-cookies\" target=\"_blank\" rel=\"noopener noreferrer\">Pol\u00edtica de cookies<\/a> | <a href=\"https:\/\/fidesmv.es\/politica-de-calidad\" target=\"_blank\" rel=\"noopener noreferrer\">Pol\u00edtica de calidad<\/a>\u00a0| Dise\u00f1ado por Kuombo | Desarrollado por <a href=\"https:\/\/etldigital.es\/\" target=\"_blank\" rel=\"noopener noreferrer\">ETL Digital <\/a>[\/et_pb_text][\/et_pb_column][\/et_pb_row][\/et_pb_section]<\/p>\n","protected":false},"excerpt":{"rendered":"<p>Servicios auditor\u00eda &nbsp; En FIDES el servicio de auditor\u00eda cumple un doble papel, por un lado, otorgamos fiabilidad a los estados financieros de una empresa y, por tanto, aportamos transparencia a su gesti\u00f3n y al mercado en el que se desenvuelve. Adem\u00e1s, identificamos y anticipamos posibles riesgos y \u00e1reas de mejora para ayudar a la [&hellip;]<\/p>\n","protected":false},"author":1,"featured_media":233,"parent":0,"menu_order":0,"comment_status":"closed","ping_status":"closed","template":"","meta":{"_et_pb_use_builder":"on","_et_pb_old_content":"","_et_gb_content_width":"","footnotes":""},"class_list":["post-136","page","type-page","status-publish","has-post-thumbnail","hentry"],"lang":"es","translations":{"es":136,"en":484,"fr":609,"de":645},"pll_sync_post":[],"_links":{"self":[{"href":"https:\/\/fidesmv.es\/index.php?rest_route=\/wp\/v2\/pages\/136","targetHints":{"allow":["GET"]}}],"collection":[{"href":"https:\/\/fidesmv.es\/index.php?rest_route=\/wp\/v2\/pages"}],"about":[{"href":"https:\/\/fidesmv.es\/index.php?rest_route=\/wp\/v2\/types\/page"}],"author":[{"embeddable":true,"href":"https:\/\/fidesmv.es\/index.php?rest_route=\/wp\/v2\/users\/1"}],"replies":[{"embeddable":true,"href":"https:\/\/fidesmv.es\/index.php?rest_route=%2Fwp%2Fv2%2Fcomments&post=136"}],"version-history":[{"count":30,"href":"https:\/\/fidesmv.es\/index.php?rest_route=\/wp\/v2\/pages\/136\/revisions"}],"predecessor-version":[{"id":1167,"href":"https:\/\/fidesmv.es\/index.php?rest_route=\/wp\/v2\/pages\/136\/revisions\/1167"}],"wp:featuredmedia":[{"embeddable":true,"href":"https:\/\/fidesmv.es\/index.php?rest_route=\/wp\/v2\/media\/233"}],"wp:attachment":[{"href":"https:\/\/fidesmv.es\/index.php?rest_route=%2Fwp%2Fv2%2Fmedia&parent=136"}],"curies":[{"name":"wp","href":"https:\/\/api.w.org\/{rel}","templated":true}]}}